{"id":748345,"date":"2025-08-28T03:28:09","date_gmt":"2025-08-28T00:28:09","guid":{"rendered":"https:\/\/roveyayinevi.com.tr\/index.php\/urun\/milenaya-mektuplar-15\/"},"modified":"2026-04-16T03:01:10","modified_gmt":"2026-04-16T00:01:10","slug":"milenaya-mektuplar-15","status":"publish","type":"product","link":"https:\/\/roveyayinevi.com.tr\/index.php\/urun\/milenaya-mektuplar-15\/","title":{"rendered":"Milena&#8217;ya Mektuplar"},"content":{"rendered":"<p>&#8230;\u0130ki ay \u00f6nce bu mektubu alm\u0131\u015f olsayd\u0131m cevab\u0131m \u00e7ok basit olurdu; Hay\u0131r, hay\u0131r, hay\u0131r. Fakat \u015fimdi hay\u0131r demekle, bu i\u015ften s\u0131yr\u0131lamayaca\u011f\u0131m\u0131 d\u00fc\u015f\u00fcn\u00fcyorum. Ona bir \u015fekilde yard\u0131m edebilece\u011fime inand\u0131\u011f\u0131mdan de\u011fil elbette. Bismarck da bu t\u00fcr mektuplardan kurtulmak i\u00e7in kesin bir dille kar\u015f\u0131l\u0131k verip bir kenara atarken \u015f\u00f6yle dermi\u015f: &#8220;Hayat, beceriksizce haz\u0131rlanm\u0131\u015f bir t\u00f6ren yeme\u011fine benzer, insan sab\u0131rs\u0131zl\u0131kla mezeleri beklerken ana yeme\u011fi olu\u015fturan b\u00fcy\u00fck k\u0131zartma, \u00e7oktan sessizce ge\u00e7ip gitmi\u015ftir bile.&#8221;. Ki\u015fi kendini buna g\u00f6re ayar-lamal\u0131ym\u0131\u015f, (Bu ne al\u0131k\u00e7a bir bilgi\u00e7lik, ne korkun\u00e7 bir ahmakl\u0131k!) ona kendisiyle bulu\u015fmaya haz\u0131r oldu\u011fumu yazaca\u011f\u0131m, bunu ondan \u00e7ok kendim i\u00e7in yapaca\u011f\u0131m. Senden bana ge\u00e7en olumlu bir \u015fey var Milena, san\u0131r\u0131m elimi uzatmadan duramayaca\u011f\u0131m!<\/p>\n","protected":false},"excerpt":{"rendered":"<p>&#8230;\u0130ki ay \u00f6nce bu mektubu alm\u0131\u015f olsayd\u0131m cevab\u0131m \u00e7ok basit olurdu; Hay\u0131r, hay\u0131r, hay\u0131r. Fakat \u015fimdi hay\u0131r demekle, bu i\u015ften s\u0131yr\u0131lamayaca\u011f\u0131m\u0131 d\u00fc\u015f\u00fcn\u00fcyorum. Ona bir \u015fekilde yard\u0131m<span class=\"excerpt-hellip\"> [\u2026]<\/span><\/p>\n","protected":false},"featured_media":0,"template":"","meta":{"_monsterinsights_skip_tracking":false,"_monsterinsights_sitenote_active":false,"_monsterinsights_sitenote_note":"","_monsterinsights_sitenote_category":0},"product_brand":[],"product_cat":[12291,12711],"product_tag":[],"class_list":{"0":"post-748345","1":"product","2":"type-product","3":"status-publish","5":"product_cat-edebiyat","6":"product_cat-roman-oyku","7":"pa_cilt-ciltsiz","8":"pa_tur-kitap","9":"pa_yayinevi-anonim-yayincilik","10":"pa_yazar-franz-kafka","12":"first","13":"instock","14":"sale","15":"shipping-taxable","16":"purchasable","17":"product-type-simple"},"_links":{"self":[{"href":"https:\/\/roveyayinevi.com.tr\/index.php\/wp-json\/wp\/v2\/product\/748345","targetHints":{"allow":["GET"]}}],"collection":[{"href":"https:\/\/roveyayinevi.com.tr\/index.php\/wp-json\/wp\/v2\/product"}],"about":[{"href":"https:\/\/roveyayinevi.com.tr\/index.php\/wp-json\/wp\/v2\/types\/product"}],"wp:attachment":[{"href":"https:\/\/roveyayinevi.com.tr\/index.php\/wp-json\/wp\/v2\/media?parent=748345"}],"wp:term":[{"taxonomy":"product_brand","embeddable":true,"href":"https:\/\/roveyayinevi.com.tr\/index.php\/wp-json\/wp\/v2\/product_brand?post=748345"},{"taxonomy":"product_cat","embeddable":true,"href":"https:\/\/roveyayinevi.com.tr\/index.php\/wp-json\/wp\/v2\/product_cat?post=748345"},{"taxonomy":"product_tag","embeddable":true,"href":"https:\/\/roveyayinevi.com.tr\/index.php\/wp-json\/wp\/v2\/product_tag?post=748345"}],"curies":[{"name":"wp","href":"https:\/\/api.w.org\/{rel}","templated":true}]}}