{"id":748344,"date":"2025-08-28T03:28:08","date_gmt":"2025-08-28T00:28:08","guid":{"rendered":"https:\/\/roveyayinevi.com.tr\/index.php\/urun\/kuyucakli-yusuf-28\/"},"modified":"2026-04-16T03:01:10","modified_gmt":"2026-04-16T00:01:10","slug":"kuyucakli-yusuf-28","status":"publish","type":"product","link":"https:\/\/roveyayinevi.com.tr\/index.php\/urun\/kuyucakli-yusuf-28\/","title":{"rendered":"Kuyucakl\u0131 Yusuf"},"content":{"rendered":"<p>Karanl\u0131k ve dar yollarda, ellerinde cam fenerlerle, kom\u015fudan d\u00f6nen kad\u0131nlara ve birka\u00e7 sarho\u015fa rastlad\u0131. Yava\u015f yava\u015f kasaban\u0131n d\u0131\u015f\u0131na kadar uzanarak B\u00fcy\u00fck\u00e7ay&#8217;\u0131n kenar\u0131na geldi. Uzun bir tahta k\u00f6pr\u00fc dereyi bu noktada a\u015f\u0131yor ve Havran&#8217;a, Kemer&#8217;e gidecek arabalar bunun \u00fcst\u00fcnden ge\u00e7iyordu.K\u00f6pr\u00fcn\u00fcn iki taraf\u0131nda b\u00fcy\u00fck \u00e7\u0131narlar vard\u0131. Hafiflemi\u015f olan ya\u011fmur tekrar h\u0131zland\u0131\u011f\u0131 i\u00e7in Yusuf bu \u00e7\u0131narlardan birinin alt\u0131na s\u0131\u011f\u0131nd\u0131. Tahta k\u00f6pr\u00fc iki tarafta ta\u015f r\u0131ht\u0131mlara dayan\u0131yor ve k\u00f6p\u00fcrerek gelen \u00e7amurlu sular bu r\u0131ht\u0131m\u0131n \u00f6n\u00fcnde g\u00fcr\u00fclt\u00fcl\u00fc bir anafor yap\u0131yordu. Bulutlar\u0131n g\u00f6stermedi\u011fi bir ay ortal\u0131\u011fa pek hafif bir \u0131\u015f\u0131k da\u011f\u0131t\u0131yor ve iri ya\u011fmur damlalar\u0131 derenin yuvarlanan sular\u0131na d\u00fc\u015ferek orada k\u00fc\u00e7\u00fck ve hemen kaybolan halkalar b\u0131rak\u0131yordu.<\/p>\n","protected":false},"excerpt":{"rendered":"<p>Karanl\u0131k ve dar yollarda, ellerinde cam fenerlerle, kom\u015fudan d\u00f6nen kad\u0131nlara ve birka\u00e7 sarho\u015fa rastlad\u0131. Yava\u015f yava\u015f kasaban\u0131n d\u0131\u015f\u0131na kadar uzanarak B\u00fcy\u00fck\u00e7ay&#8217;\u0131n kenar\u0131na geldi. Uzun bir tahta<span class=\"excerpt-hellip\"> [\u2026]<\/span><\/p>\n","protected":false},"featured_media":0,"template":"","meta":{"_monsterinsights_skip_tracking":false,"_monsterinsights_sitenote_active":false,"_monsterinsights_sitenote_note":"","_monsterinsights_sitenote_category":0},"product_brand":[],"product_cat":[12291,12711],"product_tag":[],"class_list":{"0":"post-748344","1":"product","2":"type-product","3":"status-publish","5":"product_cat-edebiyat","6":"product_cat-roman-oyku","7":"pa_cilt-ciltsiz","8":"pa_tur-kitap","9":"pa_yayinevi-anonim-yayincilik","10":"pa_yazar-sabahattin-ali","12":"first","13":"instock","14":"sale","15":"shipping-taxable","16":"purchasable","17":"product-type-simple"},"_links":{"self":[{"href":"https:\/\/roveyayinevi.com.tr\/index.php\/wp-json\/wp\/v2\/product\/748344","targetHints":{"allow":["GET"]}}],"collection":[{"href":"https:\/\/roveyayinevi.com.tr\/index.php\/wp-json\/wp\/v2\/product"}],"about":[{"href":"https:\/\/roveyayinevi.com.tr\/index.php\/wp-json\/wp\/v2\/types\/product"}],"wp:attachment":[{"href":"https:\/\/roveyayinevi.com.tr\/index.php\/wp-json\/wp\/v2\/media?parent=748344"}],"wp:term":[{"taxonomy":"product_brand","embeddable":true,"href":"https:\/\/roveyayinevi.com.tr\/index.php\/wp-json\/wp\/v2\/product_brand?post=748344"},{"taxonomy":"product_cat","embeddable":true,"href":"https:\/\/roveyayinevi.com.tr\/index.php\/wp-json\/wp\/v2\/product_cat?post=748344"},{"taxonomy":"product_tag","embeddable":true,"href":"https:\/\/roveyayinevi.com.tr\/index.php\/wp-json\/wp\/v2\/product_tag?post=748344"}],"curies":[{"name":"wp","href":"https:\/\/api.w.org\/{rel}","templated":true}]}}