{"id":748343,"date":"2025-08-28T03:28:06","date_gmt":"2025-08-28T00:28:06","guid":{"rendered":"https:\/\/roveyayinevi.com.tr\/index.php\/urun\/kurk-mantolu-madonna-28\/"},"modified":"2026-04-16T03:01:10","modified_gmt":"2026-04-16T00:01:10","slug":"kurk-mantolu-madonna-28","status":"publish","type":"product","link":"https:\/\/roveyayinevi.com.tr\/index.php\/urun\/kurk-mantolu-madonna-28\/","title":{"rendered":"K\u00fcrk Mantolu Madonna"},"content":{"rendered":"<p>Her g\u00fcn, daima \u00f6\u011fleden sonra oraya gidiyor, kori-dorlardaki resimlere bak\u0131yormu\u015f gibi a\u011f\u0131r a\u011f\u0131r, fakat b\u00fcy\u00fck bir sab\u0131rs\u0131zl\u0131kla as\u0131l hedefine varmak isteyen ad\u0131mlar\u0131m\u0131 zorla zapt ederek geziniyor; rastgele g\u00f6z\u00fcme \u00e7arpm\u0131\u015f gibi \u00f6n\u00fcnde durdu\u011fum &#8220;K\u00fcrk Mantolu Madonna&#8221;y\u0131 seyre dal\u0131yor, ta kap\u0131lar kapan\u0131ncaya kadar orada bekliyordum. Sergi bek\u00e7ilerinin ve bir\u00e7o\u011fu her g\u00fcn orada bulunan ressamlar\u0131n art\u0131k beni bellemi\u015f bulunduklar\u0131n\u0131 fark etmi\u015ftim. \u0130\u00e7eri girer girmez y\u00fczlerinde bir tebess\u00fcm dola\u015f\u0131yor ve g\u00f6zleri bu acayip resim merakl\u0131s\u0131n\u0131 uzun m\u00fcddet takip ediyordu. Son g\u00fcnlerde di\u011fer tablolar\u0131n \u00f6n\u00fcnde oynamaya \u00e7al\u0131\u015ft\u0131\u011f\u0131m rol\u00fc de b\u0131rakm\u0131\u015ft\u0131m. Do\u011frudan do\u011fruya k\u00fcrk mantolu kad\u0131n\u0131n \u00f6n\u00fcne gidiyor, oradaki s\u0131ralardan birine oturarak g\u00f6zlerimi bir kar\u015f\u0131ma, bir de, bakmaktan yorulduklar\u0131 zaman, \u00f6n\u00fcme \u00e7eviriyordum.<\/p>\n","protected":false},"excerpt":{"rendered":"<p>Her g\u00fcn, daima \u00f6\u011fleden sonra oraya gidiyor, kori-dorlardaki resimlere bak\u0131yormu\u015f gibi a\u011f\u0131r a\u011f\u0131r, fakat b\u00fcy\u00fck bir sab\u0131rs\u0131zl\u0131kla as\u0131l hedefine varmak isteyen ad\u0131mlar\u0131m\u0131 zorla zapt ederek geziniyor;<span class=\"excerpt-hellip\"> [\u2026]<\/span><\/p>\n","protected":false},"featured_media":0,"template":"","meta":{"_monsterinsights_skip_tracking":false,"_monsterinsights_sitenote_active":false,"_monsterinsights_sitenote_note":"","_monsterinsights_sitenote_category":0},"product_brand":[],"product_cat":[12291,12711],"product_tag":[],"class_list":{"0":"post-748343","1":"product","2":"type-product","3":"status-publish","5":"product_cat-edebiyat","6":"product_cat-roman-oyku","7":"pa_cilt-ciltsiz","8":"pa_tur-kitap","9":"pa_yayinevi-anonim-yayincilik","10":"pa_yazar-sabahattin-ali","12":"first","13":"instock","14":"sale","15":"shipping-taxable","16":"purchasable","17":"product-type-simple"},"_links":{"self":[{"href":"https:\/\/roveyayinevi.com.tr\/index.php\/wp-json\/wp\/v2\/product\/748343","targetHints":{"allow":["GET"]}}],"collection":[{"href":"https:\/\/roveyayinevi.com.tr\/index.php\/wp-json\/wp\/v2\/product"}],"about":[{"href":"https:\/\/roveyayinevi.com.tr\/index.php\/wp-json\/wp\/v2\/types\/product"}],"wp:attachment":[{"href":"https:\/\/roveyayinevi.com.tr\/index.php\/wp-json\/wp\/v2\/media?parent=748343"}],"wp:term":[{"taxonomy":"product_brand","embeddable":true,"href":"https:\/\/roveyayinevi.com.tr\/index.php\/wp-json\/wp\/v2\/product_brand?post=748343"},{"taxonomy":"product_cat","embeddable":true,"href":"https:\/\/roveyayinevi.com.tr\/index.php\/wp-json\/wp\/v2\/product_cat?post=748343"},{"taxonomy":"product_tag","embeddable":true,"href":"https:\/\/roveyayinevi.com.tr\/index.php\/wp-json\/wp\/v2\/product_tag?post=748343"}],"curies":[{"name":"wp","href":"https:\/\/api.w.org\/{rel}","templated":true}]}}