{"id":748342,"date":"2025-08-28T03:28:05","date_gmt":"2025-08-28T00:28:05","guid":{"rendered":"https:\/\/roveyayinevi.com.tr\/index.php\/urun\/ben-bir-ciftciyim-meslekler-serisi\/"},"modified":"2026-04-16T03:01:10","modified_gmt":"2026-04-16T00:01:10","slug":"ben-bir-ciftciyim-meslekler-serisi","status":"publish","type":"product","link":"https:\/\/roveyayinevi.com.tr\/index.php\/urun\/ben-bir-ciftciyim-meslekler-serisi\/","title":{"rendered":"Ben Bir \u00c7ift\u00e7iyim &#8211; Meslekler Serisi"},"content":{"rendered":"<p>\u00c7if\u00e7iler bizim i\u00e7in sebze ve meyve yeti\u015ftirirler. \u00c7ocuklar\u0131n\u0131za bu kitap arac\u0131l\u0131\u011f\u0131yla \u00e7ift\u00e7iler hakk\u0131nda daha fazla bilgi verin.<\/p>\n","protected":false},"excerpt":{"rendered":"<p>\u00c7if\u00e7iler bizim i\u00e7in sebze ve meyve yeti\u015ftirirler. \u00c7ocuklar\u0131n\u0131za bu kitap arac\u0131l\u0131\u011f\u0131yla \u00e7ift\u00e7iler hakk\u0131nda daha fazla bilgi verin.<\/p>\n","protected":false},"featured_media":0,"template":"","meta":{"_monsterinsights_skip_tracking":false,"_monsterinsights_sitenote_active":false,"_monsterinsights_sitenote_note":"","_monsterinsights_sitenote_category":0},"product_brand":[],"product_cat":[12274,12631],"product_tag":[],"class_list":{"0":"post-748342","1":"product","2":"type-product","3":"status-publish","5":"product_cat-cocuk-ve-genclik-kitaplari","6":"product_cat-diger-cocuk-ve-genclik-kitaplari","7":"pa_cilt-ciltsiz","8":"pa_tur-kitap","9":"pa_yayinevi-teleskop-populer-bilim","10":"pa_yazar-kolektif","12":"first","13":"instock","14":"sale","15":"shipping-taxable","16":"purchasable","17":"product-type-simple"},"_links":{"self":[{"href":"https:\/\/roveyayinevi.com.tr\/index.php\/wp-json\/wp\/v2\/product\/748342","targetHints":{"allow":["GET"]}}],"collection":[{"href":"https:\/\/roveyayinevi.com.tr\/index.php\/wp-json\/wp\/v2\/product"}],"about":[{"href":"https:\/\/roveyayinevi.com.tr\/index.php\/wp-json\/wp\/v2\/types\/product"}],"wp:attachment":[{"href":"https:\/\/roveyayinevi.com.tr\/index.php\/wp-json\/wp\/v2\/media?parent=748342"}],"wp:term":[{"taxonomy":"product_brand","embeddable":true,"href":"https:\/\/roveyayinevi.com.tr\/index.php\/wp-json\/wp\/v2\/product_brand?post=748342"},{"taxonomy":"product_cat","embeddable":true,"href":"https:\/\/roveyayinevi.com.tr\/index.php\/wp-json\/wp\/v2\/product_cat?post=748342"},{"taxonomy":"product_tag","embeddable":true,"href":"https:\/\/roveyayinevi.com.tr\/index.php\/wp-json\/wp\/v2\/product_tag?post=748342"}],"curies":[{"name":"wp","href":"https:\/\/api.w.org\/{rel}","templated":true}]}}