{"id":748339,"date":"2025-08-28T03:28:01","date_gmt":"2025-08-28T00:28:01","guid":{"rendered":"https:\/\/roveyayinevi.com.tr\/index.php\/urun\/benim-prensesim-noktalari-birlestir-cikartmali\/"},"modified":"2026-04-16T03:01:10","modified_gmt":"2026-04-16T00:01:10","slug":"benim-prensesim-noktalari-birlestir-cikartmali","status":"publish","type":"product","link":"https:\/\/roveyayinevi.com.tr\/index.php\/urun\/benim-prensesim-noktalari-birlestir-cikartmali\/","title":{"rendered":"Benim Prensesim &#8211; Noktalar\u0131 Birle\u015ftir \u00c7\u0131kartmal\u0131"},"content":{"rendered":"<p>Noktalan birle\u015ftir Prenses aktivite kitab\u0131 nokta ve boyama egzersizleri i\u00e7in basit noktalarla doludur. \u00c7ocu\u011funuzun her sayfada \u0131o&#8217;a kadar olan ve renkli noktalan birle\u015ftirip, ard\u0131ndan boyayarak sayfada neyin yanl\u0131\u015f oldu\u011funu anlamas\u0131na izin verin. Bu, k\u00fc\u00e7\u00fck \u00e7ocuklar\u0131n zeka ve problem \u00e7\u00f6zme becerilerinin yan\u0131 s\u0131ra, say\u0131 ve renkleri tan\u0131malar\u0131n\u0131 geli\u015ftirmelerine de yard\u0131mc\u0131 olacakt\u0131r. Aynca, yarat\u0131c\u0131l\u0131\u011f\u0131 te\u015fvik edecek her sayfaya ait \u00e7\u0131kartmalar da bulunmaktad\u0131r. <\/p>\n","protected":false},"excerpt":{"rendered":"<p>Noktalan birle\u015ftir Prenses aktivite kitab\u0131 nokta ve boyama egzersizleri i\u00e7in basit noktalarla doludur. \u00c7ocu\u011funuzun her sayfada \u0131o&#8217;a kadar olan ve renkli noktalan birle\u015ftirip, ard\u0131ndan boyayarak sayfada<span class=\"excerpt-hellip\"> [\u2026]<\/span><\/p>\n","protected":false},"featured_media":0,"template":"","meta":{"_monsterinsights_skip_tracking":false,"_monsterinsights_sitenote_active":false,"_monsterinsights_sitenote_note":"","_monsterinsights_sitenote_category":0},"product_brand":[],"product_cat":[12554,12274],"product_tag":[],"class_list":{"0":"post-748339","1":"product","2":"type-product","3":"status-publish","5":"product_cat-cikartmali-kitaplar","6":"product_cat-cocuk-ve-genclik-kitaplari","7":"pa_cilt-ciltsiz","8":"pa_tur-kitap","9":"pa_yayinevi-parilti-yayinlari","10":"pa_yazar-kolektif","12":"first","13":"instock","14":"sale","15":"shipping-taxable","16":"purchasable","17":"product-type-simple"},"_links":{"self":[{"href":"https:\/\/roveyayinevi.com.tr\/index.php\/wp-json\/wp\/v2\/product\/748339","targetHints":{"allow":["GET"]}}],"collection":[{"href":"https:\/\/roveyayinevi.com.tr\/index.php\/wp-json\/wp\/v2\/product"}],"about":[{"href":"https:\/\/roveyayinevi.com.tr\/index.php\/wp-json\/wp\/v2\/types\/product"}],"wp:attachment":[{"href":"https:\/\/roveyayinevi.com.tr\/index.php\/wp-json\/wp\/v2\/media?parent=748339"}],"wp:term":[{"taxonomy":"product_brand","embeddable":true,"href":"https:\/\/roveyayinevi.com.tr\/index.php\/wp-json\/wp\/v2\/product_brand?post=748339"},{"taxonomy":"product_cat","embeddable":true,"href":"https:\/\/roveyayinevi.com.tr\/index.php\/wp-json\/wp\/v2\/product_cat?post=748339"},{"taxonomy":"product_tag","embeddable":true,"href":"https:\/\/roveyayinevi.com.tr\/index.php\/wp-json\/wp\/v2\/product_tag?post=748339"}],"curies":[{"name":"wp","href":"https:\/\/api.w.org\/{rel}","templated":true}]}}