{"id":748323,"date":"2025-08-28T03:27:41","date_gmt":"2025-08-28T00:27:41","guid":{"rendered":"https:\/\/roveyayinevi.com.tr\/index.php\/urun\/alis-harikalar-diyarinda-cikartmali-peri-masallari\/"},"modified":"2026-04-06T03:13:22","modified_gmt":"2026-04-06T00:13:22","slug":"alis-harikalar-diyarinda-cikartmali-peri-masallari","status":"publish","type":"product","link":"https:\/\/roveyayinevi.com.tr\/index.php\/urun\/alis-harikalar-diyarinda-cikartmali-peri-masallari\/","title":{"rendered":"Alis Harikalar Diyar\u0131nda &#8211; \u00c7\u0131kartmal\u0131 Peri Masallar\u0131"},"content":{"rendered":"<p>Alis Harikalar Diyar\u0131nda\u00c7\u0131kartmal\u0131 Peri Masallar\u0131Par\u0131lt\u0131 Yay\u0131nlar\u0131 Boyama ve \u00c7\u0131kartma Kitaplar\u0131<\/p>\n","protected":false},"excerpt":{"rendered":"<p>Alis Harikalar Diyar\u0131nda\u00c7\u0131kartmal\u0131 Peri Masallar\u0131Par\u0131lt\u0131 Yay\u0131nlar\u0131 Boyama ve \u00c7\u0131kartma Kitaplar\u0131<\/p>\n","protected":false},"featured_media":0,"template":"","meta":{"_monsterinsights_skip_tracking":false,"_monsterinsights_sitenote_active":false,"_monsterinsights_sitenote_note":"","_monsterinsights_sitenote_category":0},"product_brand":[],"product_cat":[12274,12523],"product_tag":[],"class_list":{"0":"post-748323","1":"product","2":"type-product","3":"status-publish","5":"product_cat-cocuk-ve-genclik-kitaplari","6":"product_cat-masallar","7":"pa_cilt-ciltsiz","8":"pa_tur-kitap","9":"pa_yayinevi-parilti-yayinlari","10":"pa_yazar-kolektif","12":"first","13":"instock","14":"sale","15":"shipping-taxable","16":"purchasable","17":"product-type-simple"},"_links":{"self":[{"href":"https:\/\/roveyayinevi.com.tr\/index.php\/wp-json\/wp\/v2\/product\/748323","targetHints":{"allow":["GET"]}}],"collection":[{"href":"https:\/\/roveyayinevi.com.tr\/index.php\/wp-json\/wp\/v2\/product"}],"about":[{"href":"https:\/\/roveyayinevi.com.tr\/index.php\/wp-json\/wp\/v2\/types\/product"}],"wp:attachment":[{"href":"https:\/\/roveyayinevi.com.tr\/index.php\/wp-json\/wp\/v2\/media?parent=748323"}],"wp:term":[{"taxonomy":"product_brand","embeddable":true,"href":"https:\/\/roveyayinevi.com.tr\/index.php\/wp-json\/wp\/v2\/product_brand?post=748323"},{"taxonomy":"product_cat","embeddable":true,"href":"https:\/\/roveyayinevi.com.tr\/index.php\/wp-json\/wp\/v2\/product_cat?post=748323"},{"taxonomy":"product_tag","embeddable":true,"href":"https:\/\/roveyayinevi.com.tr\/index.php\/wp-json\/wp\/v2\/product_tag?post=748323"}],"curies":[{"name":"wp","href":"https:\/\/api.w.org\/{rel}","templated":true}]}}