{"id":748305,"date":"2025-08-28T03:27:18","date_gmt":"2025-08-28T00:27:18","guid":{"rendered":"https:\/\/roveyayinevi.com.tr\/index.php\/urun\/sporun-efsaneleri-dunyaya-yon-verenler\/"},"modified":"2026-04-16T03:01:09","modified_gmt":"2026-04-16T00:01:09","slug":"sporun-efsaneleri-dunyaya-yon-verenler","status":"publish","type":"product","link":"https:\/\/roveyayinevi.com.tr\/index.php\/urun\/sporun-efsaneleri-dunyaya-yon-verenler\/","title":{"rendered":"Sporun Efsaneleri &#8211; D\u00fcnyaya Y\u00f6n Verenler"},"content":{"rendered":"<p>Baz\u0131 sporcular vard\u0131r ki ba\u015far\u0131lar\u0131 \u00fclkelerine gurur ya\u015fatmakla kalmaz, \u00fclkelerinin vizyonunu da de\u011fi\u015ftirir. Baz\u0131 sporcular \u00f6yle sevilir ki ismi, yapt\u0131\u011f\u0131 spor dal\u0131n\u0131n bile \u00f6n\u00fcne ge\u00e7er, milyonlar\u0131 pe\u015finde s\u00fcr\u00fckler. Bu kitapta sporun efsanelerinin ilgin\u00e7 hikayelerini bulacaks\u0131n\u0131z\u2026<\/p>\n","protected":false},"excerpt":{"rendered":"<p>Baz\u0131 sporcular vard\u0131r ki ba\u015far\u0131lar\u0131 \u00fclkelerine gurur ya\u015fatmakla kalmaz, \u00fclkelerinin vizyonunu da de\u011fi\u015ftirir. Baz\u0131 sporcular \u00f6yle sevilir ki ismi, yapt\u0131\u011f\u0131 spor dal\u0131n\u0131n bile \u00f6n\u00fcne ge\u00e7er, milyonlar\u0131<span class=\"excerpt-hellip\"> [\u2026]<\/span><\/p>\n","protected":false},"featured_media":0,"template":"","meta":{"_monsterinsights_skip_tracking":false,"_monsterinsights_sitenote_active":false,"_monsterinsights_sitenote_note":"","_monsterinsights_sitenote_category":0},"product_brand":[],"product_cat":[15563,15564],"product_tag":[],"class_list":{"0":"post-748305","1":"product","2":"type-product","3":"status-publish","5":"product_cat-hobi","6":"product_cat-spor","7":"pa_cilt-ciltsiz","8":"pa_tur-kitap","9":"pa_yayinevi-anonim-yayincilik","10":"pa_yazar-muhammet-cuneyt-ozcan","12":"first","13":"instock","14":"sale","15":"shipping-taxable","16":"purchasable","17":"product-type-simple"},"_links":{"self":[{"href":"https:\/\/roveyayinevi.com.tr\/index.php\/wp-json\/wp\/v2\/product\/748305","targetHints":{"allow":["GET"]}}],"collection":[{"href":"https:\/\/roveyayinevi.com.tr\/index.php\/wp-json\/wp\/v2\/product"}],"about":[{"href":"https:\/\/roveyayinevi.com.tr\/index.php\/wp-json\/wp\/v2\/types\/product"}],"wp:attachment":[{"href":"https:\/\/roveyayinevi.com.tr\/index.php\/wp-json\/wp\/v2\/media?parent=748305"}],"wp:term":[{"taxonomy":"product_brand","embeddable":true,"href":"https:\/\/roveyayinevi.com.tr\/index.php\/wp-json\/wp\/v2\/product_brand?post=748305"},{"taxonomy":"product_cat","embeddable":true,"href":"https:\/\/roveyayinevi.com.tr\/index.php\/wp-json\/wp\/v2\/product_cat?post=748305"},{"taxonomy":"product_tag","embeddable":true,"href":"https:\/\/roveyayinevi.com.tr\/index.php\/wp-json\/wp\/v2\/product_tag?post=748305"}],"curies":[{"name":"wp","href":"https:\/\/api.w.org\/{rel}","templated":true}]}}