{"id":748303,"date":"2025-08-28T03:27:16","date_gmt":"2025-08-28T00:27:16","guid":{"rendered":"https:\/\/roveyayinevi.com.tr\/index.php\/urun\/musluman-bilim-adamlari-dunyaya-yon-verenler\/"},"modified":"2026-04-16T03:01:09","modified_gmt":"2026-04-16T00:01:09","slug":"musluman-bilim-adamlari-dunyaya-yon-verenler","status":"publish","type":"product","link":"https:\/\/roveyayinevi.com.tr\/index.php\/urun\/musluman-bilim-adamlari-dunyaya-yon-verenler\/","title":{"rendered":"M\u00fcsl\u00fcman Bilim Adamlar\u0131 &#8211; D\u00fcnyaya Y\u00f6n Verenler"},"content":{"rendered":"<p>\u0130sl\u00e2miyet\u2019in do\u011fu\u015fundan itibaren on sekizinci y\u00fczy\u0131la gelinceye kadar \u00e7e\u015fitli \u0130sl\u00e2m memleketlerinde yeti\u015fen bilim adamlar\u0131n\u0131n geceli g\u00fcnd\u00fczl\u00fc yapt\u0131klar\u0131 \u00e7al\u0131\u015fmalar, d\u00fcnyay\u0131 her bak\u0131mdan ayd\u0131nlatm\u0131\u015f, bilimsel ke\u015fifleri ve teknik bulu\u015flar\u0131 insanl\u0131\u011f\u0131n hizmetine sunmu\u015flard\u0131. Bu kitapta M\u00fcsl\u00fcman bilim insanlar\u0131n\u0131n hikayelerini bulacaks\u0131n\u0131z\u2026<\/p>\n","protected":false},"excerpt":{"rendered":"<p>\u0130sl\u00e2miyet\u2019in do\u011fu\u015fundan itibaren on sekizinci y\u00fczy\u0131la gelinceye kadar \u00e7e\u015fitli \u0130sl\u00e2m memleketlerinde yeti\u015fen bilim adamlar\u0131n\u0131n geceli g\u00fcnd\u00fczl\u00fc yapt\u0131klar\u0131 \u00e7al\u0131\u015fmalar, d\u00fcnyay\u0131 her bak\u0131mdan ayd\u0131nlatm\u0131\u015f, bilimsel ke\u015fifleri ve teknik<span class=\"excerpt-hellip\"> [\u2026]<\/span><\/p>\n","protected":false},"featured_media":0,"template":"","meta":{"_monsterinsights_skip_tracking":false,"_monsterinsights_sitenote_active":false,"_monsterinsights_sitenote_note":"","_monsterinsights_sitenote_category":0},"product_brand":[],"product_cat":[12370,12304],"product_tag":[],"class_list":{"0":"post-748303","1":"product","2":"type-product","3":"status-publish","5":"product_cat-arastirma-inceleme","6":"product_cat-tarih","7":"pa_cilt-ciltsiz","8":"pa_tur-kitap","9":"pa_yayinevi-anonim-yayincilik","10":"pa_yazar-muhammet-cuneyt-ozcan","12":"first","13":"instock","14":"sale","15":"shipping-taxable","16":"purchasable","17":"product-type-simple"},"_links":{"self":[{"href":"https:\/\/roveyayinevi.com.tr\/index.php\/wp-json\/wp\/v2\/product\/748303","targetHints":{"allow":["GET"]}}],"collection":[{"href":"https:\/\/roveyayinevi.com.tr\/index.php\/wp-json\/wp\/v2\/product"}],"about":[{"href":"https:\/\/roveyayinevi.com.tr\/index.php\/wp-json\/wp\/v2\/types\/product"}],"wp:attachment":[{"href":"https:\/\/roveyayinevi.com.tr\/index.php\/wp-json\/wp\/v2\/media?parent=748303"}],"wp:term":[{"taxonomy":"product_brand","embeddable":true,"href":"https:\/\/roveyayinevi.com.tr\/index.php\/wp-json\/wp\/v2\/product_brand?post=748303"},{"taxonomy":"product_cat","embeddable":true,"href":"https:\/\/roveyayinevi.com.tr\/index.php\/wp-json\/wp\/v2\/product_cat?post=748303"},{"taxonomy":"product_tag","embeddable":true,"href":"https:\/\/roveyayinevi.com.tr\/index.php\/wp-json\/wp\/v2\/product_tag?post=748303"}],"curies":[{"name":"wp","href":"https:\/\/api.w.org\/{rel}","templated":true}]}}