{"id":748302,"date":"2025-08-28T03:27:15","date_gmt":"2025-08-28T00:27:15","guid":{"rendered":"https:\/\/roveyayinevi.com.tr\/index.php\/urun\/dunya-liderleri-dunyaya-yon-verenler\/"},"modified":"2026-04-16T03:01:09","modified_gmt":"2026-04-16T00:01:09","slug":"dunya-liderleri-dunyaya-yon-verenler","status":"publish","type":"product","link":"https:\/\/roveyayinevi.com.tr\/index.php\/urun\/dunya-liderleri-dunyaya-yon-verenler\/","title":{"rendered":"D\u00fcnya Liderleri &#8211; D\u00fcnyaya Y\u00f6n Verenler"},"content":{"rendered":"<p>D\u00fcnya tarihi asl\u0131nda birka\u00e7 liderin eliyle \u015fekillendi. Kimisi \u00f6zg\u00fcrl\u00fck m\u00fccadelesi verdi, milyonlar onlar\u0131n sayesinde rahat bir nefes ald\u0131, kimisi egolar\u0131n\u0131 tatmin edemeyip milyonlar\u0131 sava\u015fa s\u00fcr\u00fckledi. Verdikleri radikal kararlar sonras\u0131 ya\u015fanan olaylar kelebek etkisi yap\u0131p t\u00fcm tarihi de\u011fi\u015ftirdi. Bu olaylar o kadar etkili oldu ki bir\u00e7o\u011fu ya\u015fanmasa veya farkl\u0131 sonu\u00e7lansa bilinen tarih tamam\u0131yla de\u011fi\u015fecekti\u2026<\/p>\n","protected":false},"excerpt":{"rendered":"<p>D\u00fcnya tarihi asl\u0131nda birka\u00e7 liderin eliyle \u015fekillendi. Kimisi \u00f6zg\u00fcrl\u00fck m\u00fccadelesi verdi, milyonlar onlar\u0131n sayesinde rahat bir nefes ald\u0131, kimisi egolar\u0131n\u0131 tatmin edemeyip milyonlar\u0131 sava\u015fa s\u00fcr\u00fckledi. Verdikleri<span class=\"excerpt-hellip\"> [\u2026]<\/span><\/p>\n","protected":false},"featured_media":0,"template":"","meta":{"_monsterinsights_skip_tracking":false,"_monsterinsights_sitenote_active":false,"_monsterinsights_sitenote_note":"","_monsterinsights_sitenote_category":0},"product_brand":[],"product_cat":[12370,12304],"product_tag":[],"class_list":{"0":"post-748302","1":"product","2":"type-product","3":"status-publish","5":"product_cat-arastirma-inceleme","6":"product_cat-tarih","7":"pa_cilt-ciltsiz","8":"pa_tur-kitap","9":"pa_yayinevi-anonim-yayincilik","10":"pa_yazar-muhammet-cuneyt-ozcan","12":"first","13":"instock","14":"sale","15":"shipping-taxable","16":"purchasable","17":"product-type-simple"},"_links":{"self":[{"href":"https:\/\/roveyayinevi.com.tr\/index.php\/wp-json\/wp\/v2\/product\/748302","targetHints":{"allow":["GET"]}}],"collection":[{"href":"https:\/\/roveyayinevi.com.tr\/index.php\/wp-json\/wp\/v2\/product"}],"about":[{"href":"https:\/\/roveyayinevi.com.tr\/index.php\/wp-json\/wp\/v2\/types\/product"}],"wp:attachment":[{"href":"https:\/\/roveyayinevi.com.tr\/index.php\/wp-json\/wp\/v2\/media?parent=748302"}],"wp:term":[{"taxonomy":"product_brand","embeddable":true,"href":"https:\/\/roveyayinevi.com.tr\/index.php\/wp-json\/wp\/v2\/product_brand?post=748302"},{"taxonomy":"product_cat","embeddable":true,"href":"https:\/\/roveyayinevi.com.tr\/index.php\/wp-json\/wp\/v2\/product_cat?post=748302"},{"taxonomy":"product_tag","embeddable":true,"href":"https:\/\/roveyayinevi.com.tr\/index.php\/wp-json\/wp\/v2\/product_tag?post=748302"}],"curies":[{"name":"wp","href":"https:\/\/api.w.org\/{rel}","templated":true}]}}