{"id":748299,"date":"2025-08-28T03:27:11","date_gmt":"2025-08-28T00:27:11","guid":{"rendered":"https:\/\/roveyayinevi.com.tr\/index.php\/urun\/guzel-atlar-benim-eglenceli-cikartma-kitabim\/"},"modified":"2026-04-16T03:01:09","modified_gmt":"2026-04-16T00:01:09","slug":"guzel-atlar-benim-eglenceli-cikartma-kitabim","status":"publish","type":"product","link":"https:\/\/roveyayinevi.com.tr\/index.php\/urun\/guzel-atlar-benim-eglenceli-cikartma-kitabim\/","title":{"rendered":"G\u00fczel Atlar &#8211; Benim e\u011flenceli \u00c7\u0131kartma Kitab\u0131m"},"content":{"rendered":"<p>Bu m\u00fckemmel foto\u011fraf etkinli\u011fi kitab\u0131, her \u00e7ocu\u011fun sevimli t\u00fcyl\u00fc hayvanlara olan ilgisini artt\u0131racakt\u0131r. Canl\u0131 g\u00f6r\u00fcnt\u00fcler gen\u00e7 okuyucular\u0131n ilgisini \u00e7ekecek; bildikleri ger\u00e7ek k\u00f6pekleri g\u00f6receklerdir. K\u00fc\u00e7\u00fck \u00e7ocuklar hayvanlara bay\u0131l\u0131rlar. Maceraperest arkada\u015flar\u0131n\u0131n foto\u011fraflar\u0131, \u00e7\u0131kartmalar\u0131 ve oyunlar\u0131yla e\u011flenceli aktivite kitaplar\u0131ndan hem verim alacaklar hem de kaliteli zaman ge\u00e7irecekler. T\u00fcm \u00e7\u0131kartmalar tekrar kullan\u0131labilir, b\u00f6ylelikle \u00e7ocuklar \u00f6\u011frenme s\u00fcrecini ve e\u011flenceyi tekrarlayabilirler. Bu heyecan verici \u00e7\u0131kartma kitab\u0131 ile \u00e7ocu\u011funuzun \u00f6\u011frenmesine m\u00fckemmel bir ba\u015flang\u0131\u00e7 yap\u0131n.<\/p>\n","protected":false},"excerpt":{"rendered":"<p>Bu m\u00fckemmel foto\u011fraf etkinli\u011fi kitab\u0131, her \u00e7ocu\u011fun sevimli t\u00fcyl\u00fc hayvanlara olan ilgisini artt\u0131racakt\u0131r. Canl\u0131 g\u00f6r\u00fcnt\u00fcler gen\u00e7 okuyucular\u0131n ilgisini \u00e7ekecek; bildikleri ger\u00e7ek k\u00f6pekleri g\u00f6receklerdir. K\u00fc\u00e7\u00fck \u00e7ocuklar hayvanlara<span class=\"excerpt-hellip\"> [\u2026]<\/span><\/p>\n","protected":false},"featured_media":0,"template":"","meta":{"_monsterinsights_skip_tracking":false,"_monsterinsights_sitenote_active":false,"_monsterinsights_sitenote_note":"","_monsterinsights_sitenote_category":0},"product_brand":[],"product_cat":[12554,12274],"product_tag":[],"class_list":{"0":"post-748299","1":"product","2":"type-product","3":"status-publish","5":"product_cat-cikartmali-kitaplar","6":"product_cat-cocuk-ve-genclik-kitaplari","7":"pa_cilt-ciltsiz","8":"pa_tur-kitap","9":"pa_yayinevi-parilti-yayinlari","10":"pa_yazar-kolektif","12":"first","13":"instock","14":"sale","15":"shipping-taxable","16":"purchasable","17":"product-type-simple"},"_links":{"self":[{"href":"https:\/\/roveyayinevi.com.tr\/index.php\/wp-json\/wp\/v2\/product\/748299","targetHints":{"allow":["GET"]}}],"collection":[{"href":"https:\/\/roveyayinevi.com.tr\/index.php\/wp-json\/wp\/v2\/product"}],"about":[{"href":"https:\/\/roveyayinevi.com.tr\/index.php\/wp-json\/wp\/v2\/types\/product"}],"wp:attachment":[{"href":"https:\/\/roveyayinevi.com.tr\/index.php\/wp-json\/wp\/v2\/media?parent=748299"}],"wp:term":[{"taxonomy":"product_brand","embeddable":true,"href":"https:\/\/roveyayinevi.com.tr\/index.php\/wp-json\/wp\/v2\/product_brand?post=748299"},{"taxonomy":"product_cat","embeddable":true,"href":"https:\/\/roveyayinevi.com.tr\/index.php\/wp-json\/wp\/v2\/product_cat?post=748299"},{"taxonomy":"product_tag","embeddable":true,"href":"https:\/\/roveyayinevi.com.tr\/index.php\/wp-json\/wp\/v2\/product_tag?post=748299"}],"curies":[{"name":"wp","href":"https:\/\/api.w.org\/{rel}","templated":true}]}}