{"id":748294,"date":"2025-08-28T03:27:05","date_gmt":"2025-08-28T00:27:05","guid":{"rendered":"https:\/\/roveyayinevi.com.tr\/index.php\/urun\/cizme-becerikli-cocuklar\/"},"modified":"2026-04-16T03:01:08","modified_gmt":"2026-04-16T00:01:08","slug":"cizme-becerikli-cocuklar","status":"publish","type":"product","link":"https:\/\/roveyayinevi.com.tr\/index.php\/urun\/cizme-becerikli-cocuklar\/","title":{"rendered":"\u00c7izme &#8211; Becerikli \u00c7ocuklar"},"content":{"rendered":"<p>Bu kitap, \u00e7ocuklar\u0131n\u0131zla payla\u015fabilece\u011finiz, okul \u00f6ncesi ve anaokulu \u00f6\u011frenimine haz\u0131rlanmak i\u00e7in yard\u0131mc\u0131, e\u011flenceli bir kitapt\u0131r.\u00c7ocu\u011funuz i\u00e7in e\u011flenceli bir \u00f6\u011frenme deneyimi sa\u011flayacakt\u0131r.<\/p>\n","protected":false},"excerpt":{"rendered":"<p>Bu kitap, \u00e7ocuklar\u0131n\u0131zla payla\u015fabilece\u011finiz, okul \u00f6ncesi ve anaokulu \u00f6\u011frenimine haz\u0131rlanmak i\u00e7in yard\u0131mc\u0131, e\u011flenceli bir kitapt\u0131r.\u00c7ocu\u011funuz i\u00e7in e\u011flenceli bir \u00f6\u011frenme deneyimi sa\u011flayacakt\u0131r.<\/p>\n","protected":false},"featured_media":0,"template":"","meta":{"_monsterinsights_skip_tracking":false,"_monsterinsights_sitenote_active":false,"_monsterinsights_sitenote_note":"","_monsterinsights_sitenote_category":0},"product_brand":[],"product_cat":[12274,12518],"product_tag":[],"class_list":{"0":"post-748294","1":"product","2":"type-product","3":"status-publish","5":"product_cat-cocuk-ve-genclik-kitaplari","6":"product_cat-okul-oncesi-kitaplar","7":"pa_cilt-ciltsiz","8":"pa_tur-kitap","9":"pa_yayinevi-teleskop-populer-bilim","10":"pa_yazar-kolektif","12":"first","13":"instock","14":"sale","15":"shipping-taxable","16":"purchasable","17":"product-type-simple"},"_links":{"self":[{"href":"https:\/\/roveyayinevi.com.tr\/index.php\/wp-json\/wp\/v2\/product\/748294","targetHints":{"allow":["GET"]}}],"collection":[{"href":"https:\/\/roveyayinevi.com.tr\/index.php\/wp-json\/wp\/v2\/product"}],"about":[{"href":"https:\/\/roveyayinevi.com.tr\/index.php\/wp-json\/wp\/v2\/types\/product"}],"wp:attachment":[{"href":"https:\/\/roveyayinevi.com.tr\/index.php\/wp-json\/wp\/v2\/media?parent=748294"}],"wp:term":[{"taxonomy":"product_brand","embeddable":true,"href":"https:\/\/roveyayinevi.com.tr\/index.php\/wp-json\/wp\/v2\/product_brand?post=748294"},{"taxonomy":"product_cat","embeddable":true,"href":"https:\/\/roveyayinevi.com.tr\/index.php\/wp-json\/wp\/v2\/product_cat?post=748294"},{"taxonomy":"product_tag","embeddable":true,"href":"https:\/\/roveyayinevi.com.tr\/index.php\/wp-json\/wp\/v2\/product_tag?post=748294"}],"curies":[{"name":"wp","href":"https:\/\/api.w.org\/{rel}","templated":true}]}}