{"id":748274,"date":"2025-08-28T03:26:37","date_gmt":"2025-08-28T00:26:37","guid":{"rendered":"https:\/\/roveyayinevi.com.tr\/index.php\/urun\/renkler-ve-sekiller-kolay-ogreniyorum\/"},"modified":"2026-04-16T03:01:08","modified_gmt":"2026-04-16T00:01:08","slug":"renkler-ve-sekiller-kolay-ogreniyorum","status":"publish","type":"product","link":"https:\/\/roveyayinevi.com.tr\/index.php\/urun\/renkler-ve-sekiller-kolay-ogreniyorum\/","title":{"rendered":"Renkler ve \u015eekiller &#8211; Kolay \u00d6\u011freniyorum"},"content":{"rendered":"<p>\u00d6\u011frenelim ve e\u011flenelim! Bu kitaptaki egzersizleri yap\u0131n ve ilk diploman\u0131z\u0131 kazan\u0131n. \u00dczerine ad\u0131n\u0131z\u0131 yaz\u0131n. Diploman\u0131z\u0131 odan\u0131za koyabilirsiniz, arkada\u015flar\u0131n\u0131za ve ailenize g\u00f6sterebilirsiniz.<\/p>\n","protected":false},"excerpt":{"rendered":"<p>\u00d6\u011frenelim ve e\u011flenelim! Bu kitaptaki egzersizleri yap\u0131n ve ilk diploman\u0131z\u0131 kazan\u0131n. \u00dczerine ad\u0131n\u0131z\u0131 yaz\u0131n. Diploman\u0131z\u0131 odan\u0131za koyabilirsiniz, arkada\u015flar\u0131n\u0131za ve ailenize g\u00f6sterebilirsiniz.<\/p>\n","protected":false},"featured_media":0,"template":"","meta":{"_monsterinsights_skip_tracking":false,"_monsterinsights_sitenote_active":false,"_monsterinsights_sitenote_note":"","_monsterinsights_sitenote_category":0},"product_brand":[],"product_cat":[12274,12518],"product_tag":[],"class_list":{"0":"post-748274","1":"product","2":"type-product","3":"status-publish","5":"product_cat-cocuk-ve-genclik-kitaplari","6":"product_cat-okul-oncesi-kitaplar","7":"pa_cilt-ciltsiz","8":"pa_tur-kitap","9":"pa_yayinevi-parilti-yayinlari","10":"pa_yazar-kolektif","12":"first","13":"instock","14":"sale","15":"shipping-taxable","16":"purchasable","17":"product-type-simple"},"_links":{"self":[{"href":"https:\/\/roveyayinevi.com.tr\/index.php\/wp-json\/wp\/v2\/product\/748274","targetHints":{"allow":["GET"]}}],"collection":[{"href":"https:\/\/roveyayinevi.com.tr\/index.php\/wp-json\/wp\/v2\/product"}],"about":[{"href":"https:\/\/roveyayinevi.com.tr\/index.php\/wp-json\/wp\/v2\/types\/product"}],"wp:attachment":[{"href":"https:\/\/roveyayinevi.com.tr\/index.php\/wp-json\/wp\/v2\/media?parent=748274"}],"wp:term":[{"taxonomy":"product_brand","embeddable":true,"href":"https:\/\/roveyayinevi.com.tr\/index.php\/wp-json\/wp\/v2\/product_brand?post=748274"},{"taxonomy":"product_cat","embeddable":true,"href":"https:\/\/roveyayinevi.com.tr\/index.php\/wp-json\/wp\/v2\/product_cat?post=748274"},{"taxonomy":"product_tag","embeddable":true,"href":"https:\/\/roveyayinevi.com.tr\/index.php\/wp-json\/wp\/v2\/product_tag?post=748274"}],"curies":[{"name":"wp","href":"https:\/\/api.w.org\/{rel}","templated":true}]}}