{"id":748239,"date":"2025-08-28T03:25:47","date_gmt":"2025-08-28T00:25:47","guid":{"rendered":"https:\/\/roveyayinevi.com.tr\/index.php\/urun\/1-2-3-hazir-okyanus\/"},"modified":"2026-04-16T03:01:07","modified_gmt":"2026-04-16T00:01:07","slug":"1-2-3-hazir-okyanus","status":"publish","type":"product","link":"https:\/\/roveyayinevi.com.tr\/index.php\/urun\/1-2-3-hazir-okyanus\/","title":{"rendered":"1-2-3 Haz\u0131r Okyanus"},"content":{"rendered":"<p>Bu sevimli aktivite kitab\u0131 ile okyanus alt\u0131ndaki d\u00fcnyay\u0131 ke\u015ffet! Her sayfada 3 ad\u0131mda tamamlanacak k\u00fc\u00e7\u00fck b\u00eer ba\u015fyap\u0131t bulunuyor. Aktivitelerle dolu bu kitap, k\u00fc\u00e7\u00fck \u00e7ocuklar\u0131n geli\u015fimine yard\u0131mc\u0131 oluyor. \u00c7e\u015fit \u00e7e\u015fit e\u011fitimsel oyunlarla \u00e7ocuklar say\u0131 say\u0131yor, el becerilerini geli\u015ftiriyor, \u015fekilleri ve renkleri \u00f6\u011freniyor.<\/p>\n","protected":false},"excerpt":{"rendered":"<p>Bu sevimli aktivite kitab\u0131 ile okyanus alt\u0131ndaki d\u00fcnyay\u0131 ke\u015ffet! Her sayfada 3 ad\u0131mda tamamlanacak k\u00fc\u00e7\u00fck b\u00eer ba\u015fyap\u0131t bulunuyor. Aktivitelerle dolu bu kitap, k\u00fc\u00e7\u00fck \u00e7ocuklar\u0131n geli\u015fimine yard\u0131mc\u0131<span class=\"excerpt-hellip\"> [\u2026]<\/span><\/p>\n","protected":false},"featured_media":0,"template":"","meta":{"_monsterinsights_skip_tracking":false,"_monsterinsights_sitenote_active":false,"_monsterinsights_sitenote_note":"","_monsterinsights_sitenote_category":0},"product_brand":[],"product_cat":[12274,15842],"product_tag":[],"class_list":{"0":"post-748239","1":"product","2":"type-product","3":"status-publish","5":"product_cat-cocuk-ve-genclik-kitaplari","6":"product_cat-egitici-kitaplar","7":"pa_cilt-ciltsiz","8":"pa_tur-kitap","9":"pa_yayinevi-parilti-yayinlari","10":"pa_yazar-kolektif","12":"first","13":"instock","14":"sale","15":"shipping-taxable","16":"purchasable","17":"product-type-simple"},"_links":{"self":[{"href":"https:\/\/roveyayinevi.com.tr\/index.php\/wp-json\/wp\/v2\/product\/748239","targetHints":{"allow":["GET"]}}],"collection":[{"href":"https:\/\/roveyayinevi.com.tr\/index.php\/wp-json\/wp\/v2\/product"}],"about":[{"href":"https:\/\/roveyayinevi.com.tr\/index.php\/wp-json\/wp\/v2\/types\/product"}],"wp:attachment":[{"href":"https:\/\/roveyayinevi.com.tr\/index.php\/wp-json\/wp\/v2\/media?parent=748239"}],"wp:term":[{"taxonomy":"product_brand","embeddable":true,"href":"https:\/\/roveyayinevi.com.tr\/index.php\/wp-json\/wp\/v2\/product_brand?post=748239"},{"taxonomy":"product_cat","embeddable":true,"href":"https:\/\/roveyayinevi.com.tr\/index.php\/wp-json\/wp\/v2\/product_cat?post=748239"},{"taxonomy":"product_tag","embeddable":true,"href":"https:\/\/roveyayinevi.com.tr\/index.php\/wp-json\/wp\/v2\/product_tag?post=748239"}],"curies":[{"name":"wp","href":"https:\/\/api.w.org\/{rel}","templated":true}]}}