{"id":748226,"date":"2025-08-28T03:25:21","date_gmt":"2025-08-28T00:25:21","guid":{"rendered":"https:\/\/roveyayinevi.com.tr\/index.php\/urun\/ciceklerden-ogrendiklerim-dogadan-ogreniyorum\/"},"modified":"2026-04-16T03:01:07","modified_gmt":"2026-04-16T00:01:07","slug":"ciceklerden-ogrendiklerim-dogadan-ogreniyorum","status":"publish","type":"product","link":"https:\/\/roveyayinevi.com.tr\/index.php\/urun\/ciceklerden-ogrendiklerim-dogadan-ogreniyorum\/","title":{"rendered":"\u00c7i\u00e7eklerden \u00d6\u011frendiklerim &#8211; Do\u011fadan \u00d6\u011freniyorum"},"content":{"rendered":"<p>\u00c7i\u00e7eklerden \u00d6\u011frendiklerim &#8211; Do\u011fadan \u00d6\u011freniyorum<\/p>\n","protected":false},"excerpt":{"rendered":"<p>\u00c7i\u00e7eklerden \u00d6\u011frendiklerim &#8211; Do\u011fadan \u00d6\u011freniyorum<\/p>\n","protected":false},"featured_media":0,"template":"","meta":{"_monsterinsights_skip_tracking":false,"_monsterinsights_sitenote_active":false,"_monsterinsights_sitenote_note":"","_monsterinsights_sitenote_category":0},"product_brand":[],"product_cat":[12274,12284],"product_tag":[],"class_list":{"0":"post-748226","1":"product","2":"type-product","3":"status-publish","5":"product_cat-cocuk-ve-genclik-kitaplari","6":"product_cat-hikayeler","7":"pa_cilt-ciltsiz","8":"pa_tur-kitap","9":"pa_yayinevi-parilti-yayinlari","10":"pa_yazar-quixot-publishing","12":"first","13":"instock","14":"sale","15":"shipping-taxable","16":"purchasable","17":"product-type-simple"},"_links":{"self":[{"href":"https:\/\/roveyayinevi.com.tr\/index.php\/wp-json\/wp\/v2\/product\/748226","targetHints":{"allow":["GET"]}}],"collection":[{"href":"https:\/\/roveyayinevi.com.tr\/index.php\/wp-json\/wp\/v2\/product"}],"about":[{"href":"https:\/\/roveyayinevi.com.tr\/index.php\/wp-json\/wp\/v2\/types\/product"}],"wp:attachment":[{"href":"https:\/\/roveyayinevi.com.tr\/index.php\/wp-json\/wp\/v2\/media?parent=748226"}],"wp:term":[{"taxonomy":"product_brand","embeddable":true,"href":"https:\/\/roveyayinevi.com.tr\/index.php\/wp-json\/wp\/v2\/product_brand?post=748226"},{"taxonomy":"product_cat","embeddable":true,"href":"https:\/\/roveyayinevi.com.tr\/index.php\/wp-json\/wp\/v2\/product_cat?post=748226"},{"taxonomy":"product_tag","embeddable":true,"href":"https:\/\/roveyayinevi.com.tr\/index.php\/wp-json\/wp\/v2\/product_tag?post=748226"}],"curies":[{"name":"wp","href":"https:\/\/api.w.org\/{rel}","templated":true}]}}