{"id":748218,"date":"2025-08-28T03:25:09","date_gmt":"2025-08-28T00:25:09","guid":{"rendered":"https:\/\/roveyayinevi.com.tr\/index.php\/urun\/koleksiyon-kitaplar-yerli-mali-yurdun-mali\/"},"modified":"2026-04-16T03:01:06","modified_gmt":"2026-04-16T00:01:06","slug":"koleksiyon-kitaplar-yerli-mali-yurdun-mali","status":"publish","type":"product","link":"https:\/\/roveyayinevi.com.tr\/index.php\/urun\/koleksiyon-kitaplar-yerli-mali-yurdun-mali\/","title":{"rendered":"Koleksiyon Kitaplar &#8211; Yerli Mal\u0131 Yurdun Mal\u0131"},"content":{"rendered":"<p>Bu kitapla bilgi koleksiyonunuza neler ekleyeceksiniz?Uzay seras\u0131nda yeti\u015febilen sebzeyi\u2026Yiyenin bir kere, yemeyenin bin kere pi\u015fman oldu\u011fu yiyece\u011fi\u2026Yery\u00fcz\u00fcndeki 1.200 canl\u0131 t\u00fcr\u00fcn\u00fc besleyen meyveyi\u2026Ve \u00e7ok daha fazlas\u0131n\u0131\u2026<\/p>\n","protected":false},"excerpt":{"rendered":"<p>Bu kitapla bilgi koleksiyonunuza neler ekleyeceksiniz?Uzay seras\u0131nda yeti\u015febilen sebzeyi\u2026Yiyenin bir kere, yemeyenin bin kere pi\u015fman oldu\u011fu yiyece\u011fi\u2026Yery\u00fcz\u00fcndeki 1.200 canl\u0131 t\u00fcr\u00fcn\u00fc besleyen meyveyi\u2026Ve \u00e7ok daha fazlas\u0131n\u0131\u2026<\/p>\n","protected":false},"featured_media":0,"template":"","meta":{"_monsterinsights_skip_tracking":false,"_monsterinsights_sitenote_active":false,"_monsterinsights_sitenote_note":"","_monsterinsights_sitenote_category":0},"product_brand":[],"product_cat":[12274,15842],"product_tag":[],"class_list":{"0":"post-748218","1":"product","2":"type-product","3":"status-publish","5":"product_cat-cocuk-ve-genclik-kitaplari","6":"product_cat-egitici-kitaplar","7":"pa_cilt-ciltsiz","8":"pa_tur-kitap","9":"pa_yayinevi-teleskop-populer-bilim","10":"pa_yazar-fatih-okta","12":"first","13":"instock","14":"sale","15":"shipping-taxable","16":"purchasable","17":"product-type-simple"},"_links":{"self":[{"href":"https:\/\/roveyayinevi.com.tr\/index.php\/wp-json\/wp\/v2\/product\/748218","targetHints":{"allow":["GET"]}}],"collection":[{"href":"https:\/\/roveyayinevi.com.tr\/index.php\/wp-json\/wp\/v2\/product"}],"about":[{"href":"https:\/\/roveyayinevi.com.tr\/index.php\/wp-json\/wp\/v2\/types\/product"}],"wp:attachment":[{"href":"https:\/\/roveyayinevi.com.tr\/index.php\/wp-json\/wp\/v2\/media?parent=748218"}],"wp:term":[{"taxonomy":"product_brand","embeddable":true,"href":"https:\/\/roveyayinevi.com.tr\/index.php\/wp-json\/wp\/v2\/product_brand?post=748218"},{"taxonomy":"product_cat","embeddable":true,"href":"https:\/\/roveyayinevi.com.tr\/index.php\/wp-json\/wp\/v2\/product_cat?post=748218"},{"taxonomy":"product_tag","embeddable":true,"href":"https:\/\/roveyayinevi.com.tr\/index.php\/wp-json\/wp\/v2\/product_tag?post=748218"}],"curies":[{"name":"wp","href":"https:\/\/api.w.org\/{rel}","templated":true}]}}