{"id":748213,"date":"2025-08-28T03:25:02","date_gmt":"2025-08-28T00:25:02","guid":{"rendered":"https:\/\/roveyayinevi.com.tr\/index.php\/urun\/koleksiyon-kitaplar-icat-cikarma\/"},"modified":"2026-04-16T03:01:06","modified_gmt":"2026-04-16T00:01:06","slug":"koleksiyon-kitaplar-icat-cikarma","status":"publish","type":"product","link":"https:\/\/roveyayinevi.com.tr\/index.php\/urun\/koleksiyon-kitaplar-icat-cikarma\/","title":{"rendered":"Koleksiyon Kitaplar &#8211; \u0130cat \u00c7\u0131karma!"},"content":{"rendered":"<p>Bu kitapla bilgi koleksiyonunuza neler ekleyeceksiniz?K\u0131z\u0131n\u0131n cebine koydu\u011fu \u015fekerleri yemeyen bir baban\u0131n m\u00fcthi\u015f icad\u0131n\u0131\u2026Hen\u00fcz u\u00e7aklar yokken icat edilen para\u015f\u00fct\u00fcn hangi ama\u00e7la kullan\u0131ld\u0131\u011f\u0131n\u0131\u2026Telefonu neden \u201cALO\u201d diyerek a\u00e7t\u0131\u011f\u0131m\u0131z\u0131\u2026Ve \u00e7ok daha fazlas\u0131n\u0131\u2026<\/p>\n","protected":false},"excerpt":{"rendered":"<p>Bu kitapla bilgi koleksiyonunuza neler ekleyeceksiniz?K\u0131z\u0131n\u0131n cebine koydu\u011fu \u015fekerleri yemeyen bir baban\u0131n m\u00fcthi\u015f icad\u0131n\u0131\u2026Hen\u00fcz u\u00e7aklar yokken icat edilen para\u015f\u00fct\u00fcn hangi ama\u00e7la kullan\u0131ld\u0131\u011f\u0131n\u0131\u2026Telefonu neden \u201cALO\u201d diyerek a\u00e7t\u0131\u011f\u0131m\u0131z\u0131\u2026Ve<span class=\"excerpt-hellip\"> [\u2026]<\/span><\/p>\n","protected":false},"featured_media":0,"template":"","meta":{"_monsterinsights_skip_tracking":false,"_monsterinsights_sitenote_active":false,"_monsterinsights_sitenote_note":"","_monsterinsights_sitenote_category":0},"product_brand":[],"product_cat":[12689,12274],"product_tag":[],"class_list":{"0":"post-748213","1":"product","2":"type-product","3":"status-publish","5":"product_cat-cizgi-roman-cocuk-ve-genclik-kitaplari","6":"product_cat-cocuk-ve-genclik-kitaplari","7":"pa_cilt-ciltsiz","8":"pa_tur-kitap","9":"pa_yayinevi-teleskop-populer-bilim","10":"pa_yazar-fatih-okta","12":"first","13":"instock","14":"sale","15":"shipping-taxable","16":"purchasable","17":"product-type-simple"},"_links":{"self":[{"href":"https:\/\/roveyayinevi.com.tr\/index.php\/wp-json\/wp\/v2\/product\/748213","targetHints":{"allow":["GET"]}}],"collection":[{"href":"https:\/\/roveyayinevi.com.tr\/index.php\/wp-json\/wp\/v2\/product"}],"about":[{"href":"https:\/\/roveyayinevi.com.tr\/index.php\/wp-json\/wp\/v2\/types\/product"}],"wp:attachment":[{"href":"https:\/\/roveyayinevi.com.tr\/index.php\/wp-json\/wp\/v2\/media?parent=748213"}],"wp:term":[{"taxonomy":"product_brand","embeddable":true,"href":"https:\/\/roveyayinevi.com.tr\/index.php\/wp-json\/wp\/v2\/product_brand?post=748213"},{"taxonomy":"product_cat","embeddable":true,"href":"https:\/\/roveyayinevi.com.tr\/index.php\/wp-json\/wp\/v2\/product_cat?post=748213"},{"taxonomy":"product_tag","embeddable":true,"href":"https:\/\/roveyayinevi.com.tr\/index.php\/wp-json\/wp\/v2\/product_tag?post=748213"}],"curies":[{"name":"wp","href":"https:\/\/api.w.org\/{rel}","templated":true}]}}