{"id":748211,"date":"2025-08-28T03:24:59","date_gmt":"2025-08-28T00:24:59","guid":{"rendered":"https:\/\/roveyayinevi.com.tr\/index.php\/urun\/koleksiyon-kitaplar-canim-turkiyem\/"},"modified":"2026-04-16T03:01:06","modified_gmt":"2026-04-16T00:01:06","slug":"koleksiyon-kitaplar-canim-turkiyem","status":"publish","type":"product","link":"https:\/\/roveyayinevi.com.tr\/index.php\/urun\/koleksiyon-kitaplar-canim-turkiyem\/","title":{"rendered":"Koleksiyon Kitaplar &#8211; Can\u0131m T\u00fcrkiye&#8217;m"},"content":{"rendered":"<p>Bu kitapla bilgi koleksiyonunuza neler ekleyeceksiniz?Antalya\u2019n\u0131n a\u011flayan ma\u011faras\u0131n\u0131\u2026Alp Da\u011flar\u0131\u2019ndan sonra oksijenin en bol oldu\u011fu yeri\u2026Kapadokya\u2019n\u0131n \u00e7ok eski zamanlarda bir i\u00e7 deniz oldu\u011funu\u2026Narman Peri Bacalar\u0131n\u0131\u2026Ve \u00e7ok daha fazlas\u0131n\u0131\u2026<\/p>\n","protected":false},"excerpt":{"rendered":"<p>Bu kitapla bilgi koleksiyonunuza neler ekleyeceksiniz?Antalya\u2019n\u0131n a\u011flayan ma\u011faras\u0131n\u0131\u2026Alp Da\u011flar\u0131\u2019ndan sonra oksijenin en bol oldu\u011fu yeri\u2026Kapadokya\u2019n\u0131n \u00e7ok eski zamanlarda bir i\u00e7 deniz oldu\u011funu\u2026Narman Peri Bacalar\u0131n\u0131\u2026Ve \u00e7ok daha<span class=\"excerpt-hellip\"> [\u2026]<\/span><\/p>\n","protected":false},"featured_media":0,"template":"","meta":{"_monsterinsights_skip_tracking":false,"_monsterinsights_sitenote_active":false,"_monsterinsights_sitenote_note":"","_monsterinsights_sitenote_category":0},"product_brand":[],"product_cat":[12370,12304],"product_tag":[],"class_list":{"0":"post-748211","1":"product","2":"type-product","3":"status-publish","5":"product_cat-arastirma-inceleme","6":"product_cat-tarih","7":"pa_cilt-ciltsiz","8":"pa_tur-kitap","9":"pa_yayinevi-teleskop-populer-bilim","10":"pa_yazar-fatih-okta","12":"first","13":"instock","14":"sale","15":"shipping-taxable","16":"purchasable","17":"product-type-simple"},"_links":{"self":[{"href":"https:\/\/roveyayinevi.com.tr\/index.php\/wp-json\/wp\/v2\/product\/748211","targetHints":{"allow":["GET"]}}],"collection":[{"href":"https:\/\/roveyayinevi.com.tr\/index.php\/wp-json\/wp\/v2\/product"}],"about":[{"href":"https:\/\/roveyayinevi.com.tr\/index.php\/wp-json\/wp\/v2\/types\/product"}],"wp:attachment":[{"href":"https:\/\/roveyayinevi.com.tr\/index.php\/wp-json\/wp\/v2\/media?parent=748211"}],"wp:term":[{"taxonomy":"product_brand","embeddable":true,"href":"https:\/\/roveyayinevi.com.tr\/index.php\/wp-json\/wp\/v2\/product_brand?post=748211"},{"taxonomy":"product_cat","embeddable":true,"href":"https:\/\/roveyayinevi.com.tr\/index.php\/wp-json\/wp\/v2\/product_cat?post=748211"},{"taxonomy":"product_tag","embeddable":true,"href":"https:\/\/roveyayinevi.com.tr\/index.php\/wp-json\/wp\/v2\/product_tag?post=748211"}],"curies":[{"name":"wp","href":"https:\/\/api.w.org\/{rel}","templated":true}]}}