{"id":748208,"date":"2025-08-28T03:24:55","date_gmt":"2025-08-28T00:24:55","guid":{"rendered":"https:\/\/roveyayinevi.com.tr\/index.php\/urun\/robotik-kodlama-6-yas-ve-uzeri\/"},"modified":"2026-04-16T03:01:06","modified_gmt":"2026-04-16T00:01:06","slug":"robotik-kodlama-6-yas-ve-uzeri","status":"publish","type":"product","link":"https:\/\/roveyayinevi.com.tr\/index.php\/urun\/robotik-kodlama-6-yas-ve-uzeri\/","title":{"rendered":"Robotik Kodlama 6 Ya\u015f ve \u00dczeri"},"content":{"rendered":"<p>Robotik Kodlama 6 Ya\u015f ve \u00dczeri\u201cRobotik Kodlama ve Dikkat Geli\u015ftirme\u201d kitaplar\u0131 ile (5+, 6+, 7+ ya\u015f) \u00e7ocuklar\u0131n dikkat yetenekleri artacak, problem \u00e7\u00f6zme-\u00e7\u00f6z\u00fcme daha kolay ula\u015fmadaki kabiliyetleri geli\u015fecektir.Kitaplar i\u00e7erdi\u011fi etkinliklerle; odaklanma ve dikkat geli\u015ftirme, y\u00f6nergeleri anlay\u0131p uygulamabecerisi kazand\u0131rma, el-g\u00f6z koordinasyonunu g\u00fc\u00e7lendirme ve motor becerilerini geli\u015ftirme gibi konularda \u00e7ocuklar\u0131n geli\u015fimine b\u00fcy\u00fck katk\u0131 sa\u011flayacakt\u0131r. Ayr\u0131ca birlikte yap\u0131lan etkinlikler de ebeveyn ve \u00e7ocuklar\u0131n daha sa\u011fl\u0131kl\u0131 ileti\u015fim-ba\u011f kurmalar\u0131na ve kaliteli zaman ge\u00e7irmelerine yard\u0131mc\u0131 olacakt\u0131r.<\/p>\n","protected":false},"excerpt":{"rendered":"<p>Robotik Kodlama 6 Ya\u015f ve \u00dczeri\u201cRobotik Kodlama ve Dikkat Geli\u015ftirme\u201d kitaplar\u0131 ile (5+, 6+, 7+ ya\u015f) \u00e7ocuklar\u0131n dikkat yetenekleri artacak, problem \u00e7\u00f6zme-\u00e7\u00f6z\u00fcme daha kolay ula\u015fmadaki kabiliyetleri<span class=\"excerpt-hellip\"> [\u2026]<\/span><\/p>\n","protected":false},"featured_media":0,"template":"","meta":{"_monsterinsights_skip_tracking":false,"_monsterinsights_sitenote_active":false,"_monsterinsights_sitenote_note":"","_monsterinsights_sitenote_category":0},"product_brand":[],"product_cat":[13829,12274],"product_tag":[],"class_list":{"0":"post-748208","1":"product","2":"type-product","3":"status-publish","5":"product_cat-bilimsel-kitaplar","6":"product_cat-cocuk-ve-genclik-kitaplari","7":"pa_cilt-ciltsiz","8":"pa_tur-kitap","9":"pa_yayinevi-teleskop-populer-bilim","10":"pa_yazar-ahmet-altay","12":"first","13":"instock","14":"sale","15":"shipping-taxable","16":"purchasable","17":"product-type-simple"},"_links":{"self":[{"href":"https:\/\/roveyayinevi.com.tr\/index.php\/wp-json\/wp\/v2\/product\/748208","targetHints":{"allow":["GET"]}}],"collection":[{"href":"https:\/\/roveyayinevi.com.tr\/index.php\/wp-json\/wp\/v2\/product"}],"about":[{"href":"https:\/\/roveyayinevi.com.tr\/index.php\/wp-json\/wp\/v2\/types\/product"}],"wp:attachment":[{"href":"https:\/\/roveyayinevi.com.tr\/index.php\/wp-json\/wp\/v2\/media?parent=748208"}],"wp:term":[{"taxonomy":"product_brand","embeddable":true,"href":"https:\/\/roveyayinevi.com.tr\/index.php\/wp-json\/wp\/v2\/product_brand?post=748208"},{"taxonomy":"product_cat","embeddable":true,"href":"https:\/\/roveyayinevi.com.tr\/index.php\/wp-json\/wp\/v2\/product_cat?post=748208"},{"taxonomy":"product_tag","embeddable":true,"href":"https:\/\/roveyayinevi.com.tr\/index.php\/wp-json\/wp\/v2\/product_tag?post=748208"}],"curies":[{"name":"wp","href":"https:\/\/api.w.org\/{rel}","templated":true}]}}