{"id":748207,"date":"2025-08-28T03:24:54","date_gmt":"2025-08-28T00:24:54","guid":{"rendered":"https:\/\/roveyayinevi.com.tr\/index.php\/urun\/robotik-kodlama-5-yas-ve-uzeri\/"},"modified":"2025-10-22T08:39:06","modified_gmt":"2025-10-22T05:39:06","slug":"robotik-kodlama-5-yas-ve-uzeri","status":"publish","type":"product","link":"https:\/\/roveyayinevi.com.tr\/index.php\/urun\/robotik-kodlama-5-yas-ve-uzeri\/","title":{"rendered":"Robotik Kodlama 5 Ya\u015f ve \u00dczeri"},"content":{"rendered":"<p>Zihinden Problemler \u0130lk\u00f6\u011fretim 4. S\u0131n\u0131fMilli E\u011fitim Bakanl\u0131\u011f\u0131 m\u00fcfredat\u0131na uygun olarak haz\u0131rlanan \u201cZihinden Problemler\u201d serisi; \u00e7ocuklar\u0131m\u0131z\u0131n toplama, \u00e7\u0131karma, \u00e7arpma ve b\u00f6lme i\u015flemlerini y\u00f6ntem yakla\u015f\u0131ml\u0131 sorularla hem daha h\u0131zl\u0131 yapmas\u0131n\u0131 hem de matemati\u011fi daha e\u011flenceli bir \u015fekilde \u00f6\u011frenmelerini sa\u011flar. Ayr\u0131ca kitab\u0131n son b\u00f6l\u00fcm\u00fcnde bulunan d\u00fc\u015f\u00fcnme becerileri sorular\u0131 da \u00e7ocuklar\u0131m\u0131z\u0131n kal\u0131plar\u0131n\u0131 k\u0131rmalar\u0131 ve bak\u0131\u015f a\u00e7\u0131lar\u0131n\u0131 geni\u015fletmeleri amac\u0131n\u0131 ta\u015f\u0131maktad\u0131r.<\/p>\n","protected":false},"excerpt":{"rendered":"<p>Zihinden Problemler \u0130lk\u00f6\u011fretim 4. S\u0131n\u0131fMilli E\u011fitim Bakanl\u0131\u011f\u0131 m\u00fcfredat\u0131na uygun olarak haz\u0131rlanan \u201cZihinden Problemler\u201d serisi; \u00e7ocuklar\u0131m\u0131z\u0131n toplama, \u00e7\u0131karma, \u00e7arpma ve b\u00f6lme i\u015flemlerini y\u00f6ntem yakla\u015f\u0131ml\u0131 sorularla hem daha<span class=\"excerpt-hellip\"> [\u2026]<\/span><\/p>\n","protected":false},"featured_media":0,"template":"","meta":{"_monsterinsights_skip_tracking":false,"_monsterinsights_sitenote_active":false,"_monsterinsights_sitenote_note":"","_monsterinsights_sitenote_category":0},"product_brand":[],"product_cat":[12274,15842],"product_tag":[],"class_list":{"0":"post-748207","1":"product","2":"type-product","3":"status-publish","5":"product_cat-cocuk-ve-genclik-kitaplari","6":"product_cat-egitici-kitaplar","7":"pa_cilt-ciltsiz","8":"pa_tur-kitap","9":"pa_yayinevi-teleskop-populer-bilim","10":"pa_yazar-ahmet-altay","12":"first","13":"instock","14":"sale","15":"shipping-taxable","16":"purchasable","17":"product-type-simple"},"_links":{"self":[{"href":"https:\/\/roveyayinevi.com.tr\/index.php\/wp-json\/wp\/v2\/product\/748207","targetHints":{"allow":["GET"]}}],"collection":[{"href":"https:\/\/roveyayinevi.com.tr\/index.php\/wp-json\/wp\/v2\/product"}],"about":[{"href":"https:\/\/roveyayinevi.com.tr\/index.php\/wp-json\/wp\/v2\/types\/product"}],"wp:attachment":[{"href":"https:\/\/roveyayinevi.com.tr\/index.php\/wp-json\/wp\/v2\/media?parent=748207"}],"wp:term":[{"taxonomy":"product_brand","embeddable":true,"href":"https:\/\/roveyayinevi.com.tr\/index.php\/wp-json\/wp\/v2\/product_brand?post=748207"},{"taxonomy":"product_cat","embeddable":true,"href":"https:\/\/roveyayinevi.com.tr\/index.php\/wp-json\/wp\/v2\/product_cat?post=748207"},{"taxonomy":"product_tag","embeddable":true,"href":"https:\/\/roveyayinevi.com.tr\/index.php\/wp-json\/wp\/v2\/product_tag?post=748207"}],"curies":[{"name":"wp","href":"https:\/\/api.w.org\/{rel}","templated":true}]}}