{"id":748195,"date":"2025-08-28T03:24:36","date_gmt":"2025-08-28T00:24:36","guid":{"rendered":"https:\/\/roveyayinevi.com.tr\/index.php\/urun\/evsizlik\/"},"modified":"2026-04-16T03:01:05","modified_gmt":"2026-04-16T00:01:05","slug":"evsizlik","status":"publish","type":"product","link":"https:\/\/roveyayinevi.com.tr\/index.php\/urun\/evsizlik\/","title":{"rendered":"Evsizlik"},"content":{"rendered":"<p>Ceyda ve Levent, bir g\u00fcn parkta Tuna han\u0131m ile tan\u0131\u015ft\u0131lar. Tuna han\u0131m da t\u0131pk\u0131 Ceyda ve Levent gibi b\u00f6cekleri incelemekten \u00e7ok ho\u015flan\u0131rd\u0131.Bunun yan\u0131 s\u0131ra Tuna han\u0131m eski bir Fen Bilgisi \u00f6\u011fretmeniydi. Fakat \u00e7ok hastalan\u0131p sokaklara d\u00fc\u015fmesi her \u015feyi gibi mesle\u011fini de kaybetmesine yol a\u00e7t\u0131. Ceyda, Levent ve anneleri F\u00fcsun\u2019un yard\u0131mlar\u0131yla Tuna han\u0131m\u0131n kar\u015f\u0131s\u0131na daha iyi ve korunakl\u0131 bir ya\u015fam f\u0131rsat\u0131 \u00e7\u0131kt\u0131.K\u00fc\u00e7\u00fck bir iyili\u011fin insan\u0131n t\u00fcm ya\u015fam\u0131n\u0131 de\u011fi\u015ftirebilece\u011fini, yeni arkada\u015fl\u0131klar ortaya \u00e7\u0131karabilece\u011fini biliyor muydun?<\/p>\n","protected":false},"excerpt":{"rendered":"<p>Ceyda ve Levent, bir g\u00fcn parkta Tuna han\u0131m ile tan\u0131\u015ft\u0131lar. Tuna han\u0131m da t\u0131pk\u0131 Ceyda ve Levent gibi b\u00f6cekleri incelemekten \u00e7ok ho\u015flan\u0131rd\u0131.Bunun yan\u0131 s\u0131ra Tuna han\u0131m<span class=\"excerpt-hellip\"> [\u2026]<\/span><\/p>\n","protected":false},"featured_media":0,"template":"","meta":{"_monsterinsights_skip_tracking":false,"_monsterinsights_sitenote_active":false,"_monsterinsights_sitenote_note":"","_monsterinsights_sitenote_category":0},"product_brand":[],"product_cat":[12274,12284],"product_tag":[],"class_list":{"0":"post-748195","1":"product","2":"type-product","3":"status-publish","5":"product_cat-cocuk-ve-genclik-kitaplari","6":"product_cat-hikayeler","7":"pa_cilt-ciltsiz","8":"pa_tur-kitap","9":"pa_yayinevi-teleskop-populer-bilim","10":"pa_yazar-jennifer-moore-mallinos","12":"first","13":"instock","14":"sale","15":"shipping-taxable","16":"purchasable","17":"product-type-simple"},"_links":{"self":[{"href":"https:\/\/roveyayinevi.com.tr\/index.php\/wp-json\/wp\/v2\/product\/748195","targetHints":{"allow":["GET"]}}],"collection":[{"href":"https:\/\/roveyayinevi.com.tr\/index.php\/wp-json\/wp\/v2\/product"}],"about":[{"href":"https:\/\/roveyayinevi.com.tr\/index.php\/wp-json\/wp\/v2\/types\/product"}],"wp:attachment":[{"href":"https:\/\/roveyayinevi.com.tr\/index.php\/wp-json\/wp\/v2\/media?parent=748195"}],"wp:term":[{"taxonomy":"product_brand","embeddable":true,"href":"https:\/\/roveyayinevi.com.tr\/index.php\/wp-json\/wp\/v2\/product_brand?post=748195"},{"taxonomy":"product_cat","embeddable":true,"href":"https:\/\/roveyayinevi.com.tr\/index.php\/wp-json\/wp\/v2\/product_cat?post=748195"},{"taxonomy":"product_tag","embeddable":true,"href":"https:\/\/roveyayinevi.com.tr\/index.php\/wp-json\/wp\/v2\/product_tag?post=748195"}],"curies":[{"name":"wp","href":"https:\/\/api.w.org\/{rel}","templated":true}]}}