{"id":748194,"date":"2025-08-28T03:24:34","date_gmt":"2025-08-28T00:24:34","guid":{"rendered":"https:\/\/roveyayinevi.com.tr\/index.php\/urun\/erkek-kardesim-akrabalar-serisi\/"},"modified":"2026-04-16T03:01:05","modified_gmt":"2026-04-16T00:01:05","slug":"erkek-kardesim-akrabalar-serisi","status":"publish","type":"product","link":"https:\/\/roveyayinevi.com.tr\/index.php\/urun\/erkek-kardesim-akrabalar-serisi\/","title":{"rendered":"Erkek Karde\u015fim &#8211; Akrabalar Serisi"},"content":{"rendered":"<p>Karde\u015flik, \u00e7ocuklar aras\u0131nda \u00f6zel bir ba\u011fd\u0131r. Bu \u00f6zel ba\u011f sayesinde \u00e7ocuklar karde\u015flerine sevgi duyar ve karde\u015fleri ile gurur duyduklar\u0131n\u0131 g\u00f6sterirler. Karde\u015fler, birbirlerini candan sevmek ve gerekti\u011finde avutmak, cesaretlendirmek konusunda \u00e7ok \u00f6zel becerilere sahiptir. Karde\u015flerin birlikte e\u011flendiklerini, kahkahalarla g\u00fcld\u00fcklerini ve bazen de tart\u0131\u015ft\u0131klar\u0131n\u0131 g\u00f6rebilirsiniz.   Bu kitap, bir ablan\u0131n k\u00fc\u00e7\u00fck erkek karde\u015fi ile ili\u015fkisini ablan\u0131n g\u00f6z\u00fcnden anlatmaktad\u0131r. Abla k\u00fc\u00e7\u00fck karde\u015fini nas\u0131l g\u00f6r\u00fcyor, k\u00fc\u00e7\u00fck karde\u015fine baz\u0131 zamanlar k\u0131zmas\u0131na ra\u011fmen onu sevmeye devam m\u0131 ediyor?   Her \u00e7ocuk i\u00e7in karde\u015fi \u00e7ok \u00f6nemli bir yere sahiptir. Bir \u00e7ocuk i\u00e7in karde\u015fi, ya\u015fad\u0131\u011f\u0131 hayat\u0131n bir par\u00e7as\u0131d\u0131r. Karde\u015fi onun hem oyun arkada\u015f\u0131 hem de dostudur. Bir \u00e7ocuk, karde\u015fiyle vakit ge\u00e7irerek, onunla oyunlar oynayarak k\u0131sacas\u0131 onunla \u00f6zel bir ba\u011f kurarak sevgisini ona g\u00f6sterir. Bu ba\u011f\u0131n i\u00e7inde hayvanlarla ve oyuncaklarla sadece onlar\u0131n anlayaca\u011f\u0131 bir dil kurmak da vard\u0131r, anlay\u0131\u015f g\u00f6sterip kar\u015f\u0131l\u0131kl\u0131 sayg\u0131 duymak da&#8230;<\/p>\n","protected":false},"excerpt":{"rendered":"<p>Karde\u015flik, \u00e7ocuklar aras\u0131nda \u00f6zel bir ba\u011fd\u0131r. Bu \u00f6zel ba\u011f sayesinde \u00e7ocuklar karde\u015flerine sevgi duyar ve karde\u015fleri ile gurur duyduklar\u0131n\u0131 g\u00f6sterirler. Karde\u015fler, birbirlerini candan sevmek ve gerekti\u011finde<span class=\"excerpt-hellip\"> [\u2026]<\/span><\/p>\n","protected":false},"featured_media":0,"template":"","meta":{"_monsterinsights_skip_tracking":false,"_monsterinsights_sitenote_active":false,"_monsterinsights_sitenote_note":"","_monsterinsights_sitenote_category":0},"product_brand":[],"product_cat":[12274,12284],"product_tag":[],"class_list":{"0":"post-748194","1":"product","2":"type-product","3":"status-publish","5":"product_cat-cocuk-ve-genclik-kitaplari","6":"product_cat-hikayeler","7":"pa_cilt-ciltsiz","8":"pa_tur-kitap","9":"pa_yayinevi-teleskop-populer-bilim","10":"pa_yazar-helena-kraljia","12":"first","13":"instock","14":"sale","15":"shipping-taxable","16":"purchasable","17":"product-type-simple"},"_links":{"self":[{"href":"https:\/\/roveyayinevi.com.tr\/index.php\/wp-json\/wp\/v2\/product\/748194","targetHints":{"allow":["GET"]}}],"collection":[{"href":"https:\/\/roveyayinevi.com.tr\/index.php\/wp-json\/wp\/v2\/product"}],"about":[{"href":"https:\/\/roveyayinevi.com.tr\/index.php\/wp-json\/wp\/v2\/types\/product"}],"wp:attachment":[{"href":"https:\/\/roveyayinevi.com.tr\/index.php\/wp-json\/wp\/v2\/media?parent=748194"}],"wp:term":[{"taxonomy":"product_brand","embeddable":true,"href":"https:\/\/roveyayinevi.com.tr\/index.php\/wp-json\/wp\/v2\/product_brand?post=748194"},{"taxonomy":"product_cat","embeddable":true,"href":"https:\/\/roveyayinevi.com.tr\/index.php\/wp-json\/wp\/v2\/product_cat?post=748194"},{"taxonomy":"product_tag","embeddable":true,"href":"https:\/\/roveyayinevi.com.tr\/index.php\/wp-json\/wp\/v2\/product_tag?post=748194"}],"curies":[{"name":"wp","href":"https:\/\/api.w.org\/{rel}","templated":true}]}}