{"id":748193,"date":"2025-08-28T03:24:33","date_gmt":"2025-08-28T00:24:33","guid":{"rendered":"https:\/\/roveyayinevi.com.tr\/index.php\/urun\/en-iyi-arkadasim-akrabalar-serisi\/"},"modified":"2026-04-16T03:01:05","modified_gmt":"2026-04-16T00:01:05","slug":"en-iyi-arkadasim-akrabalar-serisi","status":"publish","type":"product","link":"https:\/\/roveyayinevi.com.tr\/index.php\/urun\/en-iyi-arkadasim-akrabalar-serisi\/","title":{"rendered":"En \u0130yi Arkada\u015f\u0131m &#8211; Akrabalar Serisi"},"content":{"rendered":"<p>Arkada\u015flar, hem \u00e7ocuklar\u0131n hem de yeti\u015fkinlerin hayat\u0131nda \u00e7ok \u00f6nemli bir yere sahiptir. Hepimiz bizi anlayacak, yarg\u0131lamadan dinleyecek, iyi zamanlar\u0131m\u0131zda birlikte g\u00fclebilece\u011fimiz, k\u00f6t\u00fc zaman\u0131m\u0131zda birlikte a\u011flayabilece\u011fimiz bir arkada\u015fa sahip olmak ve onun yan\u0131m\u0131zda olmas\u0131n\u0131 isteriz. Bu \u00f6yle bir arkada\u015ft\u0131r ki her zaman bizim i\u00e7in iyi \u015feyler diler ve hayatta ba\u015far\u0131l\u0131 olmam\u0131z i\u00e7in bizi \u00fcmitlendirir.   Bu kitapta bir k\u0131z \u00e7ocu\u011funun g\u00f6z\u00fcnden arkada\u015fl\u0131\u011f\u0131n ne anlama geldi\u011fi anlat\u0131lmaktad\u0131r.   Arkada\u015fa sahip olmak, hem \u00e7ocuklar\u0131n hem de yeti\u015fkinlerin hayat\u0131na s\u00fck\u00fbnet, mutluluk ve bar\u0131\u015f duygular\u0131n\u0131 getirir. Bu duygular ebeveynler ve \u00e7ocuklar i\u00e7in mutluluk vericidir. \u00c7ocuklar i\u00e7in arkada\u015flar\u0131 hayatlar\u0131nda \u00e7ok \u00f6nemli bir yere sahiptir. Bir \u00e7ocuk i\u00e7in arkada\u015f, kalbinden bir par\u00e7a gibidir.  Bir arkada\u015f \u00e7ocu\u011funuzla vakit ge\u00e7irerek, onunla oyunlar oynayarak k\u0131sacas\u0131 onunla \u00f6zel bir ba\u011f kurarak sevgisini ona g\u00f6sterir. Bu ba\u011f\u0131n i\u00e7inde hayvanlarla ve oyuncaklarla sadece onlar\u0131n anlayaca\u011f\u0131 bir dil kurmak da vard\u0131r, anlay\u0131\u015f g\u00f6sterip kar\u015f\u0131l\u0131kl\u0131 sayg\u0131 duymak da&#8230;<\/p>\n","protected":false},"excerpt":{"rendered":"<p>Arkada\u015flar, hem \u00e7ocuklar\u0131n hem de yeti\u015fkinlerin hayat\u0131nda \u00e7ok \u00f6nemli bir yere sahiptir. Hepimiz bizi anlayacak, yarg\u0131lamadan dinleyecek, iyi zamanlar\u0131m\u0131zda birlikte g\u00fclebilece\u011fimiz, k\u00f6t\u00fc zaman\u0131m\u0131zda birlikte a\u011flayabilece\u011fimiz bir<span class=\"excerpt-hellip\"> [\u2026]<\/span><\/p>\n","protected":false},"featured_media":0,"template":"","meta":{"_monsterinsights_skip_tracking":false,"_monsterinsights_sitenote_active":false,"_monsterinsights_sitenote_note":"","_monsterinsights_sitenote_category":0},"product_brand":[],"product_cat":[12274,12284],"product_tag":[],"class_list":{"0":"post-748193","1":"product","2":"type-product","3":"status-publish","5":"product_cat-cocuk-ve-genclik-kitaplari","6":"product_cat-hikayeler","7":"pa_cilt-ciltsiz","8":"pa_tur-kitap","9":"pa_yayinevi-teleskop-populer-bilim","10":"pa_yazar-helena-kraljia","12":"first","13":"instock","14":"sale","15":"shipping-taxable","16":"purchasable","17":"product-type-simple"},"_links":{"self":[{"href":"https:\/\/roveyayinevi.com.tr\/index.php\/wp-json\/wp\/v2\/product\/748193","targetHints":{"allow":["GET"]}}],"collection":[{"href":"https:\/\/roveyayinevi.com.tr\/index.php\/wp-json\/wp\/v2\/product"}],"about":[{"href":"https:\/\/roveyayinevi.com.tr\/index.php\/wp-json\/wp\/v2\/types\/product"}],"wp:attachment":[{"href":"https:\/\/roveyayinevi.com.tr\/index.php\/wp-json\/wp\/v2\/media?parent=748193"}],"wp:term":[{"taxonomy":"product_brand","embeddable":true,"href":"https:\/\/roveyayinevi.com.tr\/index.php\/wp-json\/wp\/v2\/product_brand?post=748193"},{"taxonomy":"product_cat","embeddable":true,"href":"https:\/\/roveyayinevi.com.tr\/index.php\/wp-json\/wp\/v2\/product_cat?post=748193"},{"taxonomy":"product_tag","embeddable":true,"href":"https:\/\/roveyayinevi.com.tr\/index.php\/wp-json\/wp\/v2\/product_tag?post=748193"}],"curies":[{"name":"wp","href":"https:\/\/api.w.org\/{rel}","templated":true}]}}