{"id":748190,"date":"2025-08-28T03:24:28","date_gmt":"2025-08-28T00:24:28","guid":{"rendered":"https:\/\/roveyayinevi.com.tr\/index.php\/urun\/babam-akrabalar-serisi\/"},"modified":"2026-04-16T03:01:05","modified_gmt":"2026-04-16T00:01:05","slug":"babam-akrabalar-serisi","status":"publish","type":"product","link":"https:\/\/roveyayinevi.com.tr\/index.php\/urun\/babam-akrabalar-serisi\/","title":{"rendered":"Babam &#8211; Akrabalar Serisi"},"content":{"rendered":"<p>Babalar; \u00e7ocuklar\u0131na sevgi verir, onlar\u0131 y\u00fcceltir ve onlarla gurur duyduklar\u0131n\u0131 g\u00f6sterirler. Babalar, \u00e7ocuklar\u0131n\u0131 candan sevmek ve gerekti\u011finde avutmak, cesaretlendirmek konusunda ayr\u0131cal\u0131kl\u0131 becerilere sahiptir.   Baba olmak, yan\u0131nda s\u00fck\u00fbnet, mutluluk ve bar\u0131\u015f duygular\u0131n\u0131 getirir; \u00e7ocuklar\u0131yla olmak, onlara bakmak, ilgilenmek harika bir \u015fanst\u0131r ve \u00e7ocuklar\u0131n hayat\u0131nda \u00e7ok de\u011ferli bir yer kazanmakt\u0131r. Bu duygu ebeveynler ve \u00e7ocuklar i\u00e7in mutluluk vericidir.   Bir \u00e7ocu\u011fun g\u00f6z\u00fcnden baba ne anlama gelmektedir? \u00c7ocuklar\u0131n, babalar\u0131n\u0131 her zaman i\u015f d\u00fc\u015f\u00fcnen can s\u0131k\u0131c\u0131 insanlar olarak m\u0131, otomatik robotlar gibi mi, art\u0131k konu\u015fmay\u0131 unutmu\u015f devler olarak m\u0131 g\u00f6rd\u00fc\u011f\u00fcn\u00fc sorgulayabilirsiniz. Fakat her \u00e7ocuk i\u00e7in babas\u0131 \u00e7ok \u00f6nemli bir yere sahiptir. Bir \u00e7ocuk i\u00e7in baba hayat\u0131n bir par\u00e7as\u0131d\u0131r. Baba onun hem oyun arkada\u015f\u0131 hem de dostudur.  Bir baba \u00e7ocu\u011fuyla vakit ge\u00e7irerek, onunla oyunlar oynayarak k\u0131sacas\u0131 onunla \u00f6zel bir ba\u011f kurarak sevgisini ona g\u00f6sterir. Bu ba\u011f\u0131n i\u00e7inde hayvanlarla ve oyuncaklarla sadece onlar\u0131n anlayaca\u011f\u0131 bir dil kurmak da vard\u0131r, anlay\u0131\u015f g\u00f6sterip kar\u015f\u0131l\u0131kl\u0131 sayg\u0131 duymak da&#8230;<\/p>\n","protected":false},"excerpt":{"rendered":"<p>Babalar; \u00e7ocuklar\u0131na sevgi verir, onlar\u0131 y\u00fcceltir ve onlarla gurur duyduklar\u0131n\u0131 g\u00f6sterirler. Babalar, \u00e7ocuklar\u0131n\u0131 candan sevmek ve gerekti\u011finde avutmak, cesaretlendirmek konusunda ayr\u0131cal\u0131kl\u0131 becerilere sahiptir. Baba olmak, yan\u0131nda<span class=\"excerpt-hellip\"> [\u2026]<\/span><\/p>\n","protected":false},"featured_media":0,"template":"","meta":{"_monsterinsights_skip_tracking":false,"_monsterinsights_sitenote_active":false,"_monsterinsights_sitenote_note":"","_monsterinsights_sitenote_category":0},"product_brand":[],"product_cat":[12274,12284],"product_tag":[],"class_list":{"0":"post-748190","1":"product","2":"type-product","3":"status-publish","5":"product_cat-cocuk-ve-genclik-kitaplari","6":"product_cat-hikayeler","7":"pa_cilt-ciltsiz","8":"pa_tur-kitap","9":"pa_yayinevi-teleskop-populer-bilim","10":"pa_yazar-helena-kraljia","12":"first","13":"instock","14":"sale","15":"shipping-taxable","16":"purchasable","17":"product-type-simple"},"_links":{"self":[{"href":"https:\/\/roveyayinevi.com.tr\/index.php\/wp-json\/wp\/v2\/product\/748190","targetHints":{"allow":["GET"]}}],"collection":[{"href":"https:\/\/roveyayinevi.com.tr\/index.php\/wp-json\/wp\/v2\/product"}],"about":[{"href":"https:\/\/roveyayinevi.com.tr\/index.php\/wp-json\/wp\/v2\/types\/product"}],"wp:attachment":[{"href":"https:\/\/roveyayinevi.com.tr\/index.php\/wp-json\/wp\/v2\/media?parent=748190"}],"wp:term":[{"taxonomy":"product_brand","embeddable":true,"href":"https:\/\/roveyayinevi.com.tr\/index.php\/wp-json\/wp\/v2\/product_brand?post=748190"},{"taxonomy":"product_cat","embeddable":true,"href":"https:\/\/roveyayinevi.com.tr\/index.php\/wp-json\/wp\/v2\/product_cat?post=748190"},{"taxonomy":"product_tag","embeddable":true,"href":"https:\/\/roveyayinevi.com.tr\/index.php\/wp-json\/wp\/v2\/product_tag?post=748190"}],"curies":[{"name":"wp","href":"https:\/\/api.w.org\/{rel}","templated":true}]}}