{"id":748188,"date":"2025-08-28T03:24:25","date_gmt":"2025-08-28T00:24:25","guid":{"rendered":"https:\/\/roveyayinevi.com.tr\/index.php\/urun\/bilgi-kartlari-insan-vucudu-2\/"},"modified":"2026-04-16T03:01:05","modified_gmt":"2026-04-16T00:01:05","slug":"bilgi-kartlari-insan-vucudu-2","status":"publish","type":"product","link":"https:\/\/roveyayinevi.com.tr\/index.php\/urun\/bilgi-kartlari-insan-vucudu-2\/","title":{"rendered":"Bilgi Kartlar\u0131 &#8211; \u0130nsan V\u00fccudu"},"content":{"rendered":"<p>Kart Say\u0131s\u0131: 40D\u0131\u015f kula\u011f\u0131m ne i\u015fe yarar? Burnumun akmas\u0131na sebep olan \u015fey nedir? Beni \u00f6ks\u00fcrten \u015fey nedir? Parmak izlerimi \u00f6zel yapan \u015fey nedir? Aya\u011f\u0131m\u0131n uyu\u015fmas\u0131na sebep olan \u015fey nedir? Alerjiye nas\u0131l yakalan\u0131r\u0131m? Mikroplar bedenime nas\u0131l girerler? Nas\u0131l kilo al\u0131n\u0131r? \u0130nsanlar nas\u0131l ya\u015flan\u0131r? Bir doktor bedenimin i\u00e7ine nas\u0131l bakar? Kalp at\u0131\u015f\u0131m\u0131 nas\u0131l dinleyebilirim? Ate\u015fim nas\u0131l \u00e7\u0131kar? \u0130la\u00e7lar a\u011fr\u0131m\u0131n nerede oldu\u011funu nereden biliyor? Beynimin b\u00fcy\u00fckl\u00fc\u011f\u00fc ne kadar? Bir \u015feyleri nas\u0131l hat\u0131rlar\u0131m? Kemiklerim nas\u0131l bir arada duruyor? Bir doktor k\u0131r\u0131\u011f\u0131 nas\u0131l tedavi eder? Kaslar nas\u0131l \u00e7al\u0131\u015f\u0131r? Aya\u011f\u0131m\u0131 nas\u0131l burkar\u0131m? Kalbim bir g\u00fcnde ka\u00e7 kez atar? Kalbimde ka\u00e7 tane odac\u0131k vard\u0131r? Ellerimi sabunla y\u0131kad\u0131\u011f\u0131mda ellerim nas\u0131l temiz olur? T\u0131rnaklar\u0131m nas\u0131l bu kadar h\u0131zl\u0131 uzuyor?<\/p>\n","protected":false},"excerpt":{"rendered":"<p>Kart Say\u0131s\u0131: 40D\u0131\u015f kula\u011f\u0131m ne i\u015fe yarar? Burnumun akmas\u0131na sebep olan \u015fey nedir? Beni \u00f6ks\u00fcrten \u015fey nedir? Parmak izlerimi \u00f6zel yapan \u015fey nedir? Aya\u011f\u0131m\u0131n uyu\u015fmas\u0131na sebep<span class=\"excerpt-hellip\"> [\u2026]<\/span><\/p>\n","protected":false},"featured_media":0,"template":"","meta":{"_monsterinsights_skip_tracking":false,"_monsterinsights_sitenote_active":false,"_monsterinsights_sitenote_note":"","_monsterinsights_sitenote_category":0},"product_brand":[],"product_cat":[13829,12274],"product_tag":[],"class_list":{"0":"post-748188","1":"product","2":"type-product","3":"status-publish","5":"product_cat-bilimsel-kitaplar","6":"product_cat-cocuk-ve-genclik-kitaplari","7":"pa_cilt-ciltsiz","8":"pa_tur-kitap","9":"pa_yayinevi-teleskop-populer-bilim","10":"pa_yazar-ferhat-cinar","12":"first","13":"instock","14":"sale","15":"shipping-taxable","16":"purchasable","17":"product-type-simple"},"_links":{"self":[{"href":"https:\/\/roveyayinevi.com.tr\/index.php\/wp-json\/wp\/v2\/product\/748188","targetHints":{"allow":["GET"]}}],"collection":[{"href":"https:\/\/roveyayinevi.com.tr\/index.php\/wp-json\/wp\/v2\/product"}],"about":[{"href":"https:\/\/roveyayinevi.com.tr\/index.php\/wp-json\/wp\/v2\/types\/product"}],"wp:attachment":[{"href":"https:\/\/roveyayinevi.com.tr\/index.php\/wp-json\/wp\/v2\/media?parent=748188"}],"wp:term":[{"taxonomy":"product_brand","embeddable":true,"href":"https:\/\/roveyayinevi.com.tr\/index.php\/wp-json\/wp\/v2\/product_brand?post=748188"},{"taxonomy":"product_cat","embeddable":true,"href":"https:\/\/roveyayinevi.com.tr\/index.php\/wp-json\/wp\/v2\/product_cat?post=748188"},{"taxonomy":"product_tag","embeddable":true,"href":"https:\/\/roveyayinevi.com.tr\/index.php\/wp-json\/wp\/v2\/product_tag?post=748188"}],"curies":[{"name":"wp","href":"https:\/\/api.w.org\/{rel}","templated":true}]}}