{"id":748186,"date":"2025-08-28T03:24:23","date_gmt":"2025-08-28T00:24:23","guid":{"rendered":"https:\/\/roveyayinevi.com.tr\/index.php\/urun\/bilgi-kartlari-denizler-ve-okyanuslar-2\/"},"modified":"2026-04-16T03:01:05","modified_gmt":"2026-04-16T00:01:05","slug":"bilgi-kartlari-denizler-ve-okyanuslar-2","status":"publish","type":"product","link":"https:\/\/roveyayinevi.com.tr\/index.php\/urun\/bilgi-kartlari-denizler-ve-okyanuslar-2\/","title":{"rendered":"Bilgi Kartlar\u0131 &#8211; Denizler ve Okyanuslar"},"content":{"rendered":"<p>Kart Say\u0131s\u0131: 40Okyanusun \u00fc\u00e7 temel b\u00f6lgesi hangileridir? Okyanus taban\u0131 ne anlama gelir? Deniz nedir? Okyanusun alt\u0131nda ne var? Okyanusu denizden ay\u0131ran \u00f6zellik nedir? Gel-git nedir? Okyanus ve deniz y\u00fczeyindeki dalgalara sebep olan nedir? Okyanuslar\u0131n en derin noktas\u0131 neresidir? D\u00fcnyan\u0131n en derin okyanusunun ad\u0131 nedir? Okyanusun kumlar\u0131n aras\u0131ndan ak\u0131p gitmesini engelleyen nedir? Okyanuslar\u0131 bazen ye\u015fil g\u00f6steren nedir? Tsunami nedir? K\u0131y\u0131-deniz ak\u0131nt\u0131s\u0131 nedir? Okyanusta ne t\u00fcr bitkiler yeti\u015fir? Deniz ya\u015fam alanlar\u0131 nelerdir? Buz da\u011f\u0131 nedir? Deniz cam\u0131 nedir? Su samurlar\u0131 neyle beslenir? Deniz samurunu \u00f6zel k\u0131lan nedir? Okyanustaki en h\u0131zl\u0131 canl\u0131 hangisidir? Sahil nedir? Kumsal nedir? Hayvanlar taraf\u0131ndan yap\u0131lan en b\u00fcy\u00fck deniz yap\u0131s\u0131 nedir? Mercan nedir?<\/p>\n","protected":false},"excerpt":{"rendered":"<p>Kart Say\u0131s\u0131: 40Okyanusun \u00fc\u00e7 temel b\u00f6lgesi hangileridir? Okyanus taban\u0131 ne anlama gelir? Deniz nedir? Okyanusun alt\u0131nda ne var? Okyanusu denizden ay\u0131ran \u00f6zellik nedir? Gel-git nedir? Okyanus<span class=\"excerpt-hellip\"> [\u2026]<\/span><\/p>\n","protected":false},"featured_media":0,"template":"","meta":{"_monsterinsights_skip_tracking":false,"_monsterinsights_sitenote_active":false,"_monsterinsights_sitenote_note":"","_monsterinsights_sitenote_category":0},"product_brand":[],"product_cat":[13829,12274],"product_tag":[],"class_list":{"0":"post-748186","1":"product","2":"type-product","3":"status-publish","5":"product_cat-bilimsel-kitaplar","6":"product_cat-cocuk-ve-genclik-kitaplari","7":"pa_cilt-ciltsiz","8":"pa_tur-kitap","9":"pa_yayinevi-teleskop-populer-bilim","10":"pa_yazar-ferhat-cinar","12":"first","13":"instock","14":"sale","15":"shipping-taxable","16":"purchasable","17":"product-type-simple"},"_links":{"self":[{"href":"https:\/\/roveyayinevi.com.tr\/index.php\/wp-json\/wp\/v2\/product\/748186","targetHints":{"allow":["GET"]}}],"collection":[{"href":"https:\/\/roveyayinevi.com.tr\/index.php\/wp-json\/wp\/v2\/product"}],"about":[{"href":"https:\/\/roveyayinevi.com.tr\/index.php\/wp-json\/wp\/v2\/types\/product"}],"wp:attachment":[{"href":"https:\/\/roveyayinevi.com.tr\/index.php\/wp-json\/wp\/v2\/media?parent=748186"}],"wp:term":[{"taxonomy":"product_brand","embeddable":true,"href":"https:\/\/roveyayinevi.com.tr\/index.php\/wp-json\/wp\/v2\/product_brand?post=748186"},{"taxonomy":"product_cat","embeddable":true,"href":"https:\/\/roveyayinevi.com.tr\/index.php\/wp-json\/wp\/v2\/product_cat?post=748186"},{"taxonomy":"product_tag","embeddable":true,"href":"https:\/\/roveyayinevi.com.tr\/index.php\/wp-json\/wp\/v2\/product_tag?post=748186"}],"curies":[{"name":"wp","href":"https:\/\/api.w.org\/{rel}","templated":true}]}}