{"id":748185,"date":"2025-08-28T03:24:21","date_gmt":"2025-08-28T00:24:21","guid":{"rendered":"https:\/\/roveyayinevi.com.tr\/index.php\/urun\/bilgi-kartlari-icatlar-2\/"},"modified":"2026-04-16T03:01:05","modified_gmt":"2026-04-16T00:01:05","slug":"bilgi-kartlari-icatlar-2","status":"publish","type":"product","link":"https:\/\/roveyayinevi.com.tr\/index.php\/urun\/bilgi-kartlari-icatlar-2\/","title":{"rendered":"Bilgi Kartlar\u0131 &#8211; \u0130catlar"},"content":{"rendered":"<p>Bir mucit ne yapar? \u0130cat nedir? GPS sistemi ka\u00e7 ya\u015f\u0131ndad\u0131r? Pusula nas\u0131l ortaya \u00e7\u0131kt\u0131? \u0130lk uzay meki\u011fi nas\u0131l f\u0131rlat\u0131ld\u0131 ve ini\u015f yapt\u0131? \u0130lk teleskobun g\u00f6r\u00fcn\u00fc\u015f\u00fc nas\u0131ld\u0131? Klavye, ekran\u0131n\u0131za kelimeleri nas\u0131l yaz\u0131yor? QWERTY klavyesi fikri nas\u0131l geli\u015fti? \u0130lk daktilo modern daktilodan ne y\u00f6nde farkl\u0131yd\u0131? \u0130lk bilgisayar\u0131n g\u00f6r\u00fcn\u00fc\u015f\u00fc nas\u0131ld\u0131? LED televizyonlar katot radyasyon t\u00fcplerinden ne y\u00f6nde farkl\u0131d\u0131r? Eski televizyonlar nas\u0131l \u00e7al\u0131\u015f\u0131yordu? \u0130lk u\u00e7aklar modern u\u00e7aklardan ne y\u00f6nde farkl\u0131yd\u0131? \u0130lk tren nas\u0131l bir g\u00f6r\u00fcn\u00fc\u015fe sahipti? \u0130lk elektrikli lamba neye benziyordu? Elektrik nas\u0131l ke\u015ffedildi? Box Telephone nas\u0131l \u00e7al\u0131\u015ft\u0131? Telefonlar\u0131n icad\u0131ndan \u00f6nce mesajlar uzun mesafelere nas\u0131l g\u00f6nderilirdi? \u0130lk mekanik hesap makinesi nas\u0131l icat edildi? Eski zamanlarda hesaplamalar nas\u0131l yap\u0131l\u0131rd\u0131? K\u00e2\u011f\u0131t ilk kez nas\u0131l yap\u0131ld\u0131?Kart Say\u0131s\u0131: 40<\/p>\n","protected":false},"excerpt":{"rendered":"<p>Bir mucit ne yapar? \u0130cat nedir? GPS sistemi ka\u00e7 ya\u015f\u0131ndad\u0131r? Pusula nas\u0131l ortaya \u00e7\u0131kt\u0131? \u0130lk uzay meki\u011fi nas\u0131l f\u0131rlat\u0131ld\u0131 ve ini\u015f yapt\u0131? \u0130lk teleskobun g\u00f6r\u00fcn\u00fc\u015f\u00fc nas\u0131ld\u0131?<span class=\"excerpt-hellip\"> [\u2026]<\/span><\/p>\n","protected":false},"featured_media":0,"template":"","meta":{"_monsterinsights_skip_tracking":false,"_monsterinsights_sitenote_active":false,"_monsterinsights_sitenote_note":"","_monsterinsights_sitenote_category":0},"product_brand":[],"product_cat":[12274,12631],"product_tag":[],"class_list":{"0":"post-748185","1":"product","2":"type-product","3":"status-publish","5":"product_cat-cocuk-ve-genclik-kitaplari","6":"product_cat-diger-cocuk-ve-genclik-kitaplari","7":"pa_cilt-ciltsiz","8":"pa_tur-kitap","9":"pa_yayinevi-teleskop-populer-bilim","10":"pa_yazar-ferhat-cinar","12":"first","13":"instock","14":"sale","15":"shipping-taxable","16":"purchasable","17":"product-type-simple"},"_links":{"self":[{"href":"https:\/\/roveyayinevi.com.tr\/index.php\/wp-json\/wp\/v2\/product\/748185","targetHints":{"allow":["GET"]}}],"collection":[{"href":"https:\/\/roveyayinevi.com.tr\/index.php\/wp-json\/wp\/v2\/product"}],"about":[{"href":"https:\/\/roveyayinevi.com.tr\/index.php\/wp-json\/wp\/v2\/types\/product"}],"wp:attachment":[{"href":"https:\/\/roveyayinevi.com.tr\/index.php\/wp-json\/wp\/v2\/media?parent=748185"}],"wp:term":[{"taxonomy":"product_brand","embeddable":true,"href":"https:\/\/roveyayinevi.com.tr\/index.php\/wp-json\/wp\/v2\/product_brand?post=748185"},{"taxonomy":"product_cat","embeddable":true,"href":"https:\/\/roveyayinevi.com.tr\/index.php\/wp-json\/wp\/v2\/product_cat?post=748185"},{"taxonomy":"product_tag","embeddable":true,"href":"https:\/\/roveyayinevi.com.tr\/index.php\/wp-json\/wp\/v2\/product_tag?post=748185"}],"curies":[{"name":"wp","href":"https:\/\/api.w.org\/{rel}","templated":true}]}}