{"id":748184,"date":"2025-08-28T03:24:20","date_gmt":"2025-08-28T00:24:20","guid":{"rendered":"https:\/\/roveyayinevi.com.tr\/index.php\/urun\/bilgi-kartlari-bilim-ve-teknoloji-2\/"},"modified":"2026-04-16T03:01:05","modified_gmt":"2026-04-16T00:01:05","slug":"bilgi-kartlari-bilim-ve-teknoloji-2","status":"publish","type":"product","link":"https:\/\/roveyayinevi.com.tr\/index.php\/urun\/bilgi-kartlari-bilim-ve-teknoloji-2\/","title":{"rendered":"Bilgi Kartlar\u0131 &#8211; Bilim ve Teknoloji"},"content":{"rendered":"<p>Kart Say\u0131s\u0131: 40Vir\u00fcs bilgisayar\u0131m\u0131 nas\u0131l bozar? E-Posta nas\u0131l ba\u015flad\u0131? Modern bir dal\u0131\u015f k\u0131yafeti nas\u0131l \u00e7al\u0131\u015f\u0131r? Denizalt\u0131lar nas\u0131l \u00e7al\u0131\u015f\u0131r? M\u00fchendisler bir t\u00fcneli nas\u0131l kazarlar? Bir dizel tren nas\u0131l \u00e7al\u0131\u015f\u0131r? Robotlar nas\u0131l araba \u00fcretiyorlar? Yar\u0131\u015f arabalar\u0131 nas\u0131l tasarlanm\u0131\u015ft\u0131r? Dijital tart\u0131 nas\u0131l \u00e7al\u0131\u015f\u0131r? Bir saat, zaman\u0131 nas\u0131l \u00f6l\u00e7er? Metal dedekt\u00f6rleri ne i\u015fe yarar? Para, bir ATM makinesinden nas\u0131l \u00e7\u0131kar? Elektirikli s\u00fcp\u00fcrge nas\u0131l \u00e7al\u0131\u015f\u0131r? S\u0131cak s\u0131v\u0131lar\u0131 uzun s\u00fcre nas\u0131l s\u0131cak tutabilirim? Bir su \u0131s\u0131t\u0131c\u0131s\u0131 suyu nas\u0131l s\u0131cak yapabilir? Bir mikrodalga f\u0131r\u0131n yiyecekleri nas\u0131l pi\u015firir? Minik bir SD kart bunca bilgiyi nas\u0131l depolar? Bir CD, bir DVD\u2019den ne y\u00f6nde farkl\u0131d\u0131r? \u015earj aleti cep telefonunu nas\u0131l \u015farj eder? Cep telefonu, ismini nereden alm\u0131\u015ft\u0131r? Panama Kanal\u0131 nas\u0131l \u00e7al\u0131\u015f\u0131r? Asma k\u00f6pr\u00fcler nas\u0131l \u00e7al\u0131\u015f\u0131r?<\/p>\n","protected":false},"excerpt":{"rendered":"<p>Kart Say\u0131s\u0131: 40Vir\u00fcs bilgisayar\u0131m\u0131 nas\u0131l bozar? E-Posta nas\u0131l ba\u015flad\u0131? Modern bir dal\u0131\u015f k\u0131yafeti nas\u0131l \u00e7al\u0131\u015f\u0131r? Denizalt\u0131lar nas\u0131l \u00e7al\u0131\u015f\u0131r? M\u00fchendisler bir t\u00fcneli nas\u0131l kazarlar? Bir dizel tren<span class=\"excerpt-hellip\"> [\u2026]<\/span><\/p>\n","protected":false},"featured_media":0,"template":"","meta":{"_monsterinsights_skip_tracking":false,"_monsterinsights_sitenote_active":false,"_monsterinsights_sitenote_note":"","_monsterinsights_sitenote_category":0},"product_brand":[],"product_cat":[13829,12274],"product_tag":[],"class_list":{"0":"post-748184","1":"product","2":"type-product","3":"status-publish","5":"product_cat-bilimsel-kitaplar","6":"product_cat-cocuk-ve-genclik-kitaplari","7":"pa_cilt-ciltsiz","8":"pa_tur-kitap","9":"pa_yayinevi-teleskop-populer-bilim","10":"pa_yazar-ferhat-cinar","12":"first","13":"instock","14":"sale","15":"shipping-taxable","16":"purchasable","17":"product-type-simple"},"_links":{"self":[{"href":"https:\/\/roveyayinevi.com.tr\/index.php\/wp-json\/wp\/v2\/product\/748184","targetHints":{"allow":["GET"]}}],"collection":[{"href":"https:\/\/roveyayinevi.com.tr\/index.php\/wp-json\/wp\/v2\/product"}],"about":[{"href":"https:\/\/roveyayinevi.com.tr\/index.php\/wp-json\/wp\/v2\/types\/product"}],"wp:attachment":[{"href":"https:\/\/roveyayinevi.com.tr\/index.php\/wp-json\/wp\/v2\/media?parent=748184"}],"wp:term":[{"taxonomy":"product_brand","embeddable":true,"href":"https:\/\/roveyayinevi.com.tr\/index.php\/wp-json\/wp\/v2\/product_brand?post=748184"},{"taxonomy":"product_cat","embeddable":true,"href":"https:\/\/roveyayinevi.com.tr\/index.php\/wp-json\/wp\/v2\/product_cat?post=748184"},{"taxonomy":"product_tag","embeddable":true,"href":"https:\/\/roveyayinevi.com.tr\/index.php\/wp-json\/wp\/v2\/product_tag?post=748184"}],"curies":[{"name":"wp","href":"https:\/\/api.w.org\/{rel}","templated":true}]}}