{"id":748183,"date":"2025-08-28T03:24:18","date_gmt":"2025-08-28T00:24:18","guid":{"rendered":"https:\/\/roveyayinevi.com.tr\/index.php\/urun\/bilgi-kartlari-hayvanlar-2\/"},"modified":"2026-04-16T03:01:05","modified_gmt":"2026-04-16T00:01:05","slug":"bilgi-kartlari-hayvanlar-2","status":"publish","type":"product","link":"https:\/\/roveyayinevi.com.tr\/index.php\/urun\/bilgi-kartlari-hayvanlar-2\/","title":{"rendered":"Bilgi Kartlar\u0131 &#8211; Hayvanlar"},"content":{"rendered":"<p>Kart Say\u0131s\u0131: 40Su ayg\u0131rlar\u0131, di\u011fer kara memelilerden ne kadar farkl\u0131d\u0131r? Bir gergedan boynuzlar\u0131n\u0131 nas\u0131l kullan\u0131r? Sincaplar, gizledikleri f\u0131nd\u0131klar\u0131 nas\u0131l bulurlar? Sivrisinekler kurbanlar\u0131n\u0131 nas\u0131l se\u00e7er? K\u0131rkayaklar\u0131n ka\u00e7 bacaklar\u0131 vard\u0131r? Solucanlar bacaklar\u0131 olmadan nas\u0131l hareket eder? Solucanlar topra\u011f\u0131 nas\u0131l sa\u011fl\u0131kl\u0131 h\u00e2le getirir? Salyangozlar\u0131n antenleri oldu\u011fu h\u00e2lde nas\u0131l olur da b\u00f6cek de\u011fildirler? K\u00f6pek bal\u0131klar\u0131 nas\u0131l avlan\u0131r? Denizatlar\u0131 nas\u0131l benzersizdir? \u00d6r\u00fcmceklerin ka\u00e7 g\u00f6z\u00fc vard\u0131r? Kutup tilkileri nas\u0131l avlan\u0131r? U\u011fur b\u00f6cekleri bitkileri nas\u0131l korur? Ku\u015flar g\u00fcneye giden yolu nas\u0131l bulurlar? Deve ku\u015fu kanatlar\u0131n\u0131 kullan\u0131r m\u0131? Semenderler ve yavru k\u00f6pekler aras\u0131ndaki fark nedir? Y\u0131lanlar kollar\u0131 ve bacaklar\u0131 olmaks\u0131z\u0131n nas\u0131l y\u00fczebilirler?<\/p>\n","protected":false},"excerpt":{"rendered":"<p>Kart Say\u0131s\u0131: 40Su ayg\u0131rlar\u0131, di\u011fer kara memelilerden ne kadar farkl\u0131d\u0131r? Bir gergedan boynuzlar\u0131n\u0131 nas\u0131l kullan\u0131r? Sincaplar, gizledikleri f\u0131nd\u0131klar\u0131 nas\u0131l bulurlar? Sivrisinekler kurbanlar\u0131n\u0131 nas\u0131l se\u00e7er? K\u0131rkayaklar\u0131n ka\u00e7<span class=\"excerpt-hellip\"> [\u2026]<\/span><\/p>\n","protected":false},"featured_media":0,"template":"","meta":{"_monsterinsights_skip_tracking":false,"_monsterinsights_sitenote_active":false,"_monsterinsights_sitenote_note":"","_monsterinsights_sitenote_category":0},"product_brand":[],"product_cat":[13829,12274],"product_tag":[],"class_list":{"0":"post-748183","1":"product","2":"type-product","3":"status-publish","5":"product_cat-bilimsel-kitaplar","6":"product_cat-cocuk-ve-genclik-kitaplari","7":"pa_cilt-ciltsiz","8":"pa_tur-kitap","9":"pa_yayinevi-teleskop-populer-bilim","10":"pa_yazar-ferhat-cinar","12":"first","13":"instock","14":"sale","15":"shipping-taxable","16":"purchasable","17":"product-type-simple"},"_links":{"self":[{"href":"https:\/\/roveyayinevi.com.tr\/index.php\/wp-json\/wp\/v2\/product\/748183","targetHints":{"allow":["GET"]}}],"collection":[{"href":"https:\/\/roveyayinevi.com.tr\/index.php\/wp-json\/wp\/v2\/product"}],"about":[{"href":"https:\/\/roveyayinevi.com.tr\/index.php\/wp-json\/wp\/v2\/types\/product"}],"wp:attachment":[{"href":"https:\/\/roveyayinevi.com.tr\/index.php\/wp-json\/wp\/v2\/media?parent=748183"}],"wp:term":[{"taxonomy":"product_brand","embeddable":true,"href":"https:\/\/roveyayinevi.com.tr\/index.php\/wp-json\/wp\/v2\/product_brand?post=748183"},{"taxonomy":"product_cat","embeddable":true,"href":"https:\/\/roveyayinevi.com.tr\/index.php\/wp-json\/wp\/v2\/product_cat?post=748183"},{"taxonomy":"product_tag","embeddable":true,"href":"https:\/\/roveyayinevi.com.tr\/index.php\/wp-json\/wp\/v2\/product_tag?post=748183"}],"curies":[{"name":"wp","href":"https:\/\/api.w.org\/{rel}","templated":true}]}}