{"id":748182,"date":"2025-08-28T03:24:17","date_gmt":"2025-08-28T00:24:17","guid":{"rendered":"https:\/\/roveyayinevi.com.tr\/index.php\/urun\/bilgi-kartlari-dunya-2\/"},"modified":"2026-04-16T03:01:05","modified_gmt":"2026-04-16T00:01:05","slug":"bilgi-kartlari-dunya-2","status":"publish","type":"product","link":"https:\/\/roveyayinevi.com.tr\/index.php\/urun\/bilgi-kartlari-dunya-2\/","title":{"rendered":"Bilgi Kartlar\u0131 &#8211; D\u00fcnya"},"content":{"rendered":"<p>Kart Say\u0131s\u0131: 40R\u00fczg\u00e2r nas\u0131l eser? Ate\u015f b\u00f6cekleri nas\u0131l parlar? I\u015f\u0131k h\u0131z\u0131 ne kadar h\u0131zl\u0131d\u0131r? Kayalar renklerini nas\u0131l al\u0131r? Da\u011flar nas\u0131l olu\u015fur? G\u00fcn geceye nas\u0131l d\u00f6ner? G\u00fcne\u015f nas\u0131l \u0131\u015f\u0131k verir? Kar nas\u0131l olu\u015fur? Ya\u011fmur damlalar\u0131 ne kadar b\u00fcy\u00fckl\u00fcktedir? G\u00f6kku\u015fa\u011f\u0131 nas\u0131l g\u00f6r\u00fcn\u00fcr? Bulutlar nas\u0131l olu\u015fur? Ku\u015flar elektrik tellerinde nas\u0131l g\u00fcvenle dururlar? Ku\u015flar nas\u0131l u\u00e7ar? Ar\u0131lar nas\u0131l bal yapar? Bir t\u0131rt\u0131l nas\u0131l bir kelebek h\u00e2line d\u00f6n\u00fc\u015f\u00fcr? Bukalemunlar nas\u0131l renk de\u011fi\u015ftirir? Yenge\u00e7ler nas\u0131l yan yan y\u00fcr\u00fcyebilirler? Penguenler so\u011fuk yerlerde nas\u0131l hayatta kal\u0131rlar? Bal\u0131klar suyun i\u00e7inde nas\u0131l solunum yaparlar? Kakt\u00fcs, su olmadan nas\u0131l ya\u015fayabilir? Bitkiler nas\u0131l su i\u00e7er? Bitkiler nas\u0131l solunum yapar? Tohumlar nas\u0131l filizlenir?<\/p>\n","protected":false},"excerpt":{"rendered":"<p>Kart Say\u0131s\u0131: 40R\u00fczg\u00e2r nas\u0131l eser? Ate\u015f b\u00f6cekleri nas\u0131l parlar? I\u015f\u0131k h\u0131z\u0131 ne kadar h\u0131zl\u0131d\u0131r? Kayalar renklerini nas\u0131l al\u0131r? Da\u011flar nas\u0131l olu\u015fur? G\u00fcn geceye nas\u0131l d\u00f6ner? G\u00fcne\u015f<span class=\"excerpt-hellip\"> [\u2026]<\/span><\/p>\n","protected":false},"featured_media":0,"template":"","meta":{"_monsterinsights_skip_tracking":false,"_monsterinsights_sitenote_active":false,"_monsterinsights_sitenote_note":"","_monsterinsights_sitenote_category":0},"product_brand":[],"product_cat":[13829,12274],"product_tag":[],"class_list":{"0":"post-748182","1":"product","2":"type-product","3":"status-publish","5":"product_cat-bilimsel-kitaplar","6":"product_cat-cocuk-ve-genclik-kitaplari","7":"pa_cilt-ciltsiz","8":"pa_tur-kitap","9":"pa_yayinevi-teleskop-populer-bilim","10":"pa_yazar-ferhat-cinar","12":"first","13":"instock","14":"sale","15":"shipping-taxable","16":"purchasable","17":"product-type-simple"},"_links":{"self":[{"href":"https:\/\/roveyayinevi.com.tr\/index.php\/wp-json\/wp\/v2\/product\/748182","targetHints":{"allow":["GET"]}}],"collection":[{"href":"https:\/\/roveyayinevi.com.tr\/index.php\/wp-json\/wp\/v2\/product"}],"about":[{"href":"https:\/\/roveyayinevi.com.tr\/index.php\/wp-json\/wp\/v2\/types\/product"}],"wp:attachment":[{"href":"https:\/\/roveyayinevi.com.tr\/index.php\/wp-json\/wp\/v2\/media?parent=748182"}],"wp:term":[{"taxonomy":"product_brand","embeddable":true,"href":"https:\/\/roveyayinevi.com.tr\/index.php\/wp-json\/wp\/v2\/product_brand?post=748182"},{"taxonomy":"product_cat","embeddable":true,"href":"https:\/\/roveyayinevi.com.tr\/index.php\/wp-json\/wp\/v2\/product_cat?post=748182"},{"taxonomy":"product_tag","embeddable":true,"href":"https:\/\/roveyayinevi.com.tr\/index.php\/wp-json\/wp\/v2\/product_tag?post=748182"}],"curies":[{"name":"wp","href":"https:\/\/api.w.org\/{rel}","templated":true}]}}