{"id":748180,"date":"2025-08-28T03:24:14","date_gmt":"2025-08-28T00:24:14","guid":{"rendered":"https:\/\/roveyayinevi.com.tr\/index.php\/urun\/anaokulunda-bir-yil-ciltli\/"},"modified":"2026-04-16T03:01:04","modified_gmt":"2026-04-16T00:01:04","slug":"anaokulunda-bir-yil-ciltli","status":"publish","type":"product","link":"https:\/\/roveyayinevi.com.tr\/index.php\/urun\/anaokulunda-bir-yil-ciltli\/","title":{"rendered":"Anaokulunda Bir Y\u0131l (Ciltli)"},"content":{"rendered":"<p>Anaokulunda Bir Y\u0131lSessiz kitap olarak tasarlanan Anaokulunda Bir Y\u0131l kitab\u0131, \u00e7ocu\u011funuzu okul \u00f6ncesi hayatla tan\u0131\u015ft\u0131ran harika \u00e7izimler i\u00e7erir.Anaokulunda bir y\u0131l boyunca her ay ya\u015fanan \u00f6nemli olaylar\u0131, bayramlar\u0131 ve kutlamalar\u0131 ya\u015fayan karakterlere e\u015flik ederek \u00f6\u011freniyoruz. G\u00fcnl\u00fck hayat\u0131, e\u011flence ve oyunlar\u0131 g\u00f6zlemliyoruz. Her sayfada karakterlerin etkile\u015fimlerini izliyoruz.Ayr\u0131nt\u0131l\u0131 resimler sayesinde, \u00e7ocuklar hik\u00e2ye anlatma yetene\u011fini geli\u015ftirir. En \u00f6nemlisi ise resimlerdeki ayr\u0131nt\u0131lar\u0131 ke\u015ffetmek \u00e7ocu\u011funuz i\u00e7in \u00e7ok e\u011flenceli olacak.<\/p>\n","protected":false},"excerpt":{"rendered":"<p>Anaokulunda Bir Y\u0131lSessiz kitap olarak tasarlanan Anaokulunda Bir Y\u0131l kitab\u0131, \u00e7ocu\u011funuzu okul \u00f6ncesi hayatla tan\u0131\u015ft\u0131ran harika \u00e7izimler i\u00e7erir.Anaokulunda bir y\u0131l boyunca her ay ya\u015fanan \u00f6nemli olaylar\u0131,<span class=\"excerpt-hellip\"> [\u2026]<\/span><\/p>\n","protected":false},"featured_media":0,"template":"","meta":{"_monsterinsights_skip_tracking":false,"_monsterinsights_sitenote_active":false,"_monsterinsights_sitenote_note":"","_monsterinsights_sitenote_category":0},"product_brand":[],"product_cat":[12274,12284],"product_tag":[],"class_list":{"0":"post-748180","1":"product","2":"type-product","3":"status-publish","5":"product_cat-cocuk-ve-genclik-kitaplari","6":"product_cat-hikayeler","7":"pa_cilt-ciltli","8":"pa_tur-kitap","9":"pa_yayinevi-teleskop-populer-bilim","10":"pa_yazar-przemyslaw-liput","12":"first","13":"instock","14":"sale","15":"shipping-taxable","16":"purchasable","17":"product-type-simple"},"_links":{"self":[{"href":"https:\/\/roveyayinevi.com.tr\/index.php\/wp-json\/wp\/v2\/product\/748180","targetHints":{"allow":["GET"]}}],"collection":[{"href":"https:\/\/roveyayinevi.com.tr\/index.php\/wp-json\/wp\/v2\/product"}],"about":[{"href":"https:\/\/roveyayinevi.com.tr\/index.php\/wp-json\/wp\/v2\/types\/product"}],"wp:attachment":[{"href":"https:\/\/roveyayinevi.com.tr\/index.php\/wp-json\/wp\/v2\/media?parent=748180"}],"wp:term":[{"taxonomy":"product_brand","embeddable":true,"href":"https:\/\/roveyayinevi.com.tr\/index.php\/wp-json\/wp\/v2\/product_brand?post=748180"},{"taxonomy":"product_cat","embeddable":true,"href":"https:\/\/roveyayinevi.com.tr\/index.php\/wp-json\/wp\/v2\/product_cat?post=748180"},{"taxonomy":"product_tag","embeddable":true,"href":"https:\/\/roveyayinevi.com.tr\/index.php\/wp-json\/wp\/v2\/product_tag?post=748180"}],"curies":[{"name":"wp","href":"https:\/\/api.w.org\/{rel}","templated":true}]}}