{"id":748177,"date":"2025-08-28T03:24:10","date_gmt":"2025-08-28T00:24:10","guid":{"rendered":"https:\/\/roveyayinevi.com.tr\/index.php\/urun\/dostumuz-kopekler-bu-nasil-olabilir\/"},"modified":"2026-04-16T03:01:04","modified_gmt":"2026-04-16T00:01:04","slug":"dostumuz-kopekler-bu-nasil-olabilir","status":"publish","type":"product","link":"https:\/\/roveyayinevi.com.tr\/index.php\/urun\/dostumuz-kopekler-bu-nasil-olabilir\/","title":{"rendered":"Dostumuz K\u00f6pekler &#8211; Bu Nas\u0131l Olabilir?"},"content":{"rendered":"<p>Leyla ile ona bir yuva ve sevgisini verdi\u011fi biraz kaba ama sevimli k\u00f6pe\u011fi T\u00fcyl\u00fc\u2019y\u00fc tan\u0131yaca\u011f\u0131m\u0131z bu kitapta gezinmeye haz\u0131r m\u0131s\u0131n\u0131z? Leyla k\u00f6pe\u011finin e\u011fitimi i\u00e7in biraz daha \u00e7al\u0131\u015fmak zorunda.Ona bir kedinin de arkada\u015f\u0131 olabilece\u011fini \u00f6\u011fretmeye \u00e7al\u0131\u015f\u0131yor. Bu zor bir s\u00fcre\u00e7 ama T\u00fcyl\u00fc do\u011fru yolda ilerliyor. Sad\u0131k bir arkada\u015fa sahip olman\u0131n sevinci t\u00fcm zorluklar\u0131 unutturabilir.Bu kitap, 2-6 ya\u015f aras\u0131ndaki \u00e7ocuklar\u0131n, k\u00f6pekleri g\u00f6zlemlemesini hedefleyen komik bir resimli kitapt\u0131r. Kitaptaki kahramanlarla birlikte bir veterineri, g\u00fczellik salonunu, hayvanlar i\u00e7in oyun alan\u0131n\u0131 ve di\u011fer bir\u00e7ok ilgin\u00e7 yeri ziyaret edeceksiniz.Baz\u0131 k\u00f6peklerin \u00f6nemli \u015feyleri nas\u0131l ger\u00e7ekle\u015ftirdi\u011fini g\u00f6recek, cinslerini, al\u0131\u015fkanl\u0131klar\u0131n\u0131 ve becerilerini harika \u00e7izimler e\u015fli\u011finde \u00f6\u011freneceksiniz. Ayr\u0131ca bu hayvanlar\u0131n bak\u0131m\u0131n\u0131n nas\u0131l yap\u0131labilece\u011fini \u00f6\u011frenecek ve gizli detaylar\u0131 bularak, bulmacalar\u0131 \u00e7\u00f6zerek \u00e7ocu\u011funuzla birlikte alg\u0131n\u0131z\u0131 test edeceksiniz. \u0130yi e\u011flenceler\u2026<\/p>\n","protected":false},"excerpt":{"rendered":"<p>Leyla ile ona bir yuva ve sevgisini verdi\u011fi biraz kaba ama sevimli k\u00f6pe\u011fi T\u00fcyl\u00fc\u2019y\u00fc tan\u0131yaca\u011f\u0131m\u0131z bu kitapta gezinmeye haz\u0131r m\u0131s\u0131n\u0131z? Leyla k\u00f6pe\u011finin e\u011fitimi i\u00e7in biraz daha<span class=\"excerpt-hellip\"> [\u2026]<\/span><\/p>\n","protected":false},"featured_media":0,"template":"","meta":{"_monsterinsights_skip_tracking":false,"_monsterinsights_sitenote_active":false,"_monsterinsights_sitenote_note":"","_monsterinsights_sitenote_category":0},"product_brand":[],"product_cat":[12274,14573],"product_tag":[],"class_list":{"0":"post-748177","1":"product","2":"type-product","3":"status-publish","5":"product_cat-cocuk-ve-genclik-kitaplari","6":"product_cat-referans-kitaplar-cocuk-ve-genclik-kitaplari","7":"pa_cilt-ciltli","8":"pa_tur-kitap","9":"pa_yayinevi-teleskop-populer-bilim","10":"pa_yazar-paulina-wyrt","12":"first","13":"instock","14":"sale","15":"shipping-taxable","16":"purchasable","17":"product-type-simple"},"_links":{"self":[{"href":"https:\/\/roveyayinevi.com.tr\/index.php\/wp-json\/wp\/v2\/product\/748177","targetHints":{"allow":["GET"]}}],"collection":[{"href":"https:\/\/roveyayinevi.com.tr\/index.php\/wp-json\/wp\/v2\/product"}],"about":[{"href":"https:\/\/roveyayinevi.com.tr\/index.php\/wp-json\/wp\/v2\/types\/product"}],"wp:attachment":[{"href":"https:\/\/roveyayinevi.com.tr\/index.php\/wp-json\/wp\/v2\/media?parent=748177"}],"wp:term":[{"taxonomy":"product_brand","embeddable":true,"href":"https:\/\/roveyayinevi.com.tr\/index.php\/wp-json\/wp\/v2\/product_brand?post=748177"},{"taxonomy":"product_cat","embeddable":true,"href":"https:\/\/roveyayinevi.com.tr\/index.php\/wp-json\/wp\/v2\/product_cat?post=748177"},{"taxonomy":"product_tag","embeddable":true,"href":"https:\/\/roveyayinevi.com.tr\/index.php\/wp-json\/wp\/v2\/product_tag?post=748177"}],"curies":[{"name":"wp","href":"https:\/\/api.w.org\/{rel}","templated":true}]}}