{"id":748176,"date":"2025-08-28T03:24:08","date_gmt":"2025-08-28T00:24:08","guid":{"rendered":"https:\/\/roveyayinevi.com.tr\/index.php\/urun\/hareketli-kediler-bu-nasil-olabilirciltli\/"},"modified":"2026-04-16T03:01:04","modified_gmt":"2026-04-16T00:01:04","slug":"hareketli-kediler-bu-nasil-olabilirciltli","status":"publish","type":"product","link":"https:\/\/roveyayinevi.com.tr\/index.php\/urun\/hareketli-kediler-bu-nasil-olabilirciltli\/","title":{"rendered":"Hareketli Kediler &#8211; Bu Nas\u0131l Olabilir?(Ciltli)"},"content":{"rendered":"<p>Sevimli kedimiz Tombul\u2019un hayat\u0131 tam anlam\u0131yla d\u00fczenli ve huzurludur. Mama kasesinden kanepeye, kanepeden mama kasesine tekrar geri gider s\u00fcrekli. Ancak bir g\u00fcn Rafet bey ve ailesi onun bu hareketsizli\u011finin sona ermesi i\u00e7in bir arkada\u015fa ihtiyac\u0131 oldu\u011funu fark ederler&#8230; Ve b\u00f6ylece aileleri hayvan bar\u0131na\u011f\u0131ndan al\u0131nan Mini\u015f adl\u0131 sevimli bir kediyle b\u00fcy\u00fcr.Bu kitap kedilerin ne yapt\u0131\u011f\u0131yla ilgili, her ya\u015ftan kedi sever i\u00e7in e\u011flenceli bir resimli hikaye. Ve ayn\u0131 zamanda Tombul ile Mini\u015f\u2019in maceralar\u0131ndan kendini kurtaramayacak k\u00fc\u00e7\u00fck bir okuyucu i\u00e7in ilk kedi ansiklopedisi. Mini\u015f, Tombul ve arkada\u015flar\u0131n\u0131n maceralar\u0131n\u0131 heyecanla okumaya haz\u0131rsak hayvan bak\u0131m\u0131n\u0131n temellerini de \u00f6\u011frenebiliriz demektir.Kediler neler yapar? Bu iyi bir soru. Her \u00e7ocuk bu s\u0131ra d\u0131\u015f\u0131 hayvanlar\u0131 k\u00fc\u00e7\u00fck ya\u015flardayken tan\u0131mal\u0131. Bu kitap, 2-6 ya\u015f aras\u0131ndaki \u00e7ocuklar\u0131n, kedileri g\u00f6zlemlemesini hedefler. \u00c7ocuklar\u0131n kedileri ve onlar\u0131n ya\u015famlar\u0131n\u0131 fark etmelerini sa\u011flar. Kimi zaman \u00e7ocuklar; kedilere g\u00fcl\u00fcmser, merak eder, endi\u015feli veya ciddi olarak onlar\u0131 izlerler. Bu kitap kedilerin huylar\u0131 ve ihtiya\u00e7lar\u0131 ile ilgili bilgi verirken, di\u011fer yandan karakterlerin duygu ve maceralar\u0131n\u0131 anlat\u0131yor. Okuman\u0131n tad\u0131n\u0131 \u00e7\u0131kar\u0131n!Dorota Suminska<\/p>\n","protected":false},"excerpt":{"rendered":"<p>Sevimli kedimiz Tombul\u2019un hayat\u0131 tam anlam\u0131yla d\u00fczenli ve huzurludur. Mama kasesinden kanepeye, kanepeden mama kasesine tekrar geri gider s\u00fcrekli. Ancak bir g\u00fcn Rafet bey ve ailesi<span class=\"excerpt-hellip\"> [\u2026]<\/span><\/p>\n","protected":false},"featured_media":0,"template":"","meta":{"_monsterinsights_skip_tracking":false,"_monsterinsights_sitenote_active":false,"_monsterinsights_sitenote_note":"","_monsterinsights_sitenote_category":0},"product_brand":[],"product_cat":[12274,12284],"product_tag":[],"class_list":{"0":"post-748176","1":"product","2":"type-product","3":"status-publish","5":"product_cat-cocuk-ve-genclik-kitaplari","6":"product_cat-hikayeler","7":"pa_cilt-ciltli","8":"pa_tur-kitap","9":"pa_yayinevi-teleskop-populer-bilim","10":"pa_yazar-nicola-kucharska","12":"first","13":"instock","14":"sale","15":"shipping-taxable","16":"purchasable","17":"product-type-simple"},"_links":{"self":[{"href":"https:\/\/roveyayinevi.com.tr\/index.php\/wp-json\/wp\/v2\/product\/748176","targetHints":{"allow":["GET"]}}],"collection":[{"href":"https:\/\/roveyayinevi.com.tr\/index.php\/wp-json\/wp\/v2\/product"}],"about":[{"href":"https:\/\/roveyayinevi.com.tr\/index.php\/wp-json\/wp\/v2\/types\/product"}],"wp:attachment":[{"href":"https:\/\/roveyayinevi.com.tr\/index.php\/wp-json\/wp\/v2\/media?parent=748176"}],"wp:term":[{"taxonomy":"product_brand","embeddable":true,"href":"https:\/\/roveyayinevi.com.tr\/index.php\/wp-json\/wp\/v2\/product_brand?post=748176"},{"taxonomy":"product_cat","embeddable":true,"href":"https:\/\/roveyayinevi.com.tr\/index.php\/wp-json\/wp\/v2\/product_cat?post=748176"},{"taxonomy":"product_tag","embeddable":true,"href":"https:\/\/roveyayinevi.com.tr\/index.php\/wp-json\/wp\/v2\/product_tag?post=748176"}],"curies":[{"name":"wp","href":"https:\/\/api.w.org\/{rel}","templated":true}]}}