{"id":748175,"date":"2025-08-28T03:24:07","date_gmt":"2025-08-28T00:24:07","guid":{"rendered":"https:\/\/roveyayinevi.com.tr\/index.php\/urun\/heyecan-verici-ucaklar-bu-nasil-olabilirciltli\/"},"modified":"2026-04-16T03:01:04","modified_gmt":"2026-04-16T00:01:04","slug":"heyecan-verici-ucaklar-bu-nasil-olabilirciltli","status":"publish","type":"product","link":"https:\/\/roveyayinevi.com.tr\/index.php\/urun\/heyecan-verici-ucaklar-bu-nasil-olabilirciltli\/","title":{"rendered":"Heyecan Verici U\u00e7aklar &#8211; Bu Nas\u0131l Olabilir?(Ciltli)"},"content":{"rendered":"<p>G\u00f6ky\u00fcz\u00fcnde ne \u00e7ok hareket var! Yolcu ve nakliye u\u00e7aklar\u0131, plan\u00f6rler, hafif u\u00e7aklar, helikopterler, motorlu kanatl\u0131 plan\u00f6rler, modern ve klasik, spor ve kurtarma u\u00e7aklar\u0131n\u0131n yan\u0131 s\u0131ra dronlar, u\u00e7urtmalar, balonlar ve bazen \u015fa\u015f\u0131rt\u0131c\u0131 olan di\u011fer u\u00e7aklar. G\u00f6ky\u00fcz\u00fcndeki yollar muhtemelen ara\u00e7 trafi\u011finden \u00e7ok daha kalabal\u0131k.Bu kitap 2-6 ya\u015f aras\u0131 \u00e7ocuklar\u0131n \u00e7evrelerini g\u00f6zlemlemeyi sevmeleri i\u00e7in haz\u0131rlanm\u0131\u015ft\u0131r. Sadece okumak i\u00e7in de\u011fil, \u00e7izimleriyle g\u00f6rsellik a\u00e7\u0131s\u0131ndan da harika bir kitap. Alg\u0131lamay\u0131, hikaye anlatma becerisini geli\u015ftirir, \u00e7evresinde olan bitene ilgisini art\u0131r\u0131r ama hepsinden \u00f6nemlisi \u00e7ok e\u011flencelidir. G\u00fczel ve yarat\u0131c\u0131 bir \u015fekilde zaman ge\u00e7irmenin bir yoludur.Kitab\u0131n ana karakteri olan ve her sayfada bizi kar\u015f\u0131layan u\u00e7ak; t\u00fcm u\u00e7ak hayranlar\u0131n\u0131 havaalan\u0131na, model u\u00e7ak yar\u0131\u015f\u0131na, askeri e\u011fitime, hangar ve havac\u0131l\u0131k m\u00fczesine ziyarete ve hatta su kaya\u011f\u0131na g\u00f6t\u00fcr\u00fcyor. Ondan s\u0131k\u0131lmak imkans\u0131z!Ba\u015f\u0131m\u0131z\u0131n \u00fczerinde s\u00fcrekli bir hareket var. S\u00fcrekli olarak yeni \u015fa\u015f\u0131rt\u0131c\u0131 u\u00e7an makineler \u00fcretiliyor ve o kadar h\u0131zl\u0131 u\u00e7uyorlar ki onlara dikkatlice bakmak i\u00e7in zaman\u0131m\u0131z yok. Bu kitap sayesinde u\u00e7aklar\u0131n ne yapt\u0131\u011f\u0131n\u0131 yak\u0131ndan ve acele etmeden g\u00f6rece\u011fiz.Mutlu u\u00e7u\u015flar!Tadeusz SznukGazeteci ve pilot<\/p>\n","protected":false},"excerpt":{"rendered":"<p>G\u00f6ky\u00fcz\u00fcnde ne \u00e7ok hareket var! Yolcu ve nakliye u\u00e7aklar\u0131, plan\u00f6rler, hafif u\u00e7aklar, helikopterler, motorlu kanatl\u0131 plan\u00f6rler, modern ve klasik, spor ve kurtarma u\u00e7aklar\u0131n\u0131n yan\u0131 s\u0131ra dronlar,<span class=\"excerpt-hellip\"> [\u2026]<\/span><\/p>\n","protected":false},"featured_media":0,"template":"","meta":{"_monsterinsights_skip_tracking":false,"_monsterinsights_sitenote_active":false,"_monsterinsights_sitenote_note":"","_monsterinsights_sitenote_category":0},"product_brand":[],"product_cat":[13829,12274],"product_tag":[],"class_list":{"0":"post-748175","1":"product","2":"type-product","3":"status-publish","5":"product_cat-bilimsel-kitaplar","6":"product_cat-cocuk-ve-genclik-kitaplari","7":"pa_cilt-ciltli","8":"pa_tur-kitap","9":"pa_yayinevi-teleskop-populer-bilim","10":"pa_yazar-marcin-brykczynski","12":"first","13":"instock","14":"sale","15":"shipping-taxable","16":"purchasable","17":"product-type-simple"},"_links":{"self":[{"href":"https:\/\/roveyayinevi.com.tr\/index.php\/wp-json\/wp\/v2\/product\/748175","targetHints":{"allow":["GET"]}}],"collection":[{"href":"https:\/\/roveyayinevi.com.tr\/index.php\/wp-json\/wp\/v2\/product"}],"about":[{"href":"https:\/\/roveyayinevi.com.tr\/index.php\/wp-json\/wp\/v2\/types\/product"}],"wp:attachment":[{"href":"https:\/\/roveyayinevi.com.tr\/index.php\/wp-json\/wp\/v2\/media?parent=748175"}],"wp:term":[{"taxonomy":"product_brand","embeddable":true,"href":"https:\/\/roveyayinevi.com.tr\/index.php\/wp-json\/wp\/v2\/product_brand?post=748175"},{"taxonomy":"product_cat","embeddable":true,"href":"https:\/\/roveyayinevi.com.tr\/index.php\/wp-json\/wp\/v2\/product_cat?post=748175"},{"taxonomy":"product_tag","embeddable":true,"href":"https:\/\/roveyayinevi.com.tr\/index.php\/wp-json\/wp\/v2\/product_tag?post=748175"}],"curies":[{"name":"wp","href":"https:\/\/api.w.org\/{rel}","templated":true}]}}