{"id":748168,"date":"2025-08-28T03:23:57","date_gmt":"2025-08-28T00:23:57","guid":{"rendered":"https:\/\/roveyayinevi.com.tr\/index.php\/urun\/501-ilginc-dunya-gercegi\/"},"modified":"2026-04-16T03:01:04","modified_gmt":"2026-04-16T00:01:04","slug":"501-ilginc-dunya-gercegi","status":"publish","type":"product","link":"https:\/\/roveyayinevi.com.tr\/index.php\/urun\/501-ilginc-dunya-gercegi\/","title":{"rendered":"501 \u0130lgin\u00e7 D\u00fcnya Ger\u00e7e\u011fi"},"content":{"rendered":"<p>-D\u00fcnya 55 kentilyon (19 adet 0) mavi balina ile ayn\u0131 a\u011f\u0131rl\u0131ktad\u0131r. -D\u00fcnyan\u0131n merkezindeki alt\u0131n \u00e7\u0131kar\u0131l\u0131p yay\u0131lsa, yery\u00fcz\u00fcnde 45 cm kal\u0131nl\u0131\u011f\u0131nda bir \u00f6rt\u00fc olu\u015fur. -140 milyon y\u0131l sonra D\u00fcnya\u2019daki bir g\u00fcn\u00fcn uzunlu\u011funun 25 saat olaca\u011f\u0131 tahmin ediliyor. Bunlar gibi 501 ilgin\u00e7 d\u00fcnya ger\u00e7e\u011fini bulabilece\u011finiz bu kitapla hem e\u011flenecek hem de ilgin\u00e7 bilgiler \u00f6\u011freneceksiniz\u2026<\/p>\n","protected":false},"excerpt":{"rendered":"<p>-D\u00fcnya 55 kentilyon (19 adet 0) mavi balina ile ayn\u0131 a\u011f\u0131rl\u0131ktad\u0131r. -D\u00fcnyan\u0131n merkezindeki alt\u0131n \u00e7\u0131kar\u0131l\u0131p yay\u0131lsa, yery\u00fcz\u00fcnde 45 cm kal\u0131nl\u0131\u011f\u0131nda bir \u00f6rt\u00fc olu\u015fur. -140 milyon y\u0131l<span class=\"excerpt-hellip\"> [\u2026]<\/span><\/p>\n","protected":false},"featured_media":0,"template":"","meta":{"_monsterinsights_skip_tracking":false,"_monsterinsights_sitenote_active":false,"_monsterinsights_sitenote_note":"","_monsterinsights_sitenote_category":0},"product_brand":[],"product_cat":[13005,37328],"product_tag":[],"class_list":{"0":"post-748168","1":"product","2":"type-product","3":"status-publish","5":"product_cat-bilim-muhendislik","6":"product_cat-diger-bilim-muhendislik","7":"pa_cilt-ciltli","8":"pa_tur-kitap","9":"pa_yayinevi-teleskop-populer-bilim","10":"pa_yazar-emre-erdogan","12":"first","13":"instock","14":"sale","15":"shipping-taxable","16":"purchasable","17":"product-type-simple"},"_links":{"self":[{"href":"https:\/\/roveyayinevi.com.tr\/index.php\/wp-json\/wp\/v2\/product\/748168","targetHints":{"allow":["GET"]}}],"collection":[{"href":"https:\/\/roveyayinevi.com.tr\/index.php\/wp-json\/wp\/v2\/product"}],"about":[{"href":"https:\/\/roveyayinevi.com.tr\/index.php\/wp-json\/wp\/v2\/types\/product"}],"wp:attachment":[{"href":"https:\/\/roveyayinevi.com.tr\/index.php\/wp-json\/wp\/v2\/media?parent=748168"}],"wp:term":[{"taxonomy":"product_brand","embeddable":true,"href":"https:\/\/roveyayinevi.com.tr\/index.php\/wp-json\/wp\/v2\/product_brand?post=748168"},{"taxonomy":"product_cat","embeddable":true,"href":"https:\/\/roveyayinevi.com.tr\/index.php\/wp-json\/wp\/v2\/product_cat?post=748168"},{"taxonomy":"product_tag","embeddable":true,"href":"https:\/\/roveyayinevi.com.tr\/index.php\/wp-json\/wp\/v2\/product_tag?post=748168"}],"curies":[{"name":"wp","href":"https:\/\/api.w.org\/{rel}","templated":true}]}}