{"id":748167,"date":"2025-08-28T03:23:56","date_gmt":"2025-08-28T00:23:56","guid":{"rendered":"https:\/\/roveyayinevi.com.tr\/index.php\/urun\/501-ilginc-hayvan-gercegi\/"},"modified":"2026-04-16T03:01:04","modified_gmt":"2026-04-16T00:01:04","slug":"501-ilginc-hayvan-gercegi","status":"publish","type":"product","link":"https:\/\/roveyayinevi.com.tr\/index.php\/urun\/501-ilginc-hayvan-gercegi\/","title":{"rendered":"501 \u0130lgin\u00e7 Hayvan Ger\u00e7e\u011fi"},"content":{"rendered":"<p>-E\u015feklerin haf\u0131zalar\u0131 muhte\u015femdir, 25 y\u0131l \u00f6nce g\u00f6rd\u00fc\u011f\u00fc bir e\u015fe\u011fi tan\u0131yabilir. -K\u00f6stebekler her 24 saat i\u00e7inde kendi a\u011f\u0131rl\u0131klar\u0131 kadar yemek yerler. -Mirketler, sevdiklerini ba\u015fka bir grupta g\u00f6rd\u00fcklerinde kahr\u0131ndan \u00f6l\u00fcrler. Bunlar gibi 501 ilgin\u00e7 hayvan ger\u00e7e\u011fini bulabilece\u011finiz bu kitapla hem e\u011flenecek hem de ilgin\u00e7 bilgiler \u00f6\u011freneceksiniz\u2026<\/p>\n","protected":false},"excerpt":{"rendered":"<p>-E\u015feklerin haf\u0131zalar\u0131 muhte\u015femdir, 25 y\u0131l \u00f6nce g\u00f6rd\u00fc\u011f\u00fc bir e\u015fe\u011fi tan\u0131yabilir. -K\u00f6stebekler her 24 saat i\u00e7inde kendi a\u011f\u0131rl\u0131klar\u0131 kadar yemek yerler. -Mirketler, sevdiklerini ba\u015fka bir grupta g\u00f6rd\u00fcklerinde<span class=\"excerpt-hellip\"> [\u2026]<\/span><\/p>\n","protected":false},"featured_media":0,"template":"","meta":{"_monsterinsights_skip_tracking":false,"_monsterinsights_sitenote_active":false,"_monsterinsights_sitenote_note":"","_monsterinsights_sitenote_category":0},"product_brand":[],"product_cat":[13005,13006],"product_tag":[],"class_list":{"0":"post-748167","1":"product","2":"type-product","3":"status-publish","5":"product_cat-bilim-muhendislik","6":"product_cat-populer-bilim","7":"pa_cilt-ciltli","8":"pa_tur-kitap","9":"pa_yayinevi-teleskop-populer-bilim","10":"pa_yazar-emre-erdogan","12":"first","13":"instock","14":"sale","15":"shipping-taxable","16":"purchasable","17":"product-type-simple"},"_links":{"self":[{"href":"https:\/\/roveyayinevi.com.tr\/index.php\/wp-json\/wp\/v2\/product\/748167","targetHints":{"allow":["GET"]}}],"collection":[{"href":"https:\/\/roveyayinevi.com.tr\/index.php\/wp-json\/wp\/v2\/product"}],"about":[{"href":"https:\/\/roveyayinevi.com.tr\/index.php\/wp-json\/wp\/v2\/types\/product"}],"wp:attachment":[{"href":"https:\/\/roveyayinevi.com.tr\/index.php\/wp-json\/wp\/v2\/media?parent=748167"}],"wp:term":[{"taxonomy":"product_brand","embeddable":true,"href":"https:\/\/roveyayinevi.com.tr\/index.php\/wp-json\/wp\/v2\/product_brand?post=748167"},{"taxonomy":"product_cat","embeddable":true,"href":"https:\/\/roveyayinevi.com.tr\/index.php\/wp-json\/wp\/v2\/product_cat?post=748167"},{"taxonomy":"product_tag","embeddable":true,"href":"https:\/\/roveyayinevi.com.tr\/index.php\/wp-json\/wp\/v2\/product_tag?post=748167"}],"curies":[{"name":"wp","href":"https:\/\/api.w.org\/{rel}","templated":true}]}}