{"id":748166,"date":"2025-08-28T03:23:54","date_gmt":"2025-08-28T00:23:54","guid":{"rendered":"https:\/\/roveyayinevi.com.tr\/index.php\/urun\/501-ilginc-unlu-gercegi\/"},"modified":"2026-04-16T03:01:04","modified_gmt":"2026-04-16T00:01:04","slug":"501-ilginc-unlu-gercegi","status":"publish","type":"product","link":"https:\/\/roveyayinevi.com.tr\/index.php\/urun\/501-ilginc-unlu-gercegi\/","title":{"rendered":"501 \u0130lgin\u00e7 \u00dcnl\u00fc Ger\u00e7e\u011fi"},"content":{"rendered":"<p>-Einstein 4 ya\u015f\u0131na kadar konu\u015famad\u0131. \u0130simleri, telefon numaralar\u0131n\u0131 ve tarihleri unuturdu. -Stephen Hawking de 8 ya\u015f\u0131na kadar konu\u015fmay\u0131 s\u00f6kemedi. -17 ya\u015f\u0131nda meridyenleri \u00f6l\u00e7meyi ba\u015faran Biruni, 30 bilim dal\u0131nda 180 kitap yazd\u0131. Bunlar gibi 501 ilgin\u00e7 \u00fcnl\u00fc ger\u00e7e\u011fini bulabilece\u011finiz bu kitapla hem e\u011flenecek hem de ilgin\u00e7 bilgiler \u00f6\u011freneceksiniz\u2026<\/p>\n","protected":false},"excerpt":{"rendered":"<p>-Einstein 4 ya\u015f\u0131na kadar konu\u015famad\u0131. \u0130simleri, telefon numaralar\u0131n\u0131 ve tarihleri unuturdu. -Stephen Hawking de 8 ya\u015f\u0131na kadar konu\u015fmay\u0131 s\u00f6kemedi. -17 ya\u015f\u0131nda meridyenleri \u00f6l\u00e7meyi ba\u015faran Biruni, 30<span class=\"excerpt-hellip\"> [\u2026]<\/span><\/p>\n","protected":false},"featured_media":0,"template":"","meta":{"_monsterinsights_skip_tracking":false,"_monsterinsights_sitenote_active":false,"_monsterinsights_sitenote_note":"","_monsterinsights_sitenote_category":0},"product_brand":[],"product_cat":[14009,12291],"product_tag":[],"class_list":{"0":"post-748166","1":"product","2":"type-product","3":"status-publish","5":"product_cat-biyografi-otobiyografi-edebiyat","6":"product_cat-edebiyat","7":"pa_cilt-ciltli","8":"pa_tur-kitap","9":"pa_yayinevi-teleskop-populer-bilim","10":"pa_yazar-emre-erdogan","12":"first","13":"instock","14":"sale","15":"shipping-taxable","16":"purchasable","17":"product-type-simple"},"_links":{"self":[{"href":"https:\/\/roveyayinevi.com.tr\/index.php\/wp-json\/wp\/v2\/product\/748166","targetHints":{"allow":["GET"]}}],"collection":[{"href":"https:\/\/roveyayinevi.com.tr\/index.php\/wp-json\/wp\/v2\/product"}],"about":[{"href":"https:\/\/roveyayinevi.com.tr\/index.php\/wp-json\/wp\/v2\/types\/product"}],"wp:attachment":[{"href":"https:\/\/roveyayinevi.com.tr\/index.php\/wp-json\/wp\/v2\/media?parent=748166"}],"wp:term":[{"taxonomy":"product_brand","embeddable":true,"href":"https:\/\/roveyayinevi.com.tr\/index.php\/wp-json\/wp\/v2\/product_brand?post=748166"},{"taxonomy":"product_cat","embeddable":true,"href":"https:\/\/roveyayinevi.com.tr\/index.php\/wp-json\/wp\/v2\/product_cat?post=748166"},{"taxonomy":"product_tag","embeddable":true,"href":"https:\/\/roveyayinevi.com.tr\/index.php\/wp-json\/wp\/v2\/product_tag?post=748166"}],"curies":[{"name":"wp","href":"https:\/\/api.w.org\/{rel}","templated":true}]}}