{"id":748164,"date":"2025-08-28T03:23:52","date_gmt":"2025-08-28T00:23:52","guid":{"rendered":"https:\/\/roveyayinevi.com.tr\/index.php\/urun\/501-ilginc-uzay-gercegi-ciltli\/"},"modified":"2026-04-16T03:01:04","modified_gmt":"2026-04-16T00:01:04","slug":"501-ilginc-uzay-gercegi-ciltli","status":"publish","type":"product","link":"https:\/\/roveyayinevi.com.tr\/index.php\/urun\/501-ilginc-uzay-gercegi-ciltli\/","title":{"rendered":"501 \u0130lgin\u00e7 Uzay Ger\u00e7e\u011fi (Ciltli)"},"content":{"rendered":"<p>-En yak\u0131n y\u0131ld\u0131za 100 kilometre h\u0131zla bir araba ile gitmeniz 356 milyar y\u0131l\u0131n\u0131z\u0131 al\u0131r. -Galaksimizde tam 40 milyar gezegen var. Yani ki\u015fi ba\u015f\u0131na 5 tane gezegen d\u00fc\u015f\u00fcyor. -G\u00fcne\u015f \u0131\u015f\u0131\u011f\u0131n\u0131n yaln\u0131zca 2,2 milyarda 1\u2019i yery\u00fcz\u00fcne ula\u015f\u0131r. Bunlar gibi 501 ilgin\u00e7 uzay ger\u00e7e\u011fini bulabilece\u011finiz bu kitapla hem e\u011flenecek hem de ilgin\u00e7 bilgiler \u00f6\u011freneceksiniz\u2026<\/p>\n","protected":false},"excerpt":{"rendered":"<p>-En yak\u0131n y\u0131ld\u0131za 100 kilometre h\u0131zla bir araba ile gitmeniz 356 milyar y\u0131l\u0131n\u0131z\u0131 al\u0131r. -Galaksimizde tam 40 milyar gezegen var. Yani ki\u015fi ba\u015f\u0131na 5 tane gezegen<span class=\"excerpt-hellip\"> [\u2026]<\/span><\/p>\n","protected":false},"featured_media":0,"template":"","meta":{"_monsterinsights_skip_tracking":false,"_monsterinsights_sitenote_active":false,"_monsterinsights_sitenote_note":"","_monsterinsights_sitenote_category":0},"product_brand":[],"product_cat":[13005,37328],"product_tag":[],"class_list":{"0":"post-748164","1":"product","2":"type-product","3":"status-publish","5":"product_cat-bilim-muhendislik","6":"product_cat-diger-bilim-muhendislik","7":"pa_cilt-ciltli","8":"pa_tur-kitap","9":"pa_yayinevi-teleskop-populer-bilim","10":"pa_yazar-emre-erdogan","12":"first","13":"instock","14":"sale","15":"shipping-taxable","16":"purchasable","17":"product-type-simple"},"_links":{"self":[{"href":"https:\/\/roveyayinevi.com.tr\/index.php\/wp-json\/wp\/v2\/product\/748164","targetHints":{"allow":["GET"]}}],"collection":[{"href":"https:\/\/roveyayinevi.com.tr\/index.php\/wp-json\/wp\/v2\/product"}],"about":[{"href":"https:\/\/roveyayinevi.com.tr\/index.php\/wp-json\/wp\/v2\/types\/product"}],"wp:attachment":[{"href":"https:\/\/roveyayinevi.com.tr\/index.php\/wp-json\/wp\/v2\/media?parent=748164"}],"wp:term":[{"taxonomy":"product_brand","embeddable":true,"href":"https:\/\/roveyayinevi.com.tr\/index.php\/wp-json\/wp\/v2\/product_brand?post=748164"},{"taxonomy":"product_cat","embeddable":true,"href":"https:\/\/roveyayinevi.com.tr\/index.php\/wp-json\/wp\/v2\/product_cat?post=748164"},{"taxonomy":"product_tag","embeddable":true,"href":"https:\/\/roveyayinevi.com.tr\/index.php\/wp-json\/wp\/v2\/product_tag?post=748164"}],"curies":[{"name":"wp","href":"https:\/\/api.w.org\/{rel}","templated":true}]}}