{"id":748163,"date":"2025-08-28T03:23:52","date_gmt":"2025-08-28T00:23:52","guid":{"rendered":"https:\/\/roveyayinevi.com.tr\/index.php\/urun\/501-ilginc-ulke-gercegi-ciltli\/"},"modified":"2026-04-16T03:01:04","modified_gmt":"2026-04-16T00:01:04","slug":"501-ilginc-ulke-gercegi-ciltli","status":"publish","type":"product","link":"https:\/\/roveyayinevi.com.tr\/index.php\/urun\/501-ilginc-ulke-gercegi-ciltli\/","title":{"rendered":"501 \u0130lgin\u00e7 \u00dclke Ger\u00e7e\u011fi (Ciltli)"},"content":{"rendered":"<p>-Amerikal\u0131lar\u0131n yakla\u015f\u0131k %27\u2019si Ay\u2019a ini\u015fin sahte oldu\u011funa inan\u0131yor. -Fransa\u2019da her be\u015f ki\u015fiden biri depresyon ile m\u00fccadele ediyor. -G\u00fcney Koreliler s\u0131navlara \u00e7al\u0131\u015ft\u0131ktan sonra du\u015f alm\u0131yor. Bunlar gibi 501 ilgin\u00e7 \u00fclke ger\u00e7e\u011fini bulabilece\u011finiz bu kitapla hem e\u011flenecek hem de ilgin\u00e7 bilgiler \u00f6\u011freneceksiniz\u2026<\/p>\n","protected":false},"excerpt":{"rendered":"<p>-Amerikal\u0131lar\u0131n yakla\u015f\u0131k %27\u2019si Ay\u2019a ini\u015fin sahte oldu\u011funa inan\u0131yor. -Fransa\u2019da her be\u015f ki\u015fiden biri depresyon ile m\u00fccadele ediyor. -G\u00fcney Koreliler s\u0131navlara \u00e7al\u0131\u015ft\u0131ktan sonra du\u015f alm\u0131yor. Bunlar gibi<span class=\"excerpt-hellip\"> [\u2026]<\/span><\/p>\n","protected":false},"featured_media":0,"template":"","meta":{"_monsterinsights_skip_tracking":false,"_monsterinsights_sitenote_active":false,"_monsterinsights_sitenote_note":"","_monsterinsights_sitenote_category":0},"product_brand":[],"product_cat":[13054,45811],"product_tag":[],"class_list":{"0":"post-748163","1":"product","2":"type-product","3":"status-publish","5":"product_cat-gezi-ve-rehber-kitaplari","6":"product_cat-ulke-rehberleri","7":"pa_cilt-ciltli","8":"pa_tur-kitap","9":"pa_yayinevi-teleskop-populer-bilim","10":"pa_yazar-emre-erdogan","12":"first","13":"instock","14":"sale","15":"shipping-taxable","16":"purchasable","17":"product-type-simple"},"_links":{"self":[{"href":"https:\/\/roveyayinevi.com.tr\/index.php\/wp-json\/wp\/v2\/product\/748163","targetHints":{"allow":["GET"]}}],"collection":[{"href":"https:\/\/roveyayinevi.com.tr\/index.php\/wp-json\/wp\/v2\/product"}],"about":[{"href":"https:\/\/roveyayinevi.com.tr\/index.php\/wp-json\/wp\/v2\/types\/product"}],"wp:attachment":[{"href":"https:\/\/roveyayinevi.com.tr\/index.php\/wp-json\/wp\/v2\/media?parent=748163"}],"wp:term":[{"taxonomy":"product_brand","embeddable":true,"href":"https:\/\/roveyayinevi.com.tr\/index.php\/wp-json\/wp\/v2\/product_brand?post=748163"},{"taxonomy":"product_cat","embeddable":true,"href":"https:\/\/roveyayinevi.com.tr\/index.php\/wp-json\/wp\/v2\/product_cat?post=748163"},{"taxonomy":"product_tag","embeddable":true,"href":"https:\/\/roveyayinevi.com.tr\/index.php\/wp-json\/wp\/v2\/product_tag?post=748163"}],"curies":[{"name":"wp","href":"https:\/\/api.w.org\/{rel}","templated":true}]}}