{"id":748161,"date":"2025-08-28T03:23:49","date_gmt":"2025-08-28T00:23:49","guid":{"rendered":"https:\/\/roveyayinevi.com.tr\/index.php\/urun\/ilginc-enler-sasirtici-gercekler\/"},"modified":"2026-04-16T03:01:04","modified_gmt":"2026-04-16T00:01:04","slug":"ilginc-enler-sasirtici-gercekler","status":"publish","type":"product","link":"https:\/\/roveyayinevi.com.tr\/index.php\/urun\/ilginc-enler-sasirtici-gercekler\/","title":{"rendered":"\u0130lgin\u00e7 En&#8217;ler-\u015ea\u015f\u0131rt\u0131c\u0131 Ger\u00e7ekler"},"content":{"rendered":"<p>Bu kitap; d\u00fcnyan\u0131n en b\u00fcy\u00fck, en a\u011f\u0131r, en h\u0131zl\u0131, en pahal\u0131, en uzun ve en k\u00fc\u00e7\u00fcklerini bir araya getiriyor. En\u2019ler kitab\u0131nda 2,72 m. Boyundaki dev adam, 633 kiloluk insan, 18 kilo do\u011fan bebek, 160 y\u0131l ya\u015fayan T\u00fcrk ve 43 dil bilen adam\u0131n k\u0131sa hikayelerinin yan\u0131nda d\u00fcnyan\u0131n en b\u00fcy\u00fck u\u00e7a\u011f\u0131, en pahal\u0131 tablosu, saati, kitab\u0131 ve otomobili de yer al\u0131yor. Kitab\u0131n son b\u00f6l\u00fcm\u00fc ise T\u00fcrk ve d\u00fcnya futbol tarihinin enlerini anlat\u0131yor.<\/p>\n","protected":false},"excerpt":{"rendered":"<p>Bu kitap; d\u00fcnyan\u0131n en b\u00fcy\u00fck, en a\u011f\u0131r, en h\u0131zl\u0131, en pahal\u0131, en uzun ve en k\u00fc\u00e7\u00fcklerini bir araya getiriyor. En\u2019ler kitab\u0131nda 2,72 m. Boyundaki dev adam,<span class=\"excerpt-hellip\"> [\u2026]<\/span><\/p>\n","protected":false},"featured_media":0,"template":"","meta":{"_monsterinsights_skip_tracking":false,"_monsterinsights_sitenote_active":false,"_monsterinsights_sitenote_note":"","_monsterinsights_sitenote_category":0},"product_brand":[],"product_cat":[13829,12274],"product_tag":[],"class_list":{"0":"post-748161","1":"product","2":"type-product","3":"status-publish","5":"product_cat-bilimsel-kitaplar","6":"product_cat-cocuk-ve-genclik-kitaplari","7":"pa_cilt-ciltsiz","8":"pa_tur-kitap","9":"pa_yayinevi-teleskop-populer-bilim","10":"pa_yazar-m-cuneyt-ozcan","12":"first","13":"instock","14":"sale","15":"shipping-taxable","16":"purchasable","17":"product-type-simple"},"_links":{"self":[{"href":"https:\/\/roveyayinevi.com.tr\/index.php\/wp-json\/wp\/v2\/product\/748161","targetHints":{"allow":["GET"]}}],"collection":[{"href":"https:\/\/roveyayinevi.com.tr\/index.php\/wp-json\/wp\/v2\/product"}],"about":[{"href":"https:\/\/roveyayinevi.com.tr\/index.php\/wp-json\/wp\/v2\/types\/product"}],"wp:attachment":[{"href":"https:\/\/roveyayinevi.com.tr\/index.php\/wp-json\/wp\/v2\/media?parent=748161"}],"wp:term":[{"taxonomy":"product_brand","embeddable":true,"href":"https:\/\/roveyayinevi.com.tr\/index.php\/wp-json\/wp\/v2\/product_brand?post=748161"},{"taxonomy":"product_cat","embeddable":true,"href":"https:\/\/roveyayinevi.com.tr\/index.php\/wp-json\/wp\/v2\/product_cat?post=748161"},{"taxonomy":"product_tag","embeddable":true,"href":"https:\/\/roveyayinevi.com.tr\/index.php\/wp-json\/wp\/v2\/product_tag?post=748161"}],"curies":[{"name":"wp","href":"https:\/\/api.w.org\/{rel}","templated":true}]}}