{"id":748159,"date":"2025-08-28T03:23:46","date_gmt":"2025-08-28T00:23:46","guid":{"rendered":"https:\/\/roveyayinevi.com.tr\/index.php\/urun\/ilginc-otomobil\/"},"modified":"2026-04-16T03:01:04","modified_gmt":"2026-04-16T00:01:04","slug":"ilginc-otomobil","status":"publish","type":"product","link":"https:\/\/roveyayinevi.com.tr\/index.php\/urun\/ilginc-otomobil\/","title":{"rendered":"\u0130lgin\u00e7 Otomobil"},"content":{"rendered":"<p>Bu eser, insano\u011flunun belki de en b\u00fcy\u00fck hayallerinden biri olan otomobilin ortaya \u00e7\u0131k\u0131\u015f hikayesini anlat\u0131yor. Otomobil tarihindeki ilkler ve enlerin yer ald\u0131\u011f\u0131 kitap, pist yar\u0131\u015flar\u0131, rekorlar, l\u00fcks ve pahal\u0131 arabalar, limuzinler, elektrikli, hibrit ve modifiye otomobiller hakk\u0131nda da bilgiler sunuyor. \u201c\u0130lgin\u00e7 Otomobil\u201d \u00fclkemizin \u201cDevrim\u201dle ba\u015flayan yerli araba sevdas\u0131na da k\u0131saca g\u00f6z at\u0131yor\u2026<\/p>\n","protected":false},"excerpt":{"rendered":"<p>Bu eser, insano\u011flunun belki de en b\u00fcy\u00fck hayallerinden biri olan otomobilin ortaya \u00e7\u0131k\u0131\u015f hikayesini anlat\u0131yor. Otomobil tarihindeki ilkler ve enlerin yer ald\u0131\u011f\u0131 kitap, pist yar\u0131\u015flar\u0131, rekorlar,<span class=\"excerpt-hellip\"> [\u2026]<\/span><\/p>\n","protected":false},"featured_media":0,"template":"","meta":{"_monsterinsights_skip_tracking":false,"_monsterinsights_sitenote_active":false,"_monsterinsights_sitenote_note":"","_monsterinsights_sitenote_category":0},"product_brand":[],"product_cat":[13829,12274],"product_tag":[],"class_list":{"0":"post-748159","1":"product","2":"type-product","3":"status-publish","5":"product_cat-bilimsel-kitaplar","6":"product_cat-cocuk-ve-genclik-kitaplari","7":"pa_cilt-ciltsiz","8":"pa_tur-kitap","9":"pa_yayinevi-teleskop-populer-bilim","10":"pa_yazar-m-cuneyt-ozcan","12":"first","13":"instock","14":"sale","15":"shipping-taxable","16":"purchasable","17":"product-type-simple"},"_links":{"self":[{"href":"https:\/\/roveyayinevi.com.tr\/index.php\/wp-json\/wp\/v2\/product\/748159","targetHints":{"allow":["GET"]}}],"collection":[{"href":"https:\/\/roveyayinevi.com.tr\/index.php\/wp-json\/wp\/v2\/product"}],"about":[{"href":"https:\/\/roveyayinevi.com.tr\/index.php\/wp-json\/wp\/v2\/types\/product"}],"wp:attachment":[{"href":"https:\/\/roveyayinevi.com.tr\/index.php\/wp-json\/wp\/v2\/media?parent=748159"}],"wp:term":[{"taxonomy":"product_brand","embeddable":true,"href":"https:\/\/roveyayinevi.com.tr\/index.php\/wp-json\/wp\/v2\/product_brand?post=748159"},{"taxonomy":"product_cat","embeddable":true,"href":"https:\/\/roveyayinevi.com.tr\/index.php\/wp-json\/wp\/v2\/product_cat?post=748159"},{"taxonomy":"product_tag","embeddable":true,"href":"https:\/\/roveyayinevi.com.tr\/index.php\/wp-json\/wp\/v2\/product_tag?post=748159"}],"curies":[{"name":"wp","href":"https:\/\/api.w.org\/{rel}","templated":true}]}}