{"id":748153,"date":"2025-08-28T03:23:38","date_gmt":"2025-08-28T00:23:38","guid":{"rendered":"https:\/\/roveyayinevi.com.tr\/index.php\/urun\/yasam-dolu-bocekler\/"},"modified":"2026-04-16T03:01:03","modified_gmt":"2026-04-16T00:01:03","slug":"yasam-dolu-bocekler","status":"publish","type":"product","link":"https:\/\/roveyayinevi.com.tr\/index.php\/urun\/yasam-dolu-bocekler\/","title":{"rendered":"Ya\u015fam Dolu B\u00f6cekler"},"content":{"rendered":"<p>B\u00f6cekler hakk\u0131nda bilinmeyen bilgilere ula\u015fabilece\u011finiz ansiklopedi k\u0131vam\u0131nda bir kitap.<\/p>\n","protected":false},"excerpt":{"rendered":"<p>B\u00f6cekler hakk\u0131nda bilinmeyen bilgilere ula\u015fabilece\u011finiz ansiklopedi k\u0131vam\u0131nda bir kitap.<\/p>\n","protected":false},"featured_media":0,"template":"","meta":{"_monsterinsights_skip_tracking":false,"_monsterinsights_sitenote_active":false,"_monsterinsights_sitenote_note":"","_monsterinsights_sitenote_category":0},"product_brand":[],"product_cat":[12274,15842],"product_tag":[],"class_list":{"0":"post-748153","1":"product","2":"type-product","3":"status-publish","5":"product_cat-cocuk-ve-genclik-kitaplari","6":"product_cat-egitici-kitaplar","7":"pa_cilt-ciltli","8":"pa_tur-kitap","9":"pa_yayinevi-teleskop-populer-bilim","10":"pa_yazar-kolektif","12":"first","13":"instock","14":"sale","15":"shipping-taxable","16":"purchasable","17":"product-type-simple"},"_links":{"self":[{"href":"https:\/\/roveyayinevi.com.tr\/index.php\/wp-json\/wp\/v2\/product\/748153","targetHints":{"allow":["GET"]}}],"collection":[{"href":"https:\/\/roveyayinevi.com.tr\/index.php\/wp-json\/wp\/v2\/product"}],"about":[{"href":"https:\/\/roveyayinevi.com.tr\/index.php\/wp-json\/wp\/v2\/types\/product"}],"wp:attachment":[{"href":"https:\/\/roveyayinevi.com.tr\/index.php\/wp-json\/wp\/v2\/media?parent=748153"}],"wp:term":[{"taxonomy":"product_brand","embeddable":true,"href":"https:\/\/roveyayinevi.com.tr\/index.php\/wp-json\/wp\/v2\/product_brand?post=748153"},{"taxonomy":"product_cat","embeddable":true,"href":"https:\/\/roveyayinevi.com.tr\/index.php\/wp-json\/wp\/v2\/product_cat?post=748153"},{"taxonomy":"product_tag","embeddable":true,"href":"https:\/\/roveyayinevi.com.tr\/index.php\/wp-json\/wp\/v2\/product_tag?post=748153"}],"curies":[{"name":"wp","href":"https:\/\/api.w.org\/{rel}","templated":true}]}}