{"id":748152,"date":"2025-08-28T03:23:37","date_gmt":"2025-08-28T00:23:37","guid":{"rendered":"https:\/\/roveyayinevi.com.tr\/index.php\/urun\/bu-iskelet-kimin\/"},"modified":"2026-04-16T03:01:03","modified_gmt":"2026-04-16T00:01:03","slug":"bu-iskelet-kimin","status":"publish","type":"product","link":"https:\/\/roveyayinevi.com.tr\/index.php\/urun\/bu-iskelet-kimin\/","title":{"rendered":"Bu \u0130skelet Kimin?"},"content":{"rendered":"<p>\u0130skelet, v\u00fccudun \u00e7ok gizemli bir par\u00e7as\u0131d\u0131r. Nas\u0131l hareket eder? Ne i\u015fe yarar? \u0130lk bak\u0131\u015fta bir insan iskeleti, bir gorilinkinden nas\u0131l ay\u0131rt edilir veya di\u011fer hayvanlar\u0131n kafataslar\u0131 aras\u0131ndan bir kaplumba\u011fa kafatas\u0131 nas\u0131l tan\u0131n\u0131r?A\u00c7ILAN 25 PENCERE SAYES\u0130NDE bu b\u00fcy\u00fcleyici belgesel kitap; kafa kurcalayan bilmeceler, e\u011fitici g\u00f6zlem oyunlar\u0131 sunar. Gizli iskelet galerisine ho\u015f geldiniz!<\/p>\n","protected":false},"excerpt":{"rendered":"<p>\u0130skelet, v\u00fccudun \u00e7ok gizemli bir par\u00e7as\u0131d\u0131r. Nas\u0131l hareket eder? Ne i\u015fe yarar? \u0130lk bak\u0131\u015fta bir insan iskeleti, bir gorilinkinden nas\u0131l ay\u0131rt edilir veya di\u011fer hayvanlar\u0131n kafataslar\u0131<span class=\"excerpt-hellip\"> [\u2026]<\/span><\/p>\n","protected":false},"featured_media":0,"template":"","meta":{"_monsterinsights_skip_tracking":false,"_monsterinsights_sitenote_active":false,"_monsterinsights_sitenote_note":"","_monsterinsights_sitenote_category":0},"product_brand":[],"product_cat":[12274,15842],"product_tag":[],"class_list":{"0":"post-748152","1":"product","2":"type-product","3":"status-publish","5":"product_cat-cocuk-ve-genclik-kitaplari","6":"product_cat-egitici-kitaplar","7":"pa_cilt-ciltli","8":"pa_tur-kitap","9":"pa_yayinevi-teleskop-populer-bilim","10":"pa_yazar-henry-cap","12":"first","13":"instock","14":"sale","15":"shipping-taxable","16":"purchasable","17":"product-type-simple"},"_links":{"self":[{"href":"https:\/\/roveyayinevi.com.tr\/index.php\/wp-json\/wp\/v2\/product\/748152","targetHints":{"allow":["GET"]}}],"collection":[{"href":"https:\/\/roveyayinevi.com.tr\/index.php\/wp-json\/wp\/v2\/product"}],"about":[{"href":"https:\/\/roveyayinevi.com.tr\/index.php\/wp-json\/wp\/v2\/types\/product"}],"wp:attachment":[{"href":"https:\/\/roveyayinevi.com.tr\/index.php\/wp-json\/wp\/v2\/media?parent=748152"}],"wp:term":[{"taxonomy":"product_brand","embeddable":true,"href":"https:\/\/roveyayinevi.com.tr\/index.php\/wp-json\/wp\/v2\/product_brand?post=748152"},{"taxonomy":"product_cat","embeddable":true,"href":"https:\/\/roveyayinevi.com.tr\/index.php\/wp-json\/wp\/v2\/product_cat?post=748152"},{"taxonomy":"product_tag","embeddable":true,"href":"https:\/\/roveyayinevi.com.tr\/index.php\/wp-json\/wp\/v2\/product_tag?post=748152"}],"curies":[{"name":"wp","href":"https:\/\/api.w.org\/{rel}","templated":true}]}}