{"id":748150,"date":"2025-08-28T03:23:35","date_gmt":"2025-08-28T00:23:35","guid":{"rendered":"https:\/\/roveyayinevi.com.tr\/index.php\/urun\/atiklari-ayristirmak-ne-ise-yararciltli\/"},"modified":"2026-04-16T03:01:03","modified_gmt":"2026-04-16T00:01:03","slug":"atiklari-ayristirmak-ne-ise-yararciltli","status":"publish","type":"product","link":"https:\/\/roveyayinevi.com.tr\/index.php\/urun\/atiklari-ayristirmak-ne-ise-yararciltli\/","title":{"rendered":"At\u0131klar\u0131 Ayr\u0131\u015ft\u0131rmak Ne \u0130\u015fe Yarar?(Ciltli)"},"content":{"rendered":"<p>Hava kirlili\u011fi, iklim m\u00fcltecileri, s\u00fcrd\u00fcr\u00fclebilir tar\u0131m, nesli t\u00fckenmekte olan t\u00fcrler&#8230;Gezegenin korunmas\u0131na ili\u015fkin t\u00fcm kavramlar\u0131 ve sorunlar\u0131 anlamak i\u00e7in gerekli bir kitap.<\/p>\n","protected":false},"excerpt":{"rendered":"<p>Hava kirlili\u011fi, iklim m\u00fcltecileri, s\u00fcrd\u00fcr\u00fclebilir tar\u0131m, nesli t\u00fckenmekte olan t\u00fcrler&#8230;Gezegenin korunmas\u0131na ili\u015fkin t\u00fcm kavramlar\u0131 ve sorunlar\u0131 anlamak i\u00e7in gerekli bir kitap.<\/p>\n","protected":false},"featured_media":0,"template":"","meta":{"_monsterinsights_skip_tracking":false,"_monsterinsights_sitenote_active":false,"_monsterinsights_sitenote_note":"","_monsterinsights_sitenote_category":0},"product_brand":[],"product_cat":[13005,37328],"product_tag":[],"class_list":{"0":"post-748150","1":"product","2":"type-product","3":"status-publish","5":"product_cat-bilim-muhendislik","6":"product_cat-diger-bilim-muhendislik","7":"pa_cilt-ciltli","8":"pa_tur-kitap","9":"pa_yayinevi-teleskop-populer-bilim","10":"pa_yazar-karine-balzeu","12":"first","13":"instock","14":"sale","15":"shipping-taxable","16":"purchasable","17":"product-type-simple"},"_links":{"self":[{"href":"https:\/\/roveyayinevi.com.tr\/index.php\/wp-json\/wp\/v2\/product\/748150","targetHints":{"allow":["GET"]}}],"collection":[{"href":"https:\/\/roveyayinevi.com.tr\/index.php\/wp-json\/wp\/v2\/product"}],"about":[{"href":"https:\/\/roveyayinevi.com.tr\/index.php\/wp-json\/wp\/v2\/types\/product"}],"wp:attachment":[{"href":"https:\/\/roveyayinevi.com.tr\/index.php\/wp-json\/wp\/v2\/media?parent=748150"}],"wp:term":[{"taxonomy":"product_brand","embeddable":true,"href":"https:\/\/roveyayinevi.com.tr\/index.php\/wp-json\/wp\/v2\/product_brand?post=748150"},{"taxonomy":"product_cat","embeddable":true,"href":"https:\/\/roveyayinevi.com.tr\/index.php\/wp-json\/wp\/v2\/product_cat?post=748150"},{"taxonomy":"product_tag","embeddable":true,"href":"https:\/\/roveyayinevi.com.tr\/index.php\/wp-json\/wp\/v2\/product_tag?post=748150"}],"curies":[{"name":"wp","href":"https:\/\/api.w.org\/{rel}","templated":true}]}}