{"id":748146,"date":"2025-08-28T03:23:31","date_gmt":"2025-08-28T00:23:31","guid":{"rendered":"https:\/\/roveyayinevi.com.tr\/index.php\/urun\/uzayda-tuvaletimizi-nasil-yapariz-ciltli\/"},"modified":"2026-04-16T03:01:03","modified_gmt":"2026-04-16T00:01:03","slug":"uzayda-tuvaletimizi-nasil-yapariz-ciltli","status":"publish","type":"product","link":"https:\/\/roveyayinevi.com.tr\/index.php\/urun\/uzayda-tuvaletimizi-nasil-yapariz-ciltli\/","title":{"rendered":"Uzayda Tuvaletimizi Nas\u0131l Yapar\u0131z? (Ciltli)"},"content":{"rendered":"<p>Astronotluk, insanl\u0131 u\u00e7u\u015flar, bir uzay istasyonunda g\u00fcnl\u00fck ya\u015fam, tehlikeler&#8230; Uzayda ya\u015famaya ve hayatta kalmaya haz\u0131r olmak i\u00e7in olmazsa olmazlar hakk\u0131nda t\u00fcm kavram ve sorunlar\u0131 anlamak i\u00e7in gerekli bir kitap.<\/p>\n","protected":false},"excerpt":{"rendered":"<p>Astronotluk, insanl\u0131 u\u00e7u\u015flar, bir uzay istasyonunda g\u00fcnl\u00fck ya\u015fam, tehlikeler&#8230; Uzayda ya\u015famaya ve hayatta kalmaya haz\u0131r olmak i\u00e7in olmazsa olmazlar hakk\u0131nda t\u00fcm kavram ve sorunlar\u0131 anlamak i\u00e7in<span class=\"excerpt-hellip\"> [\u2026]<\/span><\/p>\n","protected":false},"featured_media":0,"template":"","meta":{"_monsterinsights_skip_tracking":false,"_monsterinsights_sitenote_active":false,"_monsterinsights_sitenote_note":"","_monsterinsights_sitenote_category":0},"product_brand":[],"product_cat":[13005,18664],"product_tag":[],"class_list":{"0":"post-748146","1":"product","2":"type-product","3":"status-publish","5":"product_cat-bilim-muhendislik","6":"product_cat-muhendislik","7":"pa_cilt-ciltli","8":"pa_tur-kitap","9":"pa_yayinevi-teleskop-populer-bilim","10":"pa_yazar-pierre-francois-mouriaux","12":"first","13":"instock","14":"sale","15":"shipping-taxable","16":"purchasable","17":"product-type-simple"},"_links":{"self":[{"href":"https:\/\/roveyayinevi.com.tr\/index.php\/wp-json\/wp\/v2\/product\/748146","targetHints":{"allow":["GET"]}}],"collection":[{"href":"https:\/\/roveyayinevi.com.tr\/index.php\/wp-json\/wp\/v2\/product"}],"about":[{"href":"https:\/\/roveyayinevi.com.tr\/index.php\/wp-json\/wp\/v2\/types\/product"}],"wp:attachment":[{"href":"https:\/\/roveyayinevi.com.tr\/index.php\/wp-json\/wp\/v2\/media?parent=748146"}],"wp:term":[{"taxonomy":"product_brand","embeddable":true,"href":"https:\/\/roveyayinevi.com.tr\/index.php\/wp-json\/wp\/v2\/product_brand?post=748146"},{"taxonomy":"product_cat","embeddable":true,"href":"https:\/\/roveyayinevi.com.tr\/index.php\/wp-json\/wp\/v2\/product_cat?post=748146"},{"taxonomy":"product_tag","embeddable":true,"href":"https:\/\/roveyayinevi.com.tr\/index.php\/wp-json\/wp\/v2\/product_tag?post=748146"}],"curies":[{"name":"wp","href":"https:\/\/api.w.org\/{rel}","templated":true}]}}