{"id":748145,"date":"2025-08-28T03:23:31","date_gmt":"2025-08-28T00:23:31","guid":{"rendered":"https:\/\/roveyayinevi.com.tr\/index.php\/urun\/super-gucler-gelecekte-insanlarin-super-gucleri-olacak-mi\/"},"modified":"2026-04-16T03:01:03","modified_gmt":"2026-04-16T00:01:03","slug":"super-gucler-gelecekte-insanlarin-super-gucleri-olacak-mi","status":"publish","type":"product","link":"https:\/\/roveyayinevi.com.tr\/index.php\/urun\/super-gucler-gelecekte-insanlarin-super-gucleri-olacak-mi\/","title":{"rendered":"S\u00fcper G\u00fc\u00e7ler Gelecekte \u0130nsanlar\u0131n S\u00fcper G\u00fc\u00e7leri Olacak m\u0131?"},"content":{"rendered":"<p>Biyonik protez, u\u00e7an araba, ekoloji \u015fehir, iklim de\u011fi\u015fikli\u011fi, robotizasyon, uzayda ve zamanda yolculuk&#8230; Bu kitap 2050\u2019den sonra gelece\u011fin bizim i\u00e7in neler haz\u0131rlad\u0131\u011f\u0131na ili\u015fkin t\u00fcm kavramlar\u0131 ve sorunlar\u0131 anlamak i\u00e7in gerekli bir kitap.<\/p>\n","protected":false},"excerpt":{"rendered":"<p>Biyonik protez, u\u00e7an araba, ekoloji \u015fehir, iklim de\u011fi\u015fikli\u011fi, robotizasyon, uzayda ve zamanda yolculuk&#8230; Bu kitap 2050\u2019den sonra gelece\u011fin bizim i\u00e7in neler haz\u0131rlad\u0131\u011f\u0131na ili\u015fkin t\u00fcm kavramlar\u0131 ve<span class=\"excerpt-hellip\"> [\u2026]<\/span><\/p>\n","protected":false},"featured_media":0,"template":"","meta":{"_monsterinsights_skip_tracking":false,"_monsterinsights_sitenote_active":false,"_monsterinsights_sitenote_note":"","_monsterinsights_sitenote_category":0},"product_brand":[],"product_cat":[13005,37328],"product_tag":[],"class_list":{"0":"post-748145","1":"product","2":"type-product","3":"status-publish","5":"product_cat-bilim-muhendislik","6":"product_cat-diger-bilim-muhendislik","7":"pa_cilt-ciltli","8":"pa_tur-kitap","9":"pa_yayinevi-teleskop-populer-bilim","10":"pa_yazar-bruno-goldman","12":"first","13":"instock","14":"sale","15":"shipping-taxable","16":"purchasable","17":"product-type-simple"},"_links":{"self":[{"href":"https:\/\/roveyayinevi.com.tr\/index.php\/wp-json\/wp\/v2\/product\/748145","targetHints":{"allow":["GET"]}}],"collection":[{"href":"https:\/\/roveyayinevi.com.tr\/index.php\/wp-json\/wp\/v2\/product"}],"about":[{"href":"https:\/\/roveyayinevi.com.tr\/index.php\/wp-json\/wp\/v2\/types\/product"}],"wp:attachment":[{"href":"https:\/\/roveyayinevi.com.tr\/index.php\/wp-json\/wp\/v2\/media?parent=748145"}],"wp:term":[{"taxonomy":"product_brand","embeddable":true,"href":"https:\/\/roveyayinevi.com.tr\/index.php\/wp-json\/wp\/v2\/product_brand?post=748145"},{"taxonomy":"product_cat","embeddable":true,"href":"https:\/\/roveyayinevi.com.tr\/index.php\/wp-json\/wp\/v2\/product_cat?post=748145"},{"taxonomy":"product_tag","embeddable":true,"href":"https:\/\/roveyayinevi.com.tr\/index.php\/wp-json\/wp\/v2\/product_tag?post=748145"}],"curies":[{"name":"wp","href":"https:\/\/api.w.org\/{rel}","templated":true}]}}