{"id":748142,"date":"2025-08-28T03:23:28","date_gmt":"2025-08-28T00:23:28","guid":{"rendered":"https:\/\/roveyayinevi.com.tr\/index.php\/urun\/bazi-ucaklar-havada-asili-kalabilir-bunu-bilmiyordum-hava-araclarina-dair-harika-bilgiler\/"},"modified":"2025-12-30T11:05:18","modified_gmt":"2025-12-30T08:05:18","slug":"bazi-ucaklar-havada-asili-kalabilir-bunu-bilmiyordum-hava-araclarina-dair-harika-bilgiler","status":"publish","type":"product","link":"https:\/\/roveyayinevi.com.tr\/index.php\/urun\/bazi-ucaklar-havada-asili-kalabilir-bunu-bilmiyordum-hava-araclarina-dair-harika-bilgiler\/","title":{"rendered":"Baz\u0131 U\u00e7aklar Havada As\u0131l\u0131 Kalabilir &#8211; Bunu Bilmiyordum &#8211; Hava Ara\u00e7lar\u0131na Dair Harika Bilgiler!"},"content":{"rendered":"<p>Bunu Bilmiyordum &#8211; Baz\u0131 U\u00e7aklar Havada As\u0131l\u0131 Kalabilir<\/p>\n","protected":false},"excerpt":{"rendered":"<p>Bunu Bilmiyordum &#8211; Baz\u0131 U\u00e7aklar Havada As\u0131l\u0131 Kalabilir<\/p>\n","protected":false},"featured_media":0,"template":"","meta":{"_monsterinsights_skip_tracking":false,"_monsterinsights_sitenote_active":false,"_monsterinsights_sitenote_note":"","_monsterinsights_sitenote_category":0},"product_brand":[],"product_cat":[13829,12274],"product_tag":[],"class_list":{"0":"post-748142","1":"product","2":"type-product","3":"status-publish","5":"product_cat-bilimsel-kitaplar","6":"product_cat-cocuk-ve-genclik-kitaplari","7":"pa_cilt-ciltsiz","8":"pa_tur-kitap","9":"pa_yayinevi-teleskop-populer-bilim","10":"pa_yazar-flowerpot-press","12":"first","13":"instock","14":"sale","15":"shipping-taxable","16":"purchasable","17":"product-type-simple"},"_links":{"self":[{"href":"https:\/\/roveyayinevi.com.tr\/index.php\/wp-json\/wp\/v2\/product\/748142","targetHints":{"allow":["GET"]}}],"collection":[{"href":"https:\/\/roveyayinevi.com.tr\/index.php\/wp-json\/wp\/v2\/product"}],"about":[{"href":"https:\/\/roveyayinevi.com.tr\/index.php\/wp-json\/wp\/v2\/types\/product"}],"wp:attachment":[{"href":"https:\/\/roveyayinevi.com.tr\/index.php\/wp-json\/wp\/v2\/media?parent=748142"}],"wp:term":[{"taxonomy":"product_brand","embeddable":true,"href":"https:\/\/roveyayinevi.com.tr\/index.php\/wp-json\/wp\/v2\/product_brand?post=748142"},{"taxonomy":"product_cat","embeddable":true,"href":"https:\/\/roveyayinevi.com.tr\/index.php\/wp-json\/wp\/v2\/product_cat?post=748142"},{"taxonomy":"product_tag","embeddable":true,"href":"https:\/\/roveyayinevi.com.tr\/index.php\/wp-json\/wp\/v2\/product_tag?post=748142"}],"curies":[{"name":"wp","href":"https:\/\/api.w.org\/{rel}","templated":true}]}}