{"id":748141,"date":"2025-08-28T03:23:26","date_gmt":"2025-08-28T00:23:26","guid":{"rendered":"https:\/\/roveyayinevi.com.tr\/index.php\/urun\/kopek-baliklarinin-disleri-dokulur-bunu-bilmiyordum-kopek-baliklarina-dair-harika-bilgiler\/"},"modified":"2026-04-16T03:01:03","modified_gmt":"2026-04-16T00:01:03","slug":"kopek-baliklarinin-disleri-dokulur-bunu-bilmiyordum-kopek-baliklarina-dair-harika-bilgiler","status":"publish","type":"product","link":"https:\/\/roveyayinevi.com.tr\/index.php\/urun\/kopek-baliklarinin-disleri-dokulur-bunu-bilmiyordum-kopek-baliklarina-dair-harika-bilgiler\/","title":{"rendered":"K\u00f6pek Bal\u0131klar\u0131n\u0131n Di\u015fleri D\u00f6k\u00fcl\u00fcr &#8211; Bunu Bilmiyordum &#8211; K\u00f6pek Bal\u0131klar\u0131na Dair Harika Bilgiler!"},"content":{"rendered":"<p>Bunu Bilmiyordum &#8211; K\u00f6pek Bal\u0131klar\u0131n\u0131n Di\u015fleri D\u00f6k\u00fcl\u00fcr<\/p>\n","protected":false},"excerpt":{"rendered":"<p>Bunu Bilmiyordum &#8211; K\u00f6pek Bal\u0131klar\u0131n\u0131n Di\u015fleri D\u00f6k\u00fcl\u00fcr<\/p>\n","protected":false},"featured_media":0,"template":"","meta":{"_monsterinsights_skip_tracking":false,"_monsterinsights_sitenote_active":false,"_monsterinsights_sitenote_note":"","_monsterinsights_sitenote_category":0},"product_brand":[],"product_cat":[13829,12274],"product_tag":[],"class_list":{"0":"post-748141","1":"product","2":"type-product","3":"status-publish","5":"product_cat-bilimsel-kitaplar","6":"product_cat-cocuk-ve-genclik-kitaplari","7":"pa_cilt-ciltsiz","8":"pa_tur-kitap","9":"pa_yayinevi-teleskop-populer-bilim","10":"pa_yazar-flowerpot-press","12":"first","13":"instock","14":"sale","15":"shipping-taxable","16":"purchasable","17":"product-type-simple"},"_links":{"self":[{"href":"https:\/\/roveyayinevi.com.tr\/index.php\/wp-json\/wp\/v2\/product\/748141","targetHints":{"allow":["GET"]}}],"collection":[{"href":"https:\/\/roveyayinevi.com.tr\/index.php\/wp-json\/wp\/v2\/product"}],"about":[{"href":"https:\/\/roveyayinevi.com.tr\/index.php\/wp-json\/wp\/v2\/types\/product"}],"wp:attachment":[{"href":"https:\/\/roveyayinevi.com.tr\/index.php\/wp-json\/wp\/v2\/media?parent=748141"}],"wp:term":[{"taxonomy":"product_brand","embeddable":true,"href":"https:\/\/roveyayinevi.com.tr\/index.php\/wp-json\/wp\/v2\/product_brand?post=748141"},{"taxonomy":"product_cat","embeddable":true,"href":"https:\/\/roveyayinevi.com.tr\/index.php\/wp-json\/wp\/v2\/product_cat?post=748141"},{"taxonomy":"product_tag","embeddable":true,"href":"https:\/\/roveyayinevi.com.tr\/index.php\/wp-json\/wp\/v2\/product_tag?post=748141"}],"curies":[{"name":"wp","href":"https:\/\/api.w.org\/{rel}","templated":true}]}}