{"id":748134,"date":"2025-08-28T03:23:17","date_gmt":"2025-08-28T00:23:17","guid":{"rendered":"https:\/\/roveyayinevi.com.tr\/index.php\/urun\/bunlari-taniyorum-dinozorlar-ciltli\/"},"modified":"2026-04-16T03:01:02","modified_gmt":"2026-04-16T00:01:02","slug":"bunlari-taniyorum-dinozorlar-ciltli","status":"publish","type":"product","link":"https:\/\/roveyayinevi.com.tr\/index.php\/urun\/bunlari-taniyorum-dinozorlar-ciltli\/","title":{"rendered":"Bunlar\u0131 Tan\u0131yorum! &#8211; Dinozorlar (Ciltli)"},"content":{"rendered":"<p>Bir zamanlar d\u00fcnyaya h\u00fckmeden dinozorlar\u0131n g\u00fcn \u0131\u015f\u0131\u011f\u0131na \u00e7\u0131kmam\u0131\u015f gizemlerini ke\u015ffedin!Soyu t\u00fckenmi\u015f bu canavarlar\u0131n ger\u00e7ekmi\u015f gibi g\u00f6r\u00fcnen \u00e7izimleri, gen\u00e7 okuyucular\u0131m\u0131z\u0131 dinozorlar \u00e7a\u011f\u0131na g\u00f6t\u00fcrecek ve dinozorlar\u0131n ya\u015famlar\u0131na dair son yap\u0131lan ke\u015fifler e\u015fli\u011finde bir gezintiye \u00e7\u0131karacak. Ger\u00e7ek fosiller, bilgilendirici metinler ve grafikler bu tarih\u00ee yarat\u0131klar\u0131n d\u00fcnyas\u0131n\u0131 yeniden canland\u0131r\u0131rken siz de ger\u00e7ek bir paleontolog gibi dinozorlar\u0131 g\u00fcn y\u00fcz\u00fcne \u00e7\u0131kart\u0131n.<\/p>\n","protected":false},"excerpt":{"rendered":"<p>Bir zamanlar d\u00fcnyaya h\u00fckmeden dinozorlar\u0131n g\u00fcn \u0131\u015f\u0131\u011f\u0131na \u00e7\u0131kmam\u0131\u015f gizemlerini ke\u015ffedin!Soyu t\u00fckenmi\u015f bu canavarlar\u0131n ger\u00e7ekmi\u015f gibi g\u00f6r\u00fcnen \u00e7izimleri, gen\u00e7 okuyucular\u0131m\u0131z\u0131 dinozorlar \u00e7a\u011f\u0131na g\u00f6t\u00fcrecek ve dinozorlar\u0131n ya\u015famlar\u0131na dair<span class=\"excerpt-hellip\"> [\u2026]<\/span><\/p>\n","protected":false},"featured_media":0,"template":"","meta":{"_monsterinsights_skip_tracking":false,"_monsterinsights_sitenote_active":false,"_monsterinsights_sitenote_note":"","_monsterinsights_sitenote_category":0},"product_brand":[],"product_cat":[13829,12274],"product_tag":[],"class_list":{"0":"post-748134","1":"product","2":"type-product","3":"status-publish","5":"product_cat-bilimsel-kitaplar","6":"product_cat-cocuk-ve-genclik-kitaplari","7":"pa_cilt-ciltli","8":"pa_tur-kitap","9":"pa_yayinevi-teleskop-populer-bilim","10":"pa_yazar-jon-richards","12":"first","13":"instock","14":"sale","15":"shipping-taxable","16":"purchasable","17":"product-type-simple"},"_links":{"self":[{"href":"https:\/\/roveyayinevi.com.tr\/index.php\/wp-json\/wp\/v2\/product\/748134","targetHints":{"allow":["GET"]}}],"collection":[{"href":"https:\/\/roveyayinevi.com.tr\/index.php\/wp-json\/wp\/v2\/product"}],"about":[{"href":"https:\/\/roveyayinevi.com.tr\/index.php\/wp-json\/wp\/v2\/types\/product"}],"wp:attachment":[{"href":"https:\/\/roveyayinevi.com.tr\/index.php\/wp-json\/wp\/v2\/media?parent=748134"}],"wp:term":[{"taxonomy":"product_brand","embeddable":true,"href":"https:\/\/roveyayinevi.com.tr\/index.php\/wp-json\/wp\/v2\/product_brand?post=748134"},{"taxonomy":"product_cat","embeddable":true,"href":"https:\/\/roveyayinevi.com.tr\/index.php\/wp-json\/wp\/v2\/product_cat?post=748134"},{"taxonomy":"product_tag","embeddable":true,"href":"https:\/\/roveyayinevi.com.tr\/index.php\/wp-json\/wp\/v2\/product_tag?post=748134"}],"curies":[{"name":"wp","href":"https:\/\/api.w.org\/{rel}","templated":true}]}}