{"id":748133,"date":"2025-08-28T03:23:15","date_gmt":"2025-08-28T00:23:15","guid":{"rendered":"https:\/\/roveyayinevi.com.tr\/index.php\/urun\/bunlari-taniyorum-olaganustu-insan-vucudu-ciltli\/"},"modified":"2026-04-16T03:01:02","modified_gmt":"2026-04-16T00:01:02","slug":"bunlari-taniyorum-olaganustu-insan-vucudu-ciltli","status":"publish","type":"product","link":"https:\/\/roveyayinevi.com.tr\/index.php\/urun\/bunlari-taniyorum-olaganustu-insan-vucudu-ciltli\/","title":{"rendered":"Bunlar\u0131 Tan\u0131yorum! &#8211; Ola\u011fan\u00fcst\u00fc \u0130nsan V\u00fccudu (Ciltli)"},"content":{"rendered":"<p>D\u00fcnya \u00fczerindeki en etkileyici konulardan birini ke\u015ffedin: Kendinizi!Gen\u00e7 okuyucular\u0131m\u0131z insan bedenine dair \u00f6\u011fretici resimler ve g\u00fcncel bilgilerle dolu bu kitap sayesinde en k\u00fc\u00e7\u00fck birim olan h\u00fccrelerden en karma\u015f\u0131k organ olan beyne kadar kendi v\u00fccudunun nas\u0131l \u00e7al\u0131\u015ft\u0131\u011f\u0131n\u0131 \u00f6\u011frenecek. B\u00fct\u00fcnc\u00fcl \u00f6\u011frenme yakla\u015f\u0131m\u0131na g\u00f6re haz\u0131rlanan bu kitap; bilimsel geli\u015fmeleri ve v\u00fccudun nas\u0131l \u00e7al\u0131\u015ft\u0131\u011f\u0131na dair d\u00fcnyan\u0131n \u00e7e\u015fitli yerlerindeki farkl\u0131 inan\u0131\u015flar ve uygulamalar\u0131 ele alarak insanl\u0131\u011f\u0131n insan v\u00fccudunu ke\u015ffinin tarihini \u00f6\u011fretecek.<\/p>\n","protected":false},"excerpt":{"rendered":"<p>D\u00fcnya \u00fczerindeki en etkileyici konulardan birini ke\u015ffedin: Kendinizi!Gen\u00e7 okuyucular\u0131m\u0131z insan bedenine dair \u00f6\u011fretici resimler ve g\u00fcncel bilgilerle dolu bu kitap sayesinde en k\u00fc\u00e7\u00fck birim olan h\u00fccrelerden<span class=\"excerpt-hellip\"> [\u2026]<\/span><\/p>\n","protected":false},"featured_media":0,"template":"","meta":{"_monsterinsights_skip_tracking":false,"_monsterinsights_sitenote_active":false,"_monsterinsights_sitenote_note":"","_monsterinsights_sitenote_category":0},"product_brand":[],"product_cat":[13829,12274],"product_tag":[],"class_list":{"0":"post-748133","1":"product","2":"type-product","3":"status-publish","5":"product_cat-bilimsel-kitaplar","6":"product_cat-cocuk-ve-genclik-kitaplari","7":"pa_cilt-ciltli","8":"pa_tur-kitap","9":"pa_yayinevi-teleskop-populer-bilim","10":"pa_yazar-jen-green","12":"first","13":"instock","14":"sale","15":"shipping-taxable","16":"purchasable","17":"product-type-simple"},"_links":{"self":[{"href":"https:\/\/roveyayinevi.com.tr\/index.php\/wp-json\/wp\/v2\/product\/748133","targetHints":{"allow":["GET"]}}],"collection":[{"href":"https:\/\/roveyayinevi.com.tr\/index.php\/wp-json\/wp\/v2\/product"}],"about":[{"href":"https:\/\/roveyayinevi.com.tr\/index.php\/wp-json\/wp\/v2\/types\/product"}],"wp:attachment":[{"href":"https:\/\/roveyayinevi.com.tr\/index.php\/wp-json\/wp\/v2\/media?parent=748133"}],"wp:term":[{"taxonomy":"product_brand","embeddable":true,"href":"https:\/\/roveyayinevi.com.tr\/index.php\/wp-json\/wp\/v2\/product_brand?post=748133"},{"taxonomy":"product_cat","embeddable":true,"href":"https:\/\/roveyayinevi.com.tr\/index.php\/wp-json\/wp\/v2\/product_cat?post=748133"},{"taxonomy":"product_tag","embeddable":true,"href":"https:\/\/roveyayinevi.com.tr\/index.php\/wp-json\/wp\/v2\/product_tag?post=748133"}],"curies":[{"name":"wp","href":"https:\/\/api.w.org\/{rel}","templated":true}]}}