{"id":748132,"date":"2025-08-28T03:23:14","date_gmt":"2025-08-28T00:23:14","guid":{"rendered":"https:\/\/roveyayinevi.com.tr\/index.php\/urun\/bunlari-taniyorum-kopek-baliklari-ciltli\/"},"modified":"2026-04-16T03:01:02","modified_gmt":"2026-04-16T00:01:02","slug":"bunlari-taniyorum-kopek-baliklari-ciltli","status":"publish","type":"product","link":"https:\/\/roveyayinevi.com.tr\/index.php\/urun\/bunlari-taniyorum-kopek-baliklari-ciltli\/","title":{"rendered":"Bunlar\u0131 Tan\u0131yorum! &#8211; K\u00f6pek Bal\u0131klar\u0131 (Ciltli)"},"content":{"rendered":"<p>Okyanusun en b\u00fcy\u00fcleyici canl\u0131lar\u0131n\u0131 ke\u015ffe dal\u0131n: K\u00f6pek bal\u0131klar\u0131n\u0131! \u00d6\u011frenciler \u00e7\u0131kt\u0131klar\u0131 bu ke\u015fif yolculu\u011funda k\u00f6pek bal\u0131klar\u0131n\u0131n ya\u015fam\u0131n\u0131, neyle beslendiklerini, hangi k\u00f6pek bal\u0131klar\u0131n\u0131n karanl\u0131kta parlad\u0131\u011f\u0131n\u0131 ve \u00e7ok daha fazlas\u0131n\u0131 bulacak. Soru cevap b\u00f6l\u00fcmleri, reng\u00e2renk ill\u00fcstrasyonlar, e\u011flenceli bilgiler ve projelerle dolu bu kitapla k\u00f6pek bal\u0131klar\u0131n\u0131 ke\u015ffe \u00e7\u0131kan gen\u00e7 okuyucular\u0131m\u0131z, bu e\u011fitici kitaba da i\u00e7indeki aktivitelere de bay\u0131lacak.<\/p>\n","protected":false},"excerpt":{"rendered":"<p>Okyanusun en b\u00fcy\u00fcleyici canl\u0131lar\u0131n\u0131 ke\u015ffe dal\u0131n: K\u00f6pek bal\u0131klar\u0131n\u0131! \u00d6\u011frenciler \u00e7\u0131kt\u0131klar\u0131 bu ke\u015fif yolculu\u011funda k\u00f6pek bal\u0131klar\u0131n\u0131n ya\u015fam\u0131n\u0131, neyle beslendiklerini, hangi k\u00f6pek bal\u0131klar\u0131n\u0131n karanl\u0131kta parlad\u0131\u011f\u0131n\u0131 ve \u00e7ok daha<span class=\"excerpt-hellip\"> [\u2026]<\/span><\/p>\n","protected":false},"featured_media":0,"template":"","meta":{"_monsterinsights_skip_tracking":false,"_monsterinsights_sitenote_active":false,"_monsterinsights_sitenote_note":"","_monsterinsights_sitenote_category":0},"product_brand":[],"product_cat":[13829,12274],"product_tag":[],"class_list":{"0":"post-748132","1":"product","2":"type-product","3":"status-publish","5":"product_cat-bilimsel-kitaplar","6":"product_cat-cocuk-ve-genclik-kitaplari","7":"pa_cilt-ciltli","8":"pa_tur-kitap","9":"pa_yayinevi-teleskop-populer-bilim","10":"pa_yazar-jane-walker","12":"first","13":"instock","14":"sale","15":"shipping-taxable","16":"purchasable","17":"product-type-simple"},"_links":{"self":[{"href":"https:\/\/roveyayinevi.com.tr\/index.php\/wp-json\/wp\/v2\/product\/748132","targetHints":{"allow":["GET"]}}],"collection":[{"href":"https:\/\/roveyayinevi.com.tr\/index.php\/wp-json\/wp\/v2\/product"}],"about":[{"href":"https:\/\/roveyayinevi.com.tr\/index.php\/wp-json\/wp\/v2\/types\/product"}],"wp:attachment":[{"href":"https:\/\/roveyayinevi.com.tr\/index.php\/wp-json\/wp\/v2\/media?parent=748132"}],"wp:term":[{"taxonomy":"product_brand","embeddable":true,"href":"https:\/\/roveyayinevi.com.tr\/index.php\/wp-json\/wp\/v2\/product_brand?post=748132"},{"taxonomy":"product_cat","embeddable":true,"href":"https:\/\/roveyayinevi.com.tr\/index.php\/wp-json\/wp\/v2\/product_cat?post=748132"},{"taxonomy":"product_tag","embeddable":true,"href":"https:\/\/roveyayinevi.com.tr\/index.php\/wp-json\/wp\/v2\/product_tag?post=748132"}],"curies":[{"name":"wp","href":"https:\/\/api.w.org\/{rel}","templated":true}]}}